{"id":15575,"date":"2023-12-20T17:30:21","date_gmt":"2023-12-20T16:30:21","guid":{"rendered":"https:\/\/veganova.eu\/?post_type=product&#038;p=15575"},"modified":"2026-04-21T07:25:44","modified_gmt":"2026-04-21T05:25:44","slug":"betteryou-magnesium-sleep-kids-bath-flakes-750g","status":"publish","type":"product","link":"https:\/\/veganova.eu\/de\/shop\/betteryou-magnesium-sleep-kids-bath-flakes-750g\/","title":{"rendered":"BetterYou Magnesium Schlaf Kinder Badeflocken - 750g"},"content":{"rendered":"<h3>BetterYou Magnesium Schlaf Kinder Badeflocken<\/h3>\n<p>Magnesium Sleep Kids Bath Flakes sind eine wunderbare Mischung aus Magnesiumchlorid, Lavendel und Knallbonbons, die das Baden f\u00fcr kleine Schl\u00e4fer besonders angenehm machen.<\/p>\n<p>Speziell ausgew\u00e4hlte Inhaltsstoffe haben eine beruhigende Wirkung auf den K\u00f6rper und helfen Ihrem Kind, in einen tieferen und nachhaltigeren Schlaf zu fallen, so dass es erfrischt aufwachen kann.<\/p>\n<p>Ein magnesiumhaltiges Bad vor dem Schlafengehen tr\u00e4gt zur Entspannung bei und beruhigt m\u00fcde und schmerzende Muskeln.<\/p>","protected":false},"excerpt":{"rendered":"<p>100% nat\u00fcrliche Magnesiumchlorid-Flocken f\u00fcr das abendliche Bad f\u00fcr Kinder BetterYou Magnesium Sleep Kids Bath Flakes ohne Palm\u00f6l-Derivate, in einer vollst\u00e4ndig \u00f6kologisch recycelbaren umweltfreundlichen Verpackung. Magnesium-Flocken enthalten nat\u00fcrliches Magnesium in hoher Konzentration, ideal bei Einschlafproblemen. Inhalt der Packung: 750g.<\/p>","protected":false},"featured_media":51237,"comment_status":"closed","ping_status":"closed","template":"","meta":{"advanced_seo_description":"","jetpack_seo_html_title":"","jetpack_seo_noindex":false},"pwb-brand":[142],"product_brand":[4563],"product_cat":[684,336,689],"product_tag":[],"class_list":{"0":"post-15575","1":"product","2":"type-product","3":"status-publish","4":"has-post-thumbnail","6":"pwb-brand-betteryou","7":"product_brand-betteryou","8":"product_cat-clean-beauty","9":"product_cat-for-kids","10":"product_cat-natural-cosmetics","11":"brand_woo-betteryou","13":"first","14":"instock","15":"taxable","16":"shipping-taxable","17":"purchasable","18":"product-type-simple"},"jetpack_sharing_enabled":true,"brands":[{"id":142,"name":"BetterYou","slug":"betteryou"}],"_links":{"self":[{"href":"https:\/\/veganova.eu\/de\/wp-json\/wp\/v2\/product\/15575","targetHints":{"allow":["GET"]}}],"collection":[{"href":"https:\/\/veganova.eu\/de\/wp-json\/wp\/v2\/product"}],"about":[{"href":"https:\/\/veganova.eu\/de\/wp-json\/wp\/v2\/types\/product"}],"replies":[{"embeddable":true,"href":"https:\/\/veganova.eu\/de\/wp-json\/wp\/v2\/comments?post=15575"}],"version-history":[{"count":1,"href":"https:\/\/veganova.eu\/de\/wp-json\/wp\/v2\/product\/15575\/revisions"}],"predecessor-version":[{"id":59115,"href":"https:\/\/veganova.eu\/de\/wp-json\/wp\/v2\/product\/15575\/revisions\/59115"}],"wp:featuredmedia":[{"embeddable":true,"href":"https:\/\/veganova.eu\/de\/wp-json\/wp\/v2\/media\/51237"}],"wp:attachment":[{"href":"https:\/\/veganova.eu\/de\/wp-json\/wp\/v2\/media?parent=15575"}],"wp:term":[{"taxonomy":"pwb-brand","embeddable":true,"href":"https:\/\/veganova.eu\/de\/wp-json\/wp\/v2\/pwb-brand?post=15575"},{"taxonomy":"product_brand","embeddable":true,"href":"https:\/\/veganova.eu\/de\/wp-json\/wp\/v2\/product_brand?post=15575"},{"taxonomy":"product_cat","embeddable":true,"href":"https:\/\/veganova.eu\/de\/wp-json\/wp\/v2\/product_cat?post=15575"},{"taxonomy":"product_tag","embeddable":true,"href":"https:\/\/veganova.eu\/de\/wp-json\/wp\/v2\/product_tag?post=15575"}],"curies":[{"name":"wp","href":"https:\/\/api.w.org\/{rel}","templated":true}]}}