{"id":15707,"date":"2023-12-20T17:32:56","date_gmt":"2023-12-20T16:32:56","guid":{"rendered":"https:\/\/veganova.eu\/?post_type=product&#038;p=15707"},"modified":"2026-04-21T07:25:48","modified_gmt":"2026-04-21T05:25:48","slug":"holland-barrett-vitamin-c-hyaluronic-acid-serum-30ml","status":"publish","type":"product","link":"https:\/\/veganova.eu\/de\/shop\/holland-barrett-vitamin-c-hyaluronic-acid-serum-30ml\/","title":{"rendered":"Holland &amp; Barrett Vitamin C + Hyalurons\u00e4ure Serum - 30ml"},"content":{"rendered":"<h3 class=\"Overview-module_title__2E6-J\">Holland &amp; Barrett Vitamin C + Hyaluronic Acid Serum 30ml<\/h3>\n<ul>\n<li><span class=\"HwtZe\" lang=\"en\"><span class=\"jCAhz ChMk0b\"><span class=\"ryNqvb\"> Brighten<\/span><\/span> <\/span><\/li>\n<li><span class=\"HwtZe\" lang=\"en\"><span class=\"jCAhz ChMk0b\"><span class=\"ryNqvb\">Restore<\/span><\/span> <\/span><\/li>\n<li><span class=\"HwtZe\" lang=\"en\"><span class=\"jCAhz ChMk0b\"><span class=\"ryNqvb\">Hydrate <\/span><\/span><\/span><\/li>\n<\/ul>\n<p><span class=\"HwtZe\" lang=\"en\">S<span class=\"jCAhz ChMk0b\"><span class=\"ryNqvb\">Holland and Barrett Vitamin C Hyaluronic Acid Serum is packed with ingredients known to help improve the appearance of fine lines and wrinkles.<\/span><\/span> <\/span><\/p>\n<p><span class=\"HwtZe\" lang=\"en\"><span class=\"jCAhz ChMk0b\"><span class=\"ryNqvb\">Vitamin C is an antioxidant known to help stimulate collagen production and hyaluronic acid forms a protective layer on the surface of the skin and leaves it soft, firm and hydrated.<\/span><\/span> <\/span><\/p>\n<ul>\n<li><span class=\"HwtZe\" lang=\"sk\"><span class=\"jCAhz ChMk0b\"><span class=\"ryNqvb\">This combination also helps to leave skin looking radiant and youthful<\/span><\/span> <\/span><\/li>\n<li><span class=\"HwtZe\" lang=\"sk\"><span class=\"jCAhz ChMk0b\"><span class=\"ryNqvb\">Suitable for normal to combination skin <\/span><\/span><\/span><\/li>\n<li><span class=\"HwtZe\" lang=\"en\"><span class=\"jCAhz ChMk0b\"><span class=\"ryNqvb\">Geeignet f\u00fcr Vegetarier und Veganer<\/span><\/span><\/span><\/li>\n<\/ul>\n<p><span class=\"HwtZe\" lang=\"en\"><span class=\"jCAhz ChMk0b\"><span class=\"ryNqvb\"><strong> Wegbeschreibung:<\/strong> Use twice daily after cleansing.<\/span> <span class=\"jCAhz ChMk0b\"><span class=\"ryNqvb\">Gently spread a small amount on the face and neck.<\/span><\/span> <span class=\"jCAhz ChMk0b\"> <span class=\"ryNqvb\">Best results when used in combination with Holland and Barrett Multivitamin Micellar Water, Ultra Hydrating Day Cream with Vitamin E and Nourishing Night Cream with Vitamin F.<\/span><\/span><\/span><\/span><\/p>","protected":false},"excerpt":{"rendered":"<p>Hautserum Holland &amp; Barrett Vitamin C + Hyalurons\u00e4ure Serum enth\u00e4lt Vitamin C und Hyalurons\u00e4ure, um die Haut aufzuhellen, Falten und Pigmentunregelm\u00e4\u00dfigkeiten zu mildern und der Haut Feuchtigkeit zuzuf\u00fchren. Veganerfreundlich, frei von Grausamkeiten, 99% nat\u00fcrliche Inhaltsstoffe. Inhalt der Packung: 30ml.<\/p>","protected":false},"featured_media":51761,"comment_status":"closed","ping_status":"closed","template":"","meta":{"advanced_seo_description":"","jetpack_seo_html_title":"","jetpack_seo_noindex":false},"pwb-brand":[1087],"product_brand":[4936],"product_cat":[684,689],"product_tag":[1052,1132,1118,1133],"class_list":{"0":"post-15707","1":"product","2":"type-product","3":"status-publish","4":"has-post-thumbnail","6":"pwb-brand-holland-barrett","7":"product_brand-holland-barrett","8":"product_cat-clean-beauty","9":"product_cat-natural-cosmetics","10":"product_tag-pigment-spots","11":"product_tag-skin-brightening","12":"product_tag-skin-hydration","13":"product_tag-wrinkles","14":"brand_woo-holland-barrett","16":"first","17":"instock","18":"taxable","19":"shipping-taxable","20":"purchasable","21":"product-type-simple"},"jetpack_sharing_enabled":true,"brands":[{"id":1087,"name":"Holland &amp; Barrett","slug":"holland-barrett"}],"_links":{"self":[{"href":"https:\/\/veganova.eu\/de\/wp-json\/wp\/v2\/product\/15707","targetHints":{"allow":["GET"]}}],"collection":[{"href":"https:\/\/veganova.eu\/de\/wp-json\/wp\/v2\/product"}],"about":[{"href":"https:\/\/veganova.eu\/de\/wp-json\/wp\/v2\/types\/product"}],"replies":[{"embeddable":true,"href":"https:\/\/veganova.eu\/de\/wp-json\/wp\/v2\/comments?post=15707"}],"version-history":[{"count":1,"href":"https:\/\/veganova.eu\/de\/wp-json\/wp\/v2\/product\/15707\/revisions"}],"predecessor-version":[{"id":59167,"href":"https:\/\/veganova.eu\/de\/wp-json\/wp\/v2\/product\/15707\/revisions\/59167"}],"wp:featuredmedia":[{"embeddable":true,"href":"https:\/\/veganova.eu\/de\/wp-json\/wp\/v2\/media\/51761"}],"wp:attachment":[{"href":"https:\/\/veganova.eu\/de\/wp-json\/wp\/v2\/media?parent=15707"}],"wp:term":[{"taxonomy":"pwb-brand","embeddable":true,"href":"https:\/\/veganova.eu\/de\/wp-json\/wp\/v2\/pwb-brand?post=15707"},{"taxonomy":"product_brand","embeddable":true,"href":"https:\/\/veganova.eu\/de\/wp-json\/wp\/v2\/product_brand?post=15707"},{"taxonomy":"product_cat","embeddable":true,"href":"https:\/\/veganova.eu\/de\/wp-json\/wp\/v2\/product_cat?post=15707"},{"taxonomy":"product_tag","embeddable":true,"href":"https:\/\/veganova.eu\/de\/wp-json\/wp\/v2\/product_tag?post=15707"}],"curies":[{"name":"wp","href":"https:\/\/api.w.org\/{rel}","templated":true}]}}