{"id":2745,"date":"2023-10-01T17:01:17","date_gmt":"2023-10-01T15:01:17","guid":{"rendered":"https:\/\/veganova.eu\/?post_type=product&#038;p=2745"},"modified":"2026-04-27T02:22:31","modified_gmt":"2026-04-27T00:22:31","slug":"doctors-best-fully-active-b-complex-with-quatrefolic-30-kaps","status":"publish","type":"product","link":"https:\/\/veganova.eu\/de\/shop\/doctors-best-fully-active-b-complex-with-quatrefolic-30-kaps\/","title":{"rendered":"Doctor's Best Fully Active B-Complex mit Quatrefolic (30 Kapseln)"},"content":{"rendered":"<h3>Doctor's Best Vollaktiver B-Komplex mit Quatrefolic<\/h3>\n<ul>\n<li>Der Doctor's Best Fully Active B Complex liefert Energie und hilft bei der Stressbew\u00e4ltigung.<\/li>\n<li>B-Vitamine sind notwendig f\u00fcr die Energiegewinnung aus der Nahrung und f\u00fcr die Bildung und Erhaltung einer gesunden DNA, von Genen, Zellen, Geweben, Organen und Enzymfunktionen.<\/li>\n<li>B-Vitamine sind die Grundlage des Lebens; der Mensch kann sie nicht selbst herstellen und muss sie daher \u00fcber die Nahrung aufnehmen.<\/li>\n<li>Doctor's Best Fully Active B Complex liefert nur die am besten verwertbaren Formen von Vitamin B. Dazu geh\u00f6ren voll aktives Folat, das aktivste Folat im K\u00f6rper, und MTHF (Methyl-Tetra-Hydro-Folat). Er enth\u00e4lt voll aktives Vitamin B12 in Form von Methylcobalamin (Methyl-B12), das zu einer hervorragenden oralen Aufnahme beitr\u00e4gt.<\/li>\n<li>Best Fully Active B Complex ist ein Vitamin-B-Komplex, der das gesamte Spektrum abdeckt und sorgf\u00e4ltig f\u00fcr eine optimale Aufnahme und Verwertung entwickelt wurde.<\/li>\n<li>Diese Formulierung liefert B-Vitamine in ihrer sichersten, am besten vertr\u00e4glichen und biochemisch aktivsten Form.<\/li>\n<\/ul>","protected":false},"excerpt":{"rendered":"<p>Das vegane Nahrungserg\u00e4nzungsmittel Doctor's Best Fully Active B-Complex mit Quatrefolic enth\u00e4lt einen Komplex von Vitaminen der Gruppe B in ihrer aktivsten Form. Es enth\u00e4lt kein Gluten und ist frei von GVO. Die Packung enth\u00e4lt: 30 Kapseln.<\/p>","protected":false},"featured_media":51677,"comment_status":"closed","ping_status":"closed","template":"","meta":{"advanced_seo_description":"","jetpack_seo_html_title":"","jetpack_seo_noindex":false},"pwb-brand":[147],"product_brand":[4565],"product_cat":[153,152],"product_tag":[860,1094,1150],"class_list":{"0":"post-2745","1":"product","2":"type-product","3":"status-publish","4":"has-post-thumbnail","6":"pwb-brand-doctors-best","7":"product_brand-doctors-best","8":"product_cat-vitamins","9":"product_cat-vitamins-and-minerals","10":"product_tag-energy","11":"product_tag-metabolism","12":"product_tag-nervous-system","13":"brand_woo-doctors-best","15":"first","16":"instock","17":"taxable","18":"shipping-taxable","19":"purchasable","20":"product-type-simple"},"jetpack_sharing_enabled":true,"brands":[{"id":147,"name":"Doctor's Best","slug":"doctors-best"}],"_links":{"self":[{"href":"https:\/\/veganova.eu\/de\/wp-json\/wp\/v2\/product\/2745","targetHints":{"allow":["GET"]}}],"collection":[{"href":"https:\/\/veganova.eu\/de\/wp-json\/wp\/v2\/product"}],"about":[{"href":"https:\/\/veganova.eu\/de\/wp-json\/wp\/v2\/types\/product"}],"replies":[{"embeddable":true,"href":"https:\/\/veganova.eu\/de\/wp-json\/wp\/v2\/comments?post=2745"}],"version-history":[{"count":1,"href":"https:\/\/veganova.eu\/de\/wp-json\/wp\/v2\/product\/2745\/revisions"}],"predecessor-version":[{"id":57309,"href":"https:\/\/veganova.eu\/de\/wp-json\/wp\/v2\/product\/2745\/revisions\/57309"}],"wp:featuredmedia":[{"embeddable":true,"href":"https:\/\/veganova.eu\/de\/wp-json\/wp\/v2\/media\/51677"}],"wp:attachment":[{"href":"https:\/\/veganova.eu\/de\/wp-json\/wp\/v2\/media?parent=2745"}],"wp:term":[{"taxonomy":"pwb-brand","embeddable":true,"href":"https:\/\/veganova.eu\/de\/wp-json\/wp\/v2\/pwb-brand?post=2745"},{"taxonomy":"product_brand","embeddable":true,"href":"https:\/\/veganova.eu\/de\/wp-json\/wp\/v2\/product_brand?post=2745"},{"taxonomy":"product_cat","embeddable":true,"href":"https:\/\/veganova.eu\/de\/wp-json\/wp\/v2\/product_cat?post=2745"},{"taxonomy":"product_tag","embeddable":true,"href":"https:\/\/veganova.eu\/de\/wp-json\/wp\/v2\/product_tag?post=2745"}],"curies":[{"name":"wp","href":"https:\/\/api.w.org\/{rel}","templated":true}]}}