{"id":2816,"date":"2023-10-01T17:01:47","date_gmt":"2023-10-01T15:01:47","guid":{"rendered":"https:\/\/veganova.eu\/?post_type=product&#038;p=2816"},"modified":"2026-04-21T07:23:28","modified_gmt":"2026-04-21T05:23:28","slug":"applied-nutrition-endurance-breathe-blackcurrant-1500g","status":"publish","type":"product","link":"https:\/\/veganova.eu\/de\/shop\/applied-nutrition-endurance-breathe-blackcurrant-1500g\/","title":{"rendered":"Applied Nutrition Ausdaueratem, Schwarze Johannisbeere (1500g)"},"content":{"rendered":"<h3>Applied Nutrition Ausdaueratem, Schwarze Johannisbeere (1500g)<\/h3>\n<p>Ausdauer-Geschwindigkeit-Kraftstoff-Atmung<br \/>\nKohlenhydrat- und Elektrolyt-Energiepulver mit Breathe Easy 1,5 kg<br \/>\n30 Portionen | 48g Kohlenhydrate | 300mg Elektrolyte | Breathe Easy<\/p>\n<p>Endurance Velocity-Fuel Breathe wurde als leicht verdauliche und schnelle Energiequelle entwickelt und liefert 48 g schnell absorbierbare Kohlenhydrate und 300 mg Elektrolyte pro Portion mit dem Zusatz der einzigartigen Breathe Easy-Formel von Applied Nutrition, die bei Anwendern beliebt ist, die die Sauerstoffaufnahme w\u00e4hrend des Trainings erh\u00f6hen wollen.<\/p>\n<p>Endurance Velocity-Fuel Breathe kann je nach Bedarf in verschiedenen Konzentrationen gemischt und als Teil eines Kohlenhydrat-Ladeplans in den Tagen und Stunden vor und w\u00e4hrend des Trainings oder Wettkampfs eingenommen werden.<\/p>\n<p>SCHL\u00dcSSELVORTEILE<\/p>\n<p>Informed-Sport-Charge f\u00fcr Athleten getestet<br \/>\n\u00d6ffnen Sie Ihre Atemwege mit Breathe Easy, das f\u00fcr ein frisches und k\u00fchlendes Erlebnis sorgt<br \/>\nKraftstoff f\u00fcr das Training &amp; perfekt f\u00fcr Kohlenhydrat-Ladepl\u00e4ne<br \/>\nPerfekt f\u00fcr Radfahrer, L\u00e4ufer und alle Ausdauertrainings<br \/>\nSchnell aufnehmbare hochl\u00f6sliche Kohlenhydrate<br \/>\nGeeignet f\u00fcr Veganer, Vegetarier, nicht GMO und glutenfrei<br \/>\nHalal-zertifiziertes Produkt<\/p>","protected":false},"excerpt":{"rendered":"<p>Applied Nutrition Endurance Breathe, flavor: Blackcurrant, package contains: 1500g<\/p>","protected":false},"featured_media":53276,"comment_status":"closed","ping_status":"closed","template":"","meta":{"advanced_seo_description":"","jetpack_seo_html_title":"","jetpack_seo_noindex":false},"pwb-brand":[202],"product_brand":[4592],"product_cat":[225,132],"product_tag":[1192,1193,860,1182,1181,1183],"class_list":{"0":"post-2816","1":"product","2":"type-product","3":"status-publish","4":"has-post-thumbnail","6":"pwb-brand-applied-nutrition","7":"product_brand-applied-nutrition","8":"product_cat-carbohydrates","9":"product_cat-sports-nutrition","10":"product_tag-breathing","11":"product_tag-endurance-sports","12":"product_tag-energy","13":"product_tag-hydration","14":"product_tag-performance","15":"product_tag-sports-drink","16":"brand_woo-applied-nutrition","18":"first","19":"instock","20":"sale","21":"taxable","22":"shipping-taxable","23":"purchasable","24":"product-type-simple"},"jetpack_sharing_enabled":true,"brands":[{"id":202,"name":"Angewandte Ern\u00e4hrung","slug":"applied-nutrition"}],"_links":{"self":[{"href":"https:\/\/veganova.eu\/de\/wp-json\/wp\/v2\/product\/2816","targetHints":{"allow":["GET"]}}],"collection":[{"href":"https:\/\/veganova.eu\/de\/wp-json\/wp\/v2\/product"}],"about":[{"href":"https:\/\/veganova.eu\/de\/wp-json\/wp\/v2\/types\/product"}],"replies":[{"embeddable":true,"href":"https:\/\/veganova.eu\/de\/wp-json\/wp\/v2\/comments?post=2816"}],"version-history":[{"count":1,"href":"https:\/\/veganova.eu\/de\/wp-json\/wp\/v2\/product\/2816\/revisions"}],"predecessor-version":[{"id":57375,"href":"https:\/\/veganova.eu\/de\/wp-json\/wp\/v2\/product\/2816\/revisions\/57375"}],"wp:featuredmedia":[{"embeddable":true,"href":"https:\/\/veganova.eu\/de\/wp-json\/wp\/v2\/media\/53276"}],"wp:attachment":[{"href":"https:\/\/veganova.eu\/de\/wp-json\/wp\/v2\/media?parent=2816"}],"wp:term":[{"taxonomy":"pwb-brand","embeddable":true,"href":"https:\/\/veganova.eu\/de\/wp-json\/wp\/v2\/pwb-brand?post=2816"},{"taxonomy":"product_brand","embeddable":true,"href":"https:\/\/veganova.eu\/de\/wp-json\/wp\/v2\/product_brand?post=2816"},{"taxonomy":"product_cat","embeddable":true,"href":"https:\/\/veganova.eu\/de\/wp-json\/wp\/v2\/product_cat?post=2816"},{"taxonomy":"product_tag","embeddable":true,"href":"https:\/\/veganova.eu\/de\/wp-json\/wp\/v2\/product_tag?post=2816"}],"curies":[{"name":"wp","href":"https:\/\/api.w.org\/{rel}","templated":true}]}}