{"id":2919,"date":"2023-10-01T17:02:34","date_gmt":"2023-10-01T15:02:34","guid":{"rendered":"https:\/\/veganova.eu\/?post_type=product&#038;p=2919"},"modified":"2026-04-21T07:23:35","modified_gmt":"2026-04-21T05:23:35","slug":"doctors-best-extra-strength-ginkgo-120mg-360-kaps","status":"publish","type":"product","link":"https:\/\/veganova.eu\/de\/shop\/doctors-best-extra-strength-ginkgo-120mg-360-kaps\/","title":{"rendered":"Doctor's Best Extra Strength Ginkgo, 120mg (360 Kapseln)"},"content":{"rendered":"<h3>Doctor's Best Extra Strength Ginkgo, 120mg (360 Kapseln)<\/h3>\n<p>Was ist Doctor's Best Extra Strength Ginkgo Extract?<br \/>\nDoctor's Best Extra Strength Ginkgo Extract liefert die wirksame Kombination von Flavonoiden (haupts\u00e4chlich Flavonglykoside) und Terpenlactonen, die aus den Bl\u00e4ttern von Ginkgo biloba isoliert wurden. Die wichtigsten Flavonoide, die aus Ginkgo-Bl\u00e4ttern isoliert werden, sind Kaempferol, Quercetin und Isorhamnetin, und die wichtigsten Terpenlactone sind 20-Kohlenstoff-Derivate, die als Ginkgolide A, B, C, J und M bezeichnet werden. Es gibt zahlreiche Belege f\u00fcr die positive Wirkung von Ginkgo biloba-Blattextrakt auf das Bewusstsein, die Aufmerksamkeit und andere geistige Leistungen. Doctor's Best Extra Strength Ginkgo Extract unterst\u00fctzt die gesunde Funktion der Mitrochondrien und die gesunde Funktion der Nervenzellen.<\/p>\n<p>Wie funktioniert das?<br \/>\nDie Zellmembranen, die den gr\u00f6\u00dften Teil der Substanz aller unserer Zellen ausmachen, sind anf\u00e4llig f\u00fcr oxidative Sch\u00e4den durch sch\u00e4dliche freie Radikale. Zellmembranen bestehen aus doppelten Molek\u00fclschichten von Lipiden (\"Lipiddoppelschichten\"), die durch \"Lipidperoxidation\" besonders anf\u00e4llig f\u00fcr Sch\u00e4den durch freie Radikale sind. Freie Radikale sind chemisch reaktiv, weil sie instabile Elektronenmuster besitzen. Freie Sauerstoffradikale sind besonders reaktiv und werden auf nat\u00fcrliche Weise von den Mitochondrien gebildet, die in allen unseren Zellen vorhanden sind. Da die Mitochondrien Sauerstoff verwenden, um aus unseren Nahrungsmitteln Energie zu gewinnen, erzeugen sie unweigerlich Sauerstoffradikale. Unsere Zellen verwenden antioxidative N\u00e4hrstoffe aus unseren Lebensmitteln sowie antioxidative Enzyme, die in den Zellen gebildet werden, um freie Radikale abzufangen und so zu verhindern, dass sie Sch\u00e4den verursachen. Die Forschung hat gezeigt, dass die Einnahme von Nahrungserg\u00e4nzungsmitteln, die reich an Antioxidantien sind, dazu beitragen kann, freie Radikale und andere potenziell toxische Substanzen zu neutralisieren. Die Flavonglykoside aus den Blattextrakten des Ginkgo biloba sind starke Antioxidantien, die dem K\u00f6rper helfen k\u00f6nnen, reaktive freie Radikale abzuwehren.<\/p>\n<p>Warum Doctor's Best Ginkgo-Extrakt einnehmen?<br \/>\nDoctor's Best Extra Strength Ginkgo Extract liefert einen standardisierten Extrakt aus Ginkgo biloba in Premiumqualit\u00e4t, der garantiert mindestens 24% Flavonglykoside und 6% Terpenlactone enth\u00e4lt, was durch unabh\u00e4ngige Laboranalysen best\u00e4tigt wurde. Die Qualit\u00e4t unseres Ginkgos wird durch das von Ethical Naturals, Inc. entwickelte ProfileProven-Qualit\u00e4tssicherungssystem garantiert. Dieses Verfahren umfasst die umfangreichsten Tests und Untersuchungen in jeder Phase der Herstellung, um die Reinheit und Wirksamkeit zu gew\u00e4hrleisten.<\/p>","protected":false},"excerpt":{"rendered":"<p>Veganes Nahrungserg\u00e4nzungsmittel mit Ginkga Doctor's Best Extra Strength Ginkgo, 120mg eignet sich zur Unterst\u00fctzung von Ged\u00e4chtnis und Gehirnfunktionen. Die Packung enth\u00e4lt: 360 Kapseln. Glutenfrei und GVO-frei.<\/p>","protected":false},"featured_media":53237,"comment_status":"closed","ping_status":"closed","template":"","meta":{"advanced_seo_description":"","jetpack_seo_html_title":"","jetpack_seo_noindex":false},"pwb-brand":[147],"product_brand":[4565],"product_cat":[2599,2592,289,597,149],"product_tag":[1167,1221,1157,1235,1158,1223],"class_list":{"0":"post-2919","1":"product","2":"type-product","3":"status-publish","4":"has-post-thumbnail","6":"pwb-brand-doctors-best","7":"product_brand-doctors-best","8":"product_cat-brain-and-memory","9":"product_cat-detox","10":"product_cat-heart-and-blood-vessels","11":"product_cat-body-immunity","12":"product_cat-superfoods","13":"product_tag-blood-vessels","14":"product_tag-brain","15":"product_tag-circulation","16":"product_tag-free-radical-scavenger","17":"product_tag-heart","18":"product_tag-memory","19":"brand_woo-doctors-best","21":"first","22":"instock","23":"taxable","24":"shipping-taxable","25":"purchasable","26":"product-type-simple"},"jetpack_sharing_enabled":true,"brands":[{"id":147,"name":"Doctor's Best","slug":"doctors-best"}],"_links":{"self":[{"href":"https:\/\/veganova.eu\/de\/wp-json\/wp\/v2\/product\/2919","targetHints":{"allow":["GET"]}}],"collection":[{"href":"https:\/\/veganova.eu\/de\/wp-json\/wp\/v2\/product"}],"about":[{"href":"https:\/\/veganova.eu\/de\/wp-json\/wp\/v2\/types\/product"}],"replies":[{"embeddable":true,"href":"https:\/\/veganova.eu\/de\/wp-json\/wp\/v2\/comments?post=2919"}],"version-history":[{"count":1,"href":"https:\/\/veganova.eu\/de\/wp-json\/wp\/v2\/product\/2919\/revisions"}],"predecessor-version":[{"id":57465,"href":"https:\/\/veganova.eu\/de\/wp-json\/wp\/v2\/product\/2919\/revisions\/57465"}],"wp:featuredmedia":[{"embeddable":true,"href":"https:\/\/veganova.eu\/de\/wp-json\/wp\/v2\/media\/53237"}],"wp:attachment":[{"href":"https:\/\/veganova.eu\/de\/wp-json\/wp\/v2\/media?parent=2919"}],"wp:term":[{"taxonomy":"pwb-brand","embeddable":true,"href":"https:\/\/veganova.eu\/de\/wp-json\/wp\/v2\/pwb-brand?post=2919"},{"taxonomy":"product_brand","embeddable":true,"href":"https:\/\/veganova.eu\/de\/wp-json\/wp\/v2\/product_brand?post=2919"},{"taxonomy":"product_cat","embeddable":true,"href":"https:\/\/veganova.eu\/de\/wp-json\/wp\/v2\/product_cat?post=2919"},{"taxonomy":"product_tag","embeddable":true,"href":"https:\/\/veganova.eu\/de\/wp-json\/wp\/v2\/product_tag?post=2919"}],"curies":[{"name":"wp","href":"https:\/\/api.w.org\/{rel}","templated":true}]}}