{"id":2958,"date":"2023-10-01T17:02:39","date_gmt":"2023-10-01T15:02:39","guid":{"rendered":"https:\/\/veganova.eu\/?post_type=product&#038;p=2958"},"modified":"2026-04-21T07:23:36","modified_gmt":"2026-04-21T05:23:36","slug":"doctors-best-nattokinase-2000-fus-270-kaps","status":"publish","type":"product","link":"https:\/\/veganova.eu\/de\/shop\/doctors-best-nattokinase-2000-fus-270-kaps\/","title":{"rendered":"Doctor's Best Nattokinase, 2000 FUs (270 Kapseln)"},"content":{"rendered":"<h3>Doctor's Best Nattokinase, 2000 FUs (270 Kapseln)<\/h3>\n<p>Wissenschaftlich fundierte Ern\u00e4hrung<br \/>\nNahrungserg\u00e4nzungsmittel<br \/>\nVegan<br \/>\nNicht-GMO<br \/>\nHilft, ein gesundes Kreislaufsystem zu unterst\u00fctzen<br \/>\nNattokinase ist ein Enzym, das aus \"Natto\" gewonnen wird, einem traditionellen fermentierten Sojalebensmittel, das in Japan sehr beliebt ist. W\u00e4hrend des Natto-Produktionsprozesses werden gentechnikfreie Sojabohnen gekocht und mit freundlichen Bacillus subtilis-Bakterien fermentiert, die Nattokinase produzieren. Doctor's Best Nattokinase enth\u00e4lt Nattokinase-Enzym ohne Vitamin K2. Nattokinase unterst\u00fctzt nachweislich ein gesundes Kreislaufsystem, indem es dazu beitr\u00e4gt, normale Fibrinogenwerte im Blut zu erhalten.<\/p>","protected":false},"excerpt":{"rendered":"<p>Das vegane Nahrungserg\u00e4nzungsmittel Doctor's Best Nattokinase, 2000 FU ist geeignet zur Unterst\u00fctzung der Blutzirkulation, gesunder Blutgef\u00e4\u00dfe und des Herzens. Die Packung enth\u00e4lt: 270 Kapseln. Glutenfrei und GVO-frei.<\/p>","protected":false},"featured_media":53228,"comment_status":"closed","ping_status":"closed","template":"","meta":{"advanced_seo_description":"","jetpack_seo_html_title":"","jetpack_seo_noindex":false},"pwb-brand":[147],"product_brand":[4565],"product_cat":[2599,289,597,152],"product_tag":[1167,1221,1157,1158,1117],"class_list":{"0":"post-2958","1":"product","2":"type-product","3":"status-publish","4":"has-post-thumbnail","6":"pwb-brand-doctors-best","7":"product_brand-doctors-best","8":"product_cat-brain-and-memory","9":"product_cat-heart-and-blood-vessels","10":"product_cat-body-immunity","11":"product_cat-vitamins-and-minerals","12":"product_tag-blood-vessels","13":"product_tag-brain","14":"product_tag-circulation","15":"product_tag-heart","16":"product_tag-immunity","17":"brand_woo-doctors-best","19":"first","20":"instock","21":"taxable","22":"shipping-taxable","23":"purchasable","24":"product-type-simple"},"jetpack_sharing_enabled":true,"brands":[{"id":147,"name":"Doctor's Best","slug":"doctors-best"}],"_links":{"self":[{"href":"https:\/\/veganova.eu\/de\/wp-json\/wp\/v2\/product\/2958","targetHints":{"allow":["GET"]}}],"collection":[{"href":"https:\/\/veganova.eu\/de\/wp-json\/wp\/v2\/product"}],"about":[{"href":"https:\/\/veganova.eu\/de\/wp-json\/wp\/v2\/types\/product"}],"replies":[{"embeddable":true,"href":"https:\/\/veganova.eu\/de\/wp-json\/wp\/v2\/comments?post=2958"}],"version-history":[{"count":1,"href":"https:\/\/veganova.eu\/de\/wp-json\/wp\/v2\/product\/2958\/revisions"}],"predecessor-version":[{"id":57478,"href":"https:\/\/veganova.eu\/de\/wp-json\/wp\/v2\/product\/2958\/revisions\/57478"}],"wp:featuredmedia":[{"embeddable":true,"href":"https:\/\/veganova.eu\/de\/wp-json\/wp\/v2\/media\/53228"}],"wp:attachment":[{"href":"https:\/\/veganova.eu\/de\/wp-json\/wp\/v2\/media?parent=2958"}],"wp:term":[{"taxonomy":"pwb-brand","embeddable":true,"href":"https:\/\/veganova.eu\/de\/wp-json\/wp\/v2\/pwb-brand?post=2958"},{"taxonomy":"product_brand","embeddable":true,"href":"https:\/\/veganova.eu\/de\/wp-json\/wp\/v2\/product_brand?post=2958"},{"taxonomy":"product_cat","embeddable":true,"href":"https:\/\/veganova.eu\/de\/wp-json\/wp\/v2\/product_cat?post=2958"},{"taxonomy":"product_tag","embeddable":true,"href":"https:\/\/veganova.eu\/de\/wp-json\/wp\/v2\/product_tag?post=2958"}],"curies":[{"name":"wp","href":"https:\/\/api.w.org\/{rel}","templated":true}]}}