{"id":2985,"date":"2023-10-01T17:02:45","date_gmt":"2023-10-01T15:02:45","guid":{"rendered":"https:\/\/veganova.eu\/?post_type=product&#038;p=2985"},"modified":"2026-04-21T07:23:36","modified_gmt":"2026-04-21T05:23:36","slug":"doctors-best-trans-resveratrol-with-resvinol-25-200mg-60-kaps","status":"publish","type":"product","link":"https:\/\/veganova.eu\/de\/shop\/doctors-best-trans-resveratrol-with-resvinol-25-200mg-60-kaps\/","title":{"rendered":"Doctor's Best Trans-Resveratrol mit ResVinol-25, 200mg (60 Kapseln)"},"content":{"rendered":"<h3>Doctor's Best Trans-Resveratrol mit ResVinol-25<\/h3>\n<ul>\n<li>Doctor's Best trans-Resveratrol 200 mit ResVinol-25, einem patentierten Extrakt, der konzentrierte Mengen an Polyphenolen und trans-Resveratrol aus der Rotweinmatrix und der Wurzel der japanischen Kn\u00f6terichpflanze (Polygonum cuspidatum) liefert.<\/li>\n<li>ResVinol-25 ist ein hochwertiger Extrakt, der die strengen Analyse- und Qualit\u00e4tssicherungsverfahren von ProfileProven durchl\u00e4uft, um die Wirksamkeit und Reinheit des Extrakts von Charge zu Charge zu gew\u00e4hrleisten. Das Produkt wird gr\u00fcndlich auf Schwermetalle, bakterielle und pilzliche Verunreinigungen und Pestizide getestet, um die Reinheit und die Einhaltung akzeptabler Standards zu \u00fcberpr\u00fcfen.<\/li>\n<\/ul>","protected":false},"excerpt":{"rendered":"<p>Das vegane Nahrungserg\u00e4nzungsmittel Doctor's Best Trans-Resveratrol mit ResVinol-25, 200mg eignet sich f\u00fcr ein gesundes Herz und gesunde Blutgef\u00e4\u00dfe, wirkt antioxidativ und verlangsamt die Alterung. Die Packung enth\u00e4lt: 60 Kapseln. Glutenfrei und GVO-frei.<\/p>","protected":false},"featured_media":53651,"comment_status":"closed","ping_status":"closed","template":"","meta":{"advanced_seo_description":"","jetpack_seo_html_title":"","jetpack_seo_noindex":false},"pwb-brand":[147],"product_brand":[4565],"product_cat":[289,2600,152],"product_tag":[1159,1093,1158,1155,1153,1133],"class_list":{"0":"post-2985","1":"product","2":"type-product","3":"status-publish","4":"has-post-thumbnail","6":"pwb-brand-doctors-best","7":"product_brand-doctors-best","8":"product_cat-heart-and-blood-vessels","9":"product_cat-inflammation","10":"product_cat-vitamins-and-minerals","11":"product_tag-aging","12":"product_tag-antioxidant","13":"product_tag-heart","14":"product_tag-inflammation","15":"product_tag-vessels","16":"product_tag-wrinkles","17":"brand_woo-doctors-best","19":"first","20":"instock","21":"sale","22":"taxable","23":"shipping-taxable","24":"purchasable","25":"product-type-simple"},"jetpack_sharing_enabled":true,"brands":[{"id":147,"name":"Doctor's Best","slug":"doctors-best"}],"_links":{"self":[{"href":"https:\/\/veganova.eu\/de\/wp-json\/wp\/v2\/product\/2985","targetHints":{"allow":["GET"]}}],"collection":[{"href":"https:\/\/veganova.eu\/de\/wp-json\/wp\/v2\/product"}],"about":[{"href":"https:\/\/veganova.eu\/de\/wp-json\/wp\/v2\/types\/product"}],"replies":[{"embeddable":true,"href":"https:\/\/veganova.eu\/de\/wp-json\/wp\/v2\/comments?post=2985"}],"version-history":[{"count":1,"href":"https:\/\/veganova.eu\/de\/wp-json\/wp\/v2\/product\/2985\/revisions"}],"predecessor-version":[{"id":57491,"href":"https:\/\/veganova.eu\/de\/wp-json\/wp\/v2\/product\/2985\/revisions\/57491"}],"wp:featuredmedia":[{"embeddable":true,"href":"https:\/\/veganova.eu\/de\/wp-json\/wp\/v2\/media\/53651"}],"wp:attachment":[{"href":"https:\/\/veganova.eu\/de\/wp-json\/wp\/v2\/media?parent=2985"}],"wp:term":[{"taxonomy":"pwb-brand","embeddable":true,"href":"https:\/\/veganova.eu\/de\/wp-json\/wp\/v2\/pwb-brand?post=2985"},{"taxonomy":"product_brand","embeddable":true,"href":"https:\/\/veganova.eu\/de\/wp-json\/wp\/v2\/product_brand?post=2985"},{"taxonomy":"product_cat","embeddable":true,"href":"https:\/\/veganova.eu\/de\/wp-json\/wp\/v2\/product_cat?post=2985"},{"taxonomy":"product_tag","embeddable":true,"href":"https:\/\/veganova.eu\/de\/wp-json\/wp\/v2\/product_tag?post=2985"}],"curies":[{"name":"wp","href":"https:\/\/api.w.org\/{rel}","templated":true}]}}