{"id":3016,"date":"2023-10-01T17:02:58","date_gmt":"2023-10-01T15:02:58","guid":{"rendered":"https:\/\/veganova.eu\/?post_type=product&#038;p=3016"},"modified":"2026-04-26T02:21:33","modified_gmt":"2026-04-26T00:21:33","slug":"garden-of-life-dr-formulated-whole-food-magnesium-raspberry-lemon-198g","status":"publish","type":"product","link":"https:\/\/veganova.eu\/de\/shop\/garden-of-life-dr-formulated-whole-food-magnesium-raspberry-lemon-198g\/","title":{"rendered":"Garten des Lebens Dr. Formulated Whole Food Magnesium, Himbeere-Zitrone (198g)"},"content":{"rendered":"<h3>Garten des Lebens Dr. Formulated Whole Food Magnesium, Himbeere-Zitrone (198g)<\/h3>\n<p>Wenn Sie sich m\u00fcde f\u00fchlen, Schlafprobleme haben oder mit Stress in Ihrem Leben zu k\u00e4mpfen haben, ist es an der Zeit, zu trinken - zu schlafen - sich zu erholen! Magnesium ist eines der wichtigsten Spurenelemente in der menschlichen Ern\u00e4hrung, und doch nehmen die meisten Menschen \u00fcber ihre normale Ern\u00e4hrung nicht genug davon auf. Dr. Formulated Whole Food Magnesiumpulver ist ein k\u00f6stliches, sprudelndes Getr\u00e4nk mit Himbeer-Zitronen-Geschmack, das Ihnen hilft, sich zu beruhigen und zu entspannen, w\u00e4hrend es den optimalen Magnesiumspiegel in Ihrem K\u00f6rper wiederherstellt. Dr. Formulated Whole Food Magnesium enth\u00e4lt Magnesiumchelat aus braunem Reisprotein sowie lebende Probiotika (1 Milliarde KBE) zur Unterst\u00fctzung einer gesunden Verdauung und Regelm\u00e4\u00dfigkeit.<\/p>","protected":false},"excerpt":{"rendered":"<p>Veganes Nahrungserg\u00e4nzungsmittel mit Magnesium Garden of Life Dr. Formulated Whole Food Magnesium mit dem Zusatz von Probiotika, geeignet in Zeiten von Stress und erh\u00f6hter geistiger und k\u00f6rperlicher Belastung. Geschmack: Zitrone-Himbeere, Packung enth\u00e4lt: 197g.<\/p>","protected":false},"featured_media":53218,"comment_status":"closed","ping_status":"closed","template":"","meta":{"advanced_seo_description":"","jetpack_seo_html_title":"","jetpack_seo_noindex":false},"pwb-brand":[303],"product_brand":[4625],"product_cat":[172,2598,152],"product_tag":[1108,1245,1168,1197,1246],"class_list":{"0":"post-3016","1":"product","2":"type-product","3":"status-publish","4":"has-post-thumbnail","6":"pwb-brand-garden-of-life","7":"product_brand-garden-of-life","8":"product_cat-minerals","9":"product_cat-recovery","10":"product_cat-vitamins-and-minerals","11":"product_tag-exhaustion","12":"product_tag-mental-well-being","13":"product_tag-muscle","14":"product_tag-regeneration","15":"product_tag-soothing","16":"brand_woo-garden-of-life","18":"first","19":"instock","20":"taxable","21":"shipping-taxable","22":"purchasable","23":"product-type-simple"},"jetpack_sharing_enabled":true,"brands":[{"id":303,"name":"Garten des Lebens","slug":"garden-of-life"}],"_links":{"self":[{"href":"https:\/\/veganova.eu\/de\/wp-json\/wp\/v2\/product\/3016","targetHints":{"allow":["GET"]}}],"collection":[{"href":"https:\/\/veganova.eu\/de\/wp-json\/wp\/v2\/product"}],"about":[{"href":"https:\/\/veganova.eu\/de\/wp-json\/wp\/v2\/types\/product"}],"replies":[{"embeddable":true,"href":"https:\/\/veganova.eu\/de\/wp-json\/wp\/v2\/comments?post=3016"}],"version-history":[{"count":1,"href":"https:\/\/veganova.eu\/de\/wp-json\/wp\/v2\/product\/3016\/revisions"}],"predecessor-version":[{"id":57521,"href":"https:\/\/veganova.eu\/de\/wp-json\/wp\/v2\/product\/3016\/revisions\/57521"}],"wp:featuredmedia":[{"embeddable":true,"href":"https:\/\/veganova.eu\/de\/wp-json\/wp\/v2\/media\/53218"}],"wp:attachment":[{"href":"https:\/\/veganova.eu\/de\/wp-json\/wp\/v2\/media?parent=3016"}],"wp:term":[{"taxonomy":"pwb-brand","embeddable":true,"href":"https:\/\/veganova.eu\/de\/wp-json\/wp\/v2\/pwb-brand?post=3016"},{"taxonomy":"product_brand","embeddable":true,"href":"https:\/\/veganova.eu\/de\/wp-json\/wp\/v2\/product_brand?post=3016"},{"taxonomy":"product_cat","embeddable":true,"href":"https:\/\/veganova.eu\/de\/wp-json\/wp\/v2\/product_cat?post=3016"},{"taxonomy":"product_tag","embeddable":true,"href":"https:\/\/veganova.eu\/de\/wp-json\/wp\/v2\/product_tag?post=3016"}],"curies":[{"name":"wp","href":"https:\/\/api.w.org\/{rel}","templated":true}]}}