{"id":3159,"date":"2023-10-01T17:03:51","date_gmt":"2023-10-01T15:03:51","guid":{"rendered":"https:\/\/veganova.eu\/?post_type=product&#038;p=3159"},"modified":"2026-04-21T07:23:47","modified_gmt":"2026-04-21T05:23:47","slug":"jarrow-formulas-dim-cdg-30-kaps","status":"publish","type":"product","link":"https:\/\/veganova.eu\/de\/shop\/jarrow-formulas-dim-cdg-30-kaps\/","title":{"rendered":"Jarrow Formulas DIM + CDG (30 Kapseln)"},"content":{"rendered":"<h3>Jarrow Formulas DIM + CDG (30 Kapseln)<\/h3>\n<p>Was bewirkt DIM + CDG?<br \/>\nDIM + CDG unterst\u00fctzt mehrere Entgiftungswege, die an einer gesunden hormonellen Regulierung beteiligt sind. Calcium-D-Glucarat (CDG) unterst\u00fctzt die Glucuronidierung, die ein wichtiger Weg der Entgiftung ist. BioResponse DIM liefert das Indol der Kreuzbl\u00fctler, Diindolylmethan (DIM), das ebenfalls am nat\u00fcrlichen Entgiftungsprozess der Leber beteiligt ist. DIM + CDG unterst\u00fctzt ein gesundes \u00d6strogen- und Testosterongleichgewicht bei Frauen und M\u00e4nnern.<\/p>","protected":false},"excerpt":{"rendered":"<p>Das vegetarische Nahrungserg\u00e4nzungsmittel Jarrow Formulas DIM CDG eignet sich zum Ausgleich des Hormonspiegels im K\u00f6rper. Es unterst\u00fctzt ein gesundes Niveau von \u00d6strogen und Testosteron im K\u00f6rper von M\u00e4nnern und Frauen. Die Packung enth\u00e4lt: 30 Veggie-Kapseln.<\/p>","protected":false},"featured_media":53200,"comment_status":"closed","ping_status":"closed","template":"","meta":{"advanced_seo_description":"","jetpack_seo_html_title":"","jetpack_seo_noindex":false},"pwb-brand":[165],"product_brand":[4572],"product_cat":[267,143],"product_tag":[929,1260,1056],"class_list":{"0":"post-3159","1":"product","2":"type-product","3":"status-publish","4":"has-post-thumbnail","6":"pwb-brand-jarrow-formulas","7":"product_brand-jarrow-formulas","8":"product_cat-for-women","9":"product_cat-health-issues","10":"product_tag-for-women","11":"product_tag-hormonal-imbalance","12":"product_tag-hormonal-system","13":"brand_woo-jarrow-formulas","15":"first","16":"instock","17":"taxable","18":"shipping-taxable","19":"purchasable","20":"product-type-simple"},"jetpack_sharing_enabled":true,"brands":[{"id":165,"name":"Jarrow-Formeln","slug":"jarrow-formulas"}],"_links":{"self":[{"href":"https:\/\/veganova.eu\/de\/wp-json\/wp\/v2\/product\/3159","targetHints":{"allow":["GET"]}}],"collection":[{"href":"https:\/\/veganova.eu\/de\/wp-json\/wp\/v2\/product"}],"about":[{"href":"https:\/\/veganova.eu\/de\/wp-json\/wp\/v2\/types\/product"}],"replies":[{"embeddable":true,"href":"https:\/\/veganova.eu\/de\/wp-json\/wp\/v2\/comments?post=3159"}],"version-history":[{"count":1,"href":"https:\/\/veganova.eu\/de\/wp-json\/wp\/v2\/product\/3159\/revisions"}],"predecessor-version":[{"id":57646,"href":"https:\/\/veganova.eu\/de\/wp-json\/wp\/v2\/product\/3159\/revisions\/57646"}],"wp:featuredmedia":[{"embeddable":true,"href":"https:\/\/veganova.eu\/de\/wp-json\/wp\/v2\/media\/53200"}],"wp:attachment":[{"href":"https:\/\/veganova.eu\/de\/wp-json\/wp\/v2\/media?parent=3159"}],"wp:term":[{"taxonomy":"pwb-brand","embeddable":true,"href":"https:\/\/veganova.eu\/de\/wp-json\/wp\/v2\/pwb-brand?post=3159"},{"taxonomy":"product_brand","embeddable":true,"href":"https:\/\/veganova.eu\/de\/wp-json\/wp\/v2\/product_brand?post=3159"},{"taxonomy":"product_cat","embeddable":true,"href":"https:\/\/veganova.eu\/de\/wp-json\/wp\/v2\/product_cat?post=3159"},{"taxonomy":"product_tag","embeddable":true,"href":"https:\/\/veganova.eu\/de\/wp-json\/wp\/v2\/product_tag?post=3159"}],"curies":[{"name":"wp","href":"https:\/\/api.w.org\/{rel}","templated":true}]}}