{"id":3194,"date":"2023-10-01T17:04:05","date_gmt":"2023-10-01T15:04:05","guid":{"rendered":"https:\/\/veganova.eu\/?post_type=product&#038;p=3194"},"modified":"2026-04-21T07:23:49","modified_gmt":"2026-04-21T05:23:49","slug":"jarrow-formulas-same-400-30-tab","status":"publish","type":"product","link":"https:\/\/veganova.eu\/de\/shop\/jarrow-formulas-same-400-30-tab\/","title":{"rendered":"Jarrow Formulas SAMe 400 (30 Tab)"},"content":{"rendered":"<h3>Jarrow Formulas SAMe 400 (30 Tab)<\/h3>\n<p>Jarrow Formulas SAMe 200 liefert volle 200 mg SAMe (Nettoausbeute) aus 400 mg SAMe-Tosylatdisulfat. SAMe 200 wird bei niedriger Temperatur und niedriger Luftfeuchtigkeit hergestellt und ist magensaftresistent, um ein biologisch aktives Produkt zu gew\u00e4hrleisten.<\/p>\n<p>Mit mehr der biologisch aktiven S,S- als der R,S-Form<br \/>\nSAMe kommt in allen lebenden Zellen vor und ist ein Metabolit von Methionin (einer essentiellen Aminos\u00e4ure). SAMe ist ein chirales Molek\u00fcl, das aus zwei Formen besteht: (S,S) SAMe und (R,S) SAMe. Die biologisch aktive Form ist die (S,S)-Struktur, w\u00e4hrend die (R,S)-Struktur biologisch inaktiv ist. Jarrow Formulas SAMe wird durch mikrobiologische Fermentation hergestellt und dann ohne chemische L\u00f6sungsmittel verarbeitet, um 68-80% (S,S) SAMe zu erhalten.<\/p>\n<p>SAMe unterst\u00fctzt:<\/p>\n<p>Gehirnstoffwechsel und Stimmung*<br \/>\nSAMe-Methylierungsreaktionen sind an der Synthese von Phosphatidylcholin beteiligt, einem wesentlichen Bestandteil der grauen Substanz im Gehirn und der Zellmembranen.* Es wurde auch vorgeschlagen, dass es an der Synthese von Phosphatidylcholin beteiligt ist.<br \/>\nbei der Bildung oder dem Stoffwechsel von Neurotransmittern, die dazu beitragen, dass<br \/>\nunterst\u00fctzen eine ausgeglichene Stimmung.*<\/p>\n<p>Gesundheit der Gelenke*<br \/>\nSAMe unterst\u00fctzt die Produktion von gesundem Bindegewebe durch Transulfurierung.* Bei diesem Transsulfurierungsprozess werden wichtige Bestandteile des Bindegewebes, die als Glykosaminoglykane (GAGs) bekannt sind, einschlie\u00dflich Glucosamin und Chondroitin, durch SAMe-Metaboliten sulfatiert, um sulfatierte GAGs wie Glucosaminsulfat und Chondroitinsulfat, die Bausteine des Knorpels, zu erhalten.*<\/p>\n<p>Leberfunktion*<br \/>\nSAMe unterst\u00fctzt die Synthese von Glutathion (GSH), das f\u00fcr die antioxidative Abwehr und die Leberfunktionen, einschlie\u00dflich der Phase-II-Entgiftung, von entscheidender Bedeutung ist.*<\/p>\n<p>Jarrow Formulas SAMe 200 ist in Folie verpackt, um die Stabilit\u00e4t zu maximieren und liefert 200 mg S-Adenosyl Methionin, das aus 400 mg SAMe Tosylat Disulfat gewonnen wird.<\/p>","protected":false},"excerpt":{"rendered":"<p>Das vegane Nahrungserg\u00e4nzungsmittel Jarrow Formulas SAMe 400 eignet sich f\u00fcr gesunde Gelenke, die Entgiftung der Leber, die St\u00e4rkung der Gehirnfunktionen und die Unterst\u00fctzung einer guten Stimmung. Die Packung enth\u00e4lt: 30 Tabletten.<\/p>","protected":false},"featured_media":11252,"comment_status":"closed","ping_status":"closed","template":"","meta":{"advanced_seo_description":"","jetpack_seo_html_title":"","jetpack_seo_noindex":false},"pwb-brand":[165],"product_brand":[4572],"product_cat":[294,143],"product_tag":[1146,1273,1272,1271],"class_list":{"0":"post-3194","1":"product","2":"type-product","3":"status-publish","4":"has-post-thumbnail","6":"pwb-brand-jarrow-formulas","7":"product_brand-jarrow-formulas","8":"product_cat-for-seniors","9":"product_cat-health-issues","10":"product_tag-good-mood","11":"product_tag-healthy-brain","12":"product_tag-healthy-joints","13":"product_tag-liver-detox","14":"brand_woo-jarrow-formulas","16":"first","17":"instock","18":"taxable","19":"shipping-taxable","20":"purchasable","21":"product-type-simple"},"jetpack_sharing_enabled":true,"brands":[{"id":165,"name":"Jarrow-Formeln","slug":"jarrow-formulas"}],"_links":{"self":[{"href":"https:\/\/veganova.eu\/de\/wp-json\/wp\/v2\/product\/3194","targetHints":{"allow":["GET"]}}],"collection":[{"href":"https:\/\/veganova.eu\/de\/wp-json\/wp\/v2\/product"}],"about":[{"href":"https:\/\/veganova.eu\/de\/wp-json\/wp\/v2\/types\/product"}],"replies":[{"embeddable":true,"href":"https:\/\/veganova.eu\/de\/wp-json\/wp\/v2\/comments?post=3194"}],"version-history":[{"count":1,"href":"https:\/\/veganova.eu\/de\/wp-json\/wp\/v2\/product\/3194\/revisions"}],"predecessor-version":[{"id":57680,"href":"https:\/\/veganova.eu\/de\/wp-json\/wp\/v2\/product\/3194\/revisions\/57680"}],"wp:featuredmedia":[{"embeddable":true,"href":"https:\/\/veganova.eu\/de\/wp-json\/wp\/v2\/media\/11252"}],"wp:attachment":[{"href":"https:\/\/veganova.eu\/de\/wp-json\/wp\/v2\/media?parent=3194"}],"wp:term":[{"taxonomy":"pwb-brand","embeddable":true,"href":"https:\/\/veganova.eu\/de\/wp-json\/wp\/v2\/pwb-brand?post=3194"},{"taxonomy":"product_brand","embeddable":true,"href":"https:\/\/veganova.eu\/de\/wp-json\/wp\/v2\/product_brand?post=3194"},{"taxonomy":"product_cat","embeddable":true,"href":"https:\/\/veganova.eu\/de\/wp-json\/wp\/v2\/product_cat?post=3194"},{"taxonomy":"product_tag","embeddable":true,"href":"https:\/\/veganova.eu\/de\/wp-json\/wp\/v2\/product_tag?post=3194"}],"curies":[{"name":"wp","href":"https:\/\/api.w.org\/{rel}","templated":true}]}}