{"id":3718,"date":"2023-10-01T17:07:41","date_gmt":"2023-10-01T15:07:41","guid":{"rendered":"https:\/\/veganova.eu\/?post_type=product&#038;p=3718"},"modified":"2026-04-27T02:22:33","modified_gmt":"2026-04-27T00:22:33","slug":"now-foods-super-antioxidants-120-kaps","status":"publish","type":"product","link":"https:\/\/veganova.eu\/de\/shop\/now-foods-super-antioxidants-120-kaps\/","title":{"rendered":"NOW Foods Super Antioxidantien (120 Kapseln)"},"content":{"rendered":"<h3>NOW Foods Super Antioxidantien<\/h3>\n<ul>\n<li>Mit Kr\u00e4uterextrakten.<\/li>\n<li>Erh\u00e4lt die optimale Gesundheit.<\/li>\n<li>Diese komplexe Mischung aus leistungsstarken Kr\u00e4uter- und Fruchtextrakten wurde entwickelt, um ein breites Spektrum an Flavonoiden mit wissenschaftlich nachgewiesener Aktivit\u00e4t zum Schutz vor freien Radikalen zu liefern.<\/li>\n<li>Diese Kr\u00e4uter und Fr\u00fcchte sind seit Jahrhunderten in der ganzen Welt f\u00fcr ihre F\u00e4higkeit bekannt, ein optimales Wohlbefinden zu erhalten.<\/li>\n<li>Bei diesem Produkt k\u00f6nnen nat\u00fcrliche Farbabweichungen auftreten.<\/li>\n<\/ul>","protected":false},"excerpt":{"rendered":"<p>Veganes Nahrungserg\u00e4nzungsmittel NOW Foods Super Antioxidants mit nat\u00fcrlichen Extrakten, die reich an Antioxidantien sind. Die Packung enth\u00e4lt: 120 Kapseln. Kein Gluten, kein Zucker.<\/p>","protected":false},"featured_media":51526,"comment_status":"closed","ping_status":"closed","template":"","meta":{"advanced_seo_description":"","jetpack_seo_html_title":"","jetpack_seo_noindex":false},"pwb-brand":[173],"product_brand":[4580],"product_cat":[2593,2592,597,152],"product_tag":[1159,1093,1302,1380],"class_list":{"0":"post-3718","1":"product","2":"type-product","3":"status-publish","4":"has-post-thumbnail","6":"pwb-brand-now-foods","7":"product_brand-now-foods","8":"product_cat-antioxidants","9":"product_cat-detox","10":"product_cat-body-immunity","11":"product_cat-vitamins-and-minerals","12":"product_tag-aging","13":"product_tag-antioxidant","14":"product_tag-medicinal-herbs","15":"product_tag-oxidative-stress","16":"brand_woo-now-foods","18":"first","19":"instock","20":"taxable","21":"shipping-taxable","22":"purchasable","23":"product-type-simple"},"jetpack_sharing_enabled":true,"brands":[{"id":173,"name":"JETZT Lebensmittel","slug":"now-foods"}],"_links":{"self":[{"href":"https:\/\/veganova.eu\/de\/wp-json\/wp\/v2\/product\/3718","targetHints":{"allow":["GET"]}}],"collection":[{"href":"https:\/\/veganova.eu\/de\/wp-json\/wp\/v2\/product"}],"about":[{"href":"https:\/\/veganova.eu\/de\/wp-json\/wp\/v2\/types\/product"}],"replies":[{"embeddable":true,"href":"https:\/\/veganova.eu\/de\/wp-json\/wp\/v2\/comments?post=3718"}],"version-history":[{"count":1,"href":"https:\/\/veganova.eu\/de\/wp-json\/wp\/v2\/product\/3718\/revisions"}],"predecessor-version":[{"id":58107,"href":"https:\/\/veganova.eu\/de\/wp-json\/wp\/v2\/product\/3718\/revisions\/58107"}],"wp:featuredmedia":[{"embeddable":true,"href":"https:\/\/veganova.eu\/de\/wp-json\/wp\/v2\/media\/51526"}],"wp:attachment":[{"href":"https:\/\/veganova.eu\/de\/wp-json\/wp\/v2\/media?parent=3718"}],"wp:term":[{"taxonomy":"pwb-brand","embeddable":true,"href":"https:\/\/veganova.eu\/de\/wp-json\/wp\/v2\/pwb-brand?post=3718"},{"taxonomy":"product_brand","embeddable":true,"href":"https:\/\/veganova.eu\/de\/wp-json\/wp\/v2\/product_brand?post=3718"},{"taxonomy":"product_cat","embeddable":true,"href":"https:\/\/veganova.eu\/de\/wp-json\/wp\/v2\/product_cat?post=3718"},{"taxonomy":"product_tag","embeddable":true,"href":"https:\/\/veganova.eu\/de\/wp-json\/wp\/v2\/product_tag?post=3718"}],"curies":[{"name":"wp","href":"https:\/\/api.w.org\/{rel}","templated":true}]}}