{"id":3823,"date":"2023-10-01T17:08:29","date_gmt":"2023-10-01T15:08:29","guid":{"rendered":"https:\/\/veganova.eu\/?post_type=product&#038;p=3823"},"modified":"2026-04-26T02:21:34","modified_gmt":"2026-04-26T00:21:34","slug":"revive-liver-120-kaps","status":"publish","type":"product","link":"https:\/\/veganova.eu\/de\/shop\/revive-liver-120-kaps\/","title":{"rendered":"Revive Liver (120 Kapseln)"},"content":{"rendered":"<h3>Leber wiederbeleben<\/h3>\n<ul>\n<li>Die Liver Healing Formula wurde entwickelt, um alle Aspekte einer gesunden Leber auf nat\u00fcrliche Weise zu unterst\u00fctzen.<\/li>\n<li>Mit 300 mg TUDCA pro Portion kann dieses t\u00e4gliche Erg\u00e4nzungsmittel bereits einen gesunden Gallenfluss unterst\u00fctzen und die Bildung von hydrophoben Gallens\u00e4uren verhindern, die Lebersch\u00e4den verursachen k\u00f6nnen.<\/li>\n<li>Dar\u00fcber hinaus enth\u00e4lt jede Dosis unserer Liver Management Formula 1.000 mg NAC und 1.000 mg Mariendistel zur Unterst\u00fctzung der nat\u00fcrlichen entz\u00fcndungshemmenden und entgiftenden Eigenschaften.<\/li>\n<li>Das Erg\u00e4nzungsmittel enth\u00e4lt au\u00dferdem die patentierten Inhaltsstoffe AstraGin und Bioperine, um die Aufnahme und Absorption bestimmter Wirkstoffe in unserer Formel zu erh\u00f6hen.<\/li>\n<li>Die kombinierten Eigenschaften dieser Wirkstoffe bieten eine breite Palette von Vorteilen, die zur Erhaltung und Unterst\u00fctzung der nat\u00fcrlichen und gesunden Funktion der Leber beitragen.<\/li>\n<\/ul>","protected":false},"excerpt":{"rendered":"<p>Das vegane Nahrungserg\u00e4nzungsmittel Revive Liver wurde speziell f\u00fcr die Bed\u00fcrfnisse einer gesunden Leber entwickelt. Es ist mit Johanniskraut angereichert, um die entz\u00fcndungshemmenden Eigenschaften zu unterst\u00fctzen. Die Packung enth\u00e4lt: 120 Kapseln. Glutenfrei.<\/p>","protected":false},"featured_media":53408,"comment_status":"closed","ping_status":"closed","template":"","meta":{"advanced_seo_description":"","jetpack_seo_html_title":"","jetpack_seo_noindex":false},"pwb-brand":[406],"product_brand":[4719],"product_cat":[597,284,152],"product_tag":[1037,1155,1154],"class_list":{"0":"post-3823","1":"product","2":"type-product","3":"status-publish","4":"has-post-thumbnail","6":"pwb-brand-revive","7":"product_brand-revive","8":"product_cat-body-immunity","9":"product_cat-trace-elements","10":"product_cat-vitamins-and-minerals","11":"product_tag-detox","12":"product_tag-inflammation","13":"product_tag-liver","14":"brand_woo-revive","16":"first","17":"instock","18":"taxable","19":"shipping-taxable","20":"purchasable","21":"product-type-simple"},"jetpack_sharing_enabled":true,"brands":[{"id":406,"name":"Wiederbeleben","slug":"revive"}],"_links":{"self":[{"href":"https:\/\/veganova.eu\/de\/wp-json\/wp\/v2\/product\/3823","targetHints":{"allow":["GET"]}}],"collection":[{"href":"https:\/\/veganova.eu\/de\/wp-json\/wp\/v2\/product"}],"about":[{"href":"https:\/\/veganova.eu\/de\/wp-json\/wp\/v2\/types\/product"}],"replies":[{"embeddable":true,"href":"https:\/\/veganova.eu\/de\/wp-json\/wp\/v2\/comments?post=3823"}],"version-history":[{"count":1,"href":"https:\/\/veganova.eu\/de\/wp-json\/wp\/v2\/product\/3823\/revisions"}],"predecessor-version":[{"id":58196,"href":"https:\/\/veganova.eu\/de\/wp-json\/wp\/v2\/product\/3823\/revisions\/58196"}],"wp:featuredmedia":[{"embeddable":true,"href":"https:\/\/veganova.eu\/de\/wp-json\/wp\/v2\/media\/53408"}],"wp:attachment":[{"href":"https:\/\/veganova.eu\/de\/wp-json\/wp\/v2\/media?parent=3823"}],"wp:term":[{"taxonomy":"pwb-brand","embeddable":true,"href":"https:\/\/veganova.eu\/de\/wp-json\/wp\/v2\/pwb-brand?post=3823"},{"taxonomy":"product_brand","embeddable":true,"href":"https:\/\/veganova.eu\/de\/wp-json\/wp\/v2\/product_brand?post=3823"},{"taxonomy":"product_cat","embeddable":true,"href":"https:\/\/veganova.eu\/de\/wp-json\/wp\/v2\/product_cat?post=3823"},{"taxonomy":"product_tag","embeddable":true,"href":"https:\/\/veganova.eu\/de\/wp-json\/wp\/v2\/product_tag?post=3823"}],"curies":[{"name":"wp","href":"https:\/\/api.w.org\/{rel}","templated":true}]}}