{"id":47855,"date":"2024-09-15T12:30:04","date_gmt":"2024-09-15T10:30:04","guid":{"rendered":"https:\/\/veganova.eu\/?post_type=product&#038;p=47855"},"modified":"2026-04-21T07:25:57","modified_gmt":"2026-04-21T05:25:57","slug":"enzymedica-digest-240-caps","status":"publish","type":"product","link":"https:\/\/veganova.eu\/de\/shop\/enzymedica-digest-240-caps\/","title":{"rendered":"Enzymedica Verdauung - 240 Kapseln"},"content":{"rendered":"<h3>Enzymedica Verdauung - 240 Kapseln<\/h3>\n<p>Enzymm\u00e4ngel k\u00f6nnen durch eine Kombination aus Alter, Ern\u00e4hrung und Lebensstil entstehen. Diese Defizite k\u00f6nnen zu einer Vielzahl von Verdauungsbeschwerden f\u00fchren, darunter gelegentliche Bl\u00e4hungen, Bl\u00e4hungen, Verdauungsst\u00f6rungen und Unregelm\u00e4\u00dfigkeiten.<\/p>\n<p>Digest ist eine verbesserte Formel, die Kohlenhydrate, Fette, Ballaststoffe und Proteine aufspaltet. Die in Digest enthaltenen Enzyme unterst\u00fctzen eine optimale Verdauung, indem sie dem K\u00f6rper helfen, N\u00e4hrstoffe zu absorbieren und Nahrung in Energie umzuwandeln. Das Wohlbefinden der Verdauung verbessert die Konzentration und steigert die Vitalit\u00e4t.<\/p>","protected":false},"excerpt":{"rendered":"<p>Enzymedica Digest unterst\u00fctzt eine gesunde Verdauung. Inhalt: 240 vegetarische Kapseln. Zertifizierung: vegan, NON GMO.<\/p>","protected":false},"featured_media":52188,"comment_status":"closed","ping_status":"closed","template":"","meta":{"advanced_seo_description":"","jetpack_seo_html_title":"","jetpack_seo_noindex":false},"pwb-brand":[467],"product_brand":[4767],"product_cat":[596,143],"product_tag":[],"class_list":{"0":"post-47855","1":"product","2":"type-product","3":"status-publish","4":"has-post-thumbnail","6":"pwb-brand-enzymedica","7":"product_brand-enzymedica","8":"product_cat-digestion","9":"product_cat-health-issues","10":"brand_woo-enzymedica","12":"first","13":"instock","14":"sale","15":"taxable","16":"shipping-taxable","17":"purchasable","18":"product-type-simple"},"jetpack_sharing_enabled":true,"brands":[{"id":467,"name":"Enzymedica","slug":"enzymedica"}],"_links":{"self":[{"href":"https:\/\/veganova.eu\/de\/wp-json\/wp\/v2\/product\/47855","targetHints":{"allow":["GET"]}}],"collection":[{"href":"https:\/\/veganova.eu\/de\/wp-json\/wp\/v2\/product"}],"about":[{"href":"https:\/\/veganova.eu\/de\/wp-json\/wp\/v2\/types\/product"}],"replies":[{"embeddable":true,"href":"https:\/\/veganova.eu\/de\/wp-json\/wp\/v2\/comments?post=47855"}],"version-history":[{"count":1,"href":"https:\/\/veganova.eu\/de\/wp-json\/wp\/v2\/product\/47855\/revisions"}],"predecessor-version":[{"id":59261,"href":"https:\/\/veganova.eu\/de\/wp-json\/wp\/v2\/product\/47855\/revisions\/59261"}],"wp:featuredmedia":[{"embeddable":true,"href":"https:\/\/veganova.eu\/de\/wp-json\/wp\/v2\/media\/52188"}],"wp:attachment":[{"href":"https:\/\/veganova.eu\/de\/wp-json\/wp\/v2\/media?parent=47855"}],"wp:term":[{"taxonomy":"pwb-brand","embeddable":true,"href":"https:\/\/veganova.eu\/de\/wp-json\/wp\/v2\/pwb-brand?post=47855"},{"taxonomy":"product_brand","embeddable":true,"href":"https:\/\/veganova.eu\/de\/wp-json\/wp\/v2\/product_brand?post=47855"},{"taxonomy":"product_cat","embeddable":true,"href":"https:\/\/veganova.eu\/de\/wp-json\/wp\/v2\/product_cat?post=47855"},{"taxonomy":"product_tag","embeddable":true,"href":"https:\/\/veganova.eu\/de\/wp-json\/wp\/v2\/product_tag?post=47855"}],"curies":[{"name":"wp","href":"https:\/\/api.w.org\/{rel}","templated":true}]}}