{"id":47857,"date":"2024-09-15T12:30:07","date_gmt":"2024-09-15T10:30:07","guid":{"rendered":"https:\/\/veganova.eu\/?post_type=product&#038;p=47857"},"modified":"2026-04-21T07:25:57","modified_gmt":"2026-04-21T05:25:57","slug":"enzymedica-digest-basic-180-caps","status":"publish","type":"product","link":"https:\/\/veganova.eu\/de\/shop\/enzymedica-digest-basic-180-caps\/","title":{"rendered":"Enzymedica Verdauung Basic - 180 Kapseln"},"content":{"rendered":"<h3>Enzymedica Verdauung Basic - 180 Kapseln<\/h3>\n<p>Sanfte Hilfe f\u00fcr empfindliche M\u00e4gen<br \/>\nBricht Fett, Ballaststoffe, Eiwei\u00df und Kohlenhydrate auf<br \/>\nBeschleunigt die Verdauung<br \/>\nSteigert die Energie<br \/>\nReduziert gelegentliche Bl\u00e4hungen, Bl\u00e4hungen und Verdauungsst\u00f6rungen<\/p>","protected":false},"excerpt":{"rendered":"<p>Enzymedica Digest Basic supports healthy digestion. Content: 180 vegetarian capsules. Certification: vegan, NON GMO.<\/p>","protected":false},"featured_media":52187,"comment_status":"closed","ping_status":"closed","template":"","meta":{"advanced_seo_description":"","jetpack_seo_html_title":"","jetpack_seo_noindex":false},"pwb-brand":[467],"product_brand":[4767],"product_cat":[596,143],"product_tag":[],"class_list":{"0":"post-47857","1":"product","2":"type-product","3":"status-publish","4":"has-post-thumbnail","6":"pwb-brand-enzymedica","7":"product_brand-enzymedica","8":"product_cat-digestion","9":"product_cat-health-issues","10":"brand_woo-enzymedica","12":"first","13":"instock","14":"sale","15":"taxable","16":"shipping-taxable","17":"purchasable","18":"product-type-simple"},"jetpack_sharing_enabled":true,"brands":[{"id":467,"name":"Enzymedica","slug":"enzymedica"}],"_links":{"self":[{"href":"https:\/\/veganova.eu\/de\/wp-json\/wp\/v2\/product\/47857","targetHints":{"allow":["GET"]}}],"collection":[{"href":"https:\/\/veganova.eu\/de\/wp-json\/wp\/v2\/product"}],"about":[{"href":"https:\/\/veganova.eu\/de\/wp-json\/wp\/v2\/types\/product"}],"replies":[{"embeddable":true,"href":"https:\/\/veganova.eu\/de\/wp-json\/wp\/v2\/comments?post=47857"}],"version-history":[{"count":1,"href":"https:\/\/veganova.eu\/de\/wp-json\/wp\/v2\/product\/47857\/revisions"}],"predecessor-version":[{"id":59262,"href":"https:\/\/veganova.eu\/de\/wp-json\/wp\/v2\/product\/47857\/revisions\/59262"}],"wp:featuredmedia":[{"embeddable":true,"href":"https:\/\/veganova.eu\/de\/wp-json\/wp\/v2\/media\/52187"}],"wp:attachment":[{"href":"https:\/\/veganova.eu\/de\/wp-json\/wp\/v2\/media?parent=47857"}],"wp:term":[{"taxonomy":"pwb-brand","embeddable":true,"href":"https:\/\/veganova.eu\/de\/wp-json\/wp\/v2\/pwb-brand?post=47857"},{"taxonomy":"product_brand","embeddable":true,"href":"https:\/\/veganova.eu\/de\/wp-json\/wp\/v2\/product_brand?post=47857"},{"taxonomy":"product_cat","embeddable":true,"href":"https:\/\/veganova.eu\/de\/wp-json\/wp\/v2\/product_cat?post=47857"},{"taxonomy":"product_tag","embeddable":true,"href":"https:\/\/veganova.eu\/de\/wp-json\/wp\/v2\/product_tag?post=47857"}],"curies":[{"name":"wp","href":"https:\/\/api.w.org\/{rel}","templated":true}]}}