{"id":48023,"date":"2024-09-15T12:33:21","date_gmt":"2024-09-15T10:33:21","guid":{"rendered":"https:\/\/veganova.eu\/?post_type=product&#038;p=48023"},"modified":"2026-04-26T02:21:36","modified_gmt":"2026-04-26T00:21:36","slug":"applied-nutrition-mushroom-blend-160g","status":"publish","type":"product","link":"https:\/\/veganova.eu\/de\/shop\/applied-nutrition-mushroom-blend-160g\/","title":{"rendered":"Applied Nutrition Pilzmischung - 160g"},"content":{"rendered":"<h3>Applied Nutrition Pilzmischung - 160g<\/h3>\n<ul>\n<li>Mushroom Superblend<\/li>\n<li>8 Mushroom Formula<\/li>\n<li>A nourishing blend of Lions Mane, Maitake, Chaga, Cordyceps Sinensis, Reishi,<\/li>\n<li>Shiitake, King Trumpet &amp; Tremella<\/li>\n<\/ul>\n<p><span style=\"text-decoration: underline;\">FOOD SUPPLEMENT<\/span><\/p>\n<p>160 g | 40 Servings<\/p>\n<p>Applied Nutrition\u2019s Mushroom Superblend is a combination of 8 of the most powerful mushrooms to support your overall health, immunity and vitality. Our unique mushroom blend is the perfect way to boost your immune health, cognitive abilities, stress management, digestive health and improved energy levels, naturally and effectively. Our mushroom extract powder can be added without any preparation to smoothies and soups, or sprinkled on foods. Alternatively, add 1 level teaspoon to your favourite hot drink. Stir well.<\/p>","protected":false},"excerpt":{"rendered":"<p>Applied Nutrition Mushroom Blend ist eine Kombination aus 8 der st\u00e4rksten Pilze, um Ihre allgemeine Gesundheit, Immunit\u00e4t und Vitalit\u00e4t zu unterst\u00fctzen. Inhalt: 160g. Zertifizierung: vegan, glutenfrei.<\/p>","protected":false},"featured_media":52292,"comment_status":"closed","ping_status":"closed","template":"","meta":{"advanced_seo_description":"","jetpack_seo_html_title":"","jetpack_seo_noindex":false},"pwb-brand":[202],"product_brand":[4592],"product_cat":[2597,152],"product_tag":[],"class_list":{"0":"post-48023","1":"product","2":"type-product","3":"status-publish","4":"has-post-thumbnail","6":"pwb-brand-applied-nutrition","7":"product_brand-applied-nutrition","8":"product_cat-mushrooms","9":"product_cat-vitamins-and-minerals","10":"brand_woo-applied-nutrition","12":"first","13":"instock","14":"taxable","15":"shipping-taxable","16":"purchasable","17":"product-type-simple"},"jetpack_sharing_enabled":true,"brands":[{"id":202,"name":"Angewandte Ern\u00e4hrung","slug":"applied-nutrition"}],"_links":{"self":[{"href":"https:\/\/veganova.eu\/de\/wp-json\/wp\/v2\/product\/48023","targetHints":{"allow":["GET"]}}],"collection":[{"href":"https:\/\/veganova.eu\/de\/wp-json\/wp\/v2\/product"}],"about":[{"href":"https:\/\/veganova.eu\/de\/wp-json\/wp\/v2\/types\/product"}],"replies":[{"embeddable":true,"href":"https:\/\/veganova.eu\/de\/wp-json\/wp\/v2\/comments?post=48023"}],"version-history":[{"count":1,"href":"https:\/\/veganova.eu\/de\/wp-json\/wp\/v2\/product\/48023\/revisions"}],"predecessor-version":[{"id":59328,"href":"https:\/\/veganova.eu\/de\/wp-json\/wp\/v2\/product\/48023\/revisions\/59328"}],"wp:featuredmedia":[{"embeddable":true,"href":"https:\/\/veganova.eu\/de\/wp-json\/wp\/v2\/media\/52292"}],"wp:attachment":[{"href":"https:\/\/veganova.eu\/de\/wp-json\/wp\/v2\/media?parent=48023"}],"wp:term":[{"taxonomy":"pwb-brand","embeddable":true,"href":"https:\/\/veganova.eu\/de\/wp-json\/wp\/v2\/pwb-brand?post=48023"},{"taxonomy":"product_brand","embeddable":true,"href":"https:\/\/veganova.eu\/de\/wp-json\/wp\/v2\/product_brand?post=48023"},{"taxonomy":"product_cat","embeddable":true,"href":"https:\/\/veganova.eu\/de\/wp-json\/wp\/v2\/product_cat?post=48023"},{"taxonomy":"product_tag","embeddable":true,"href":"https:\/\/veganova.eu\/de\/wp-json\/wp\/v2\/product_tag?post=48023"}],"curies":[{"name":"wp","href":"https:\/\/api.w.org\/{rel}","templated":true}]}}