{"id":48073,"date":"2024-09-15T12:34:14","date_gmt":"2024-09-15T10:34:14","guid":{"rendered":"https:\/\/veganova.eu\/?post_type=product&#038;p=48073"},"modified":"2026-04-21T07:26:07","modified_gmt":"2026-04-21T05:26:07","slug":"rule-one-plant-protein-chocolate-670g","status":"publish","type":"product","link":"https:\/\/veganova.eu\/de\/shop\/rule-one-plant-protein-chocolate-670g\/","title":{"rendered":"Rule One Pflanzenprotein, Schokolade - 670g"},"content":{"rendered":"<h3>Rule One Pflanzenprotein, Schokolade - 670g<\/h3>\n<p>R1 Plant Protein wurde f\u00fcr Menschen entwickelt, die zus\u00e4tzliches Protein ben\u00f6tigen, aber tierische Produkte einschr\u00e4nken oder ganz vermeiden m\u00f6chten. Es liefert 20 g vegan- und paleo-freundliches Protein mit allen 9 essentiellen Aminos\u00e4uren (EAAs).<\/p>","protected":false},"excerpt":{"rendered":"<p>Rule One Plant Protein liefert 20 g veganes und Paleo-freundliches Protein, das alle 9 essentiellen Aminos\u00e4uren (EAAs) enth\u00e4lt. Geschmack: Schoko. Inhalt: 620g. Zertifizierung: vegan, glutenfrei.<\/p>","protected":false},"featured_media":52133,"comment_status":"closed","ping_status":"closed","template":"","meta":{"advanced_seo_description":"","jetpack_seo_html_title":"","jetpack_seo_noindex":false},"pwb-brand":[411],"product_brand":[4723],"product_cat":[132,133],"product_tag":[],"class_list":{"0":"post-48073","1":"product","2":"type-product","3":"status-publish","4":"has-post-thumbnail","6":"pwb-brand-rule-one","7":"product_brand-rule-one","8":"product_cat-sports-nutrition","9":"product_cat-vegan-proteins","10":"brand_woo-rule-one","12":"first","13":"instock","14":"sale","15":"taxable","16":"shipping-taxable","17":"purchasable","18":"product-type-simple"},"jetpack_sharing_enabled":true,"brands":[{"id":411,"name":"Regel Eins","slug":"rule-one"}],"_links":{"self":[{"href":"https:\/\/veganova.eu\/de\/wp-json\/wp\/v2\/product\/48073","targetHints":{"allow":["GET"]}}],"collection":[{"href":"https:\/\/veganova.eu\/de\/wp-json\/wp\/v2\/product"}],"about":[{"href":"https:\/\/veganova.eu\/de\/wp-json\/wp\/v2\/types\/product"}],"replies":[{"embeddable":true,"href":"https:\/\/veganova.eu\/de\/wp-json\/wp\/v2\/comments?post=48073"}],"version-history":[{"count":1,"href":"https:\/\/veganova.eu\/de\/wp-json\/wp\/v2\/product\/48073\/revisions"}],"predecessor-version":[{"id":59341,"href":"https:\/\/veganova.eu\/de\/wp-json\/wp\/v2\/product\/48073\/revisions\/59341"}],"wp:featuredmedia":[{"embeddable":true,"href":"https:\/\/veganova.eu\/de\/wp-json\/wp\/v2\/media\/52133"}],"wp:attachment":[{"href":"https:\/\/veganova.eu\/de\/wp-json\/wp\/v2\/media?parent=48073"}],"wp:term":[{"taxonomy":"pwb-brand","embeddable":true,"href":"https:\/\/veganova.eu\/de\/wp-json\/wp\/v2\/pwb-brand?post=48073"},{"taxonomy":"product_brand","embeddable":true,"href":"https:\/\/veganova.eu\/de\/wp-json\/wp\/v2\/product_brand?post=48073"},{"taxonomy":"product_cat","embeddable":true,"href":"https:\/\/veganova.eu\/de\/wp-json\/wp\/v2\/product_cat?post=48073"},{"taxonomy":"product_tag","embeddable":true,"href":"https:\/\/veganova.eu\/de\/wp-json\/wp\/v2\/product_tag?post=48073"}],"curies":[{"name":"wp","href":"https:\/\/api.w.org\/{rel}","templated":true}]}}