{"id":48121,"date":"2024-09-15T12:35:04","date_gmt":"2024-09-15T10:35:04","guid":{"rendered":"https:\/\/veganova.eu\/?post_type=product&#038;p=48121"},"modified":"2026-04-21T07:26:08","modified_gmt":"2026-04-21T05:26:08","slug":"jarrow-formulas-same-200-20-tabs","status":"publish","type":"product","link":"https:\/\/veganova.eu\/de\/shop\/jarrow-formulas-same-200-20-tabs\/","title":{"rendered":"Jarrow Formulas SAMe 200 - 20 Tabletten"},"content":{"rendered":"<h3>Jarrow Formulas SAMe 200 - 20 Tabletten<\/h3>\n<p>Jarrow Formulas SAMe 200 liefert volle 200 mg SAMe (Nettoausbeute) aus 400 mg SAMe-Tosylatdisulfat. SAMe 200 wird bei niedriger Temperatur und niedriger Luftfeuchtigkeit hergestellt und ist magensaftresistent, um ein biologisch aktives Produkt zu gew\u00e4hrleisten.<\/p>\n<p>Mit mehr der biologisch aktiven S,S- als der R,S-Form<br \/>\nSAMe kommt in allen lebenden Zellen vor und ist ein Metabolit von Methionin (einer essentiellen Aminos\u00e4ure). SAMe ist ein chirales Molek\u00fcl, das aus zwei Formen besteht: (S,S) SAMe und (R,S) SAMe. Die biologisch aktive Form ist die (S,S)-Struktur, w\u00e4hrend die (R,S)-Struktur biologisch inaktiv ist. Jarrow Formulas SAMe wird durch mikrobiologische Fermentation hergestellt und dann ohne chemische L\u00f6sungsmittel verarbeitet, um 68-80% (S,S) SAMe zu erhalten.<\/p>\n<p>SAMe unterst\u00fctzt:<\/p>\n<p>Gehirnstoffwechsel und Stimmung*<br \/>\nSAMe-Methylierungsreaktionen sind an der Synthese von Phosphatidylcholin beteiligt, einem wesentlichen Bestandteil der grauen Substanz im Gehirn und der Zellmembranen.* Es wurde auch vorgeschlagen, dass es an der Synthese von Phosphatidylcholin beteiligt ist.<br \/>\nbei der Bildung oder dem Stoffwechsel von Neurotransmittern, die dazu beitragen, dass<br \/>\nunterst\u00fctzen eine ausgeglichene Stimmung.*<\/p>\n<p>Gesundheit der Gelenke*<br \/>\nSAMe unterst\u00fctzt die Produktion von gesundem Bindegewebe durch Transulfurierung.* Bei diesem Transsulfurierungsprozess werden wichtige Bestandteile des Bindegewebes, die als Glykosaminoglykane (GAGs) bekannt sind, einschlie\u00dflich Glucosamin und Chondroitin, durch SAMe-Metaboliten sulfatiert, um sulfatierte GAGs wie Glucosaminsulfat und Chondroitinsulfat, die Bausteine des Knorpels, zu erhalten.*<\/p>\n<p>Leberfunktion*<br \/>\nSAMe unterst\u00fctzt die Synthese von Glutathion (GSH), das f\u00fcr die antioxidative Abwehr und die Leberfunktionen, einschlie\u00dflich der Phase-II-Entgiftung, von entscheidender Bedeutung ist.*<\/p>\n<p>Jarrow Formulas SAMe 200 ist in Folie verpackt, um die Stabilit\u00e4t zu maximieren und liefert 200 mg S-Adenosyl Methionin, das aus 400 mg SAMe Tosylat Disulfat gewonnen wird.<\/p>","protected":false},"excerpt":{"rendered":"<p>Jarrow Formulas SAMe 200 unterst\u00fctzt eine gesunde Leber, Gelenke und ist stimmungsaufhellend. Inhalt: 20 Tabletten. Zertifizierung: glutenfrei, vegan.<\/p>","protected":false},"featured_media":51903,"comment_status":"closed","ping_status":"closed","template":"","meta":{"advanced_seo_description":"","jetpack_seo_html_title":"","jetpack_seo_noindex":false},"pwb-brand":[165],"product_brand":[4572],"product_cat":[2593,286,143,2591,152],"product_tag":[],"class_list":{"0":"post-48121","1":"product","2":"type-product","3":"status-publish","4":"has-post-thumbnail","6":"pwb-brand-jarrow-formulas","7":"product_brand-jarrow-formulas","8":"product_cat-antioxidants","9":"product_cat-for-a-better-mood","10":"product_cat-health-issues","11":"product_cat-liver","12":"product_cat-vitamins-and-minerals","13":"brand_woo-jarrow-formulas","15":"first","16":"outofstock","17":"taxable","18":"shipping-taxable","19":"purchasable","20":"product-type-simple"},"jetpack_sharing_enabled":true,"brands":[{"id":165,"name":"Jarrow-Formeln","slug":"jarrow-formulas"}],"_links":{"self":[{"href":"https:\/\/veganova.eu\/de\/wp-json\/wp\/v2\/product\/48121","targetHints":{"allow":["GET"]}}],"collection":[{"href":"https:\/\/veganova.eu\/de\/wp-json\/wp\/v2\/product"}],"about":[{"href":"https:\/\/veganova.eu\/de\/wp-json\/wp\/v2\/types\/product"}],"replies":[{"embeddable":true,"href":"https:\/\/veganova.eu\/de\/wp-json\/wp\/v2\/comments?post=48121"}],"version-history":[{"count":1,"href":"https:\/\/veganova.eu\/de\/wp-json\/wp\/v2\/product\/48121\/revisions"}],"predecessor-version":[{"id":59357,"href":"https:\/\/veganova.eu\/de\/wp-json\/wp\/v2\/product\/48121\/revisions\/59357"}],"wp:featuredmedia":[{"embeddable":true,"href":"https:\/\/veganova.eu\/de\/wp-json\/wp\/v2\/media\/51903"}],"wp:attachment":[{"href":"https:\/\/veganova.eu\/de\/wp-json\/wp\/v2\/media?parent=48121"}],"wp:term":[{"taxonomy":"pwb-brand","embeddable":true,"href":"https:\/\/veganova.eu\/de\/wp-json\/wp\/v2\/pwb-brand?post=48121"},{"taxonomy":"product_brand","embeddable":true,"href":"https:\/\/veganova.eu\/de\/wp-json\/wp\/v2\/product_brand?post=48121"},{"taxonomy":"product_cat","embeddable":true,"href":"https:\/\/veganova.eu\/de\/wp-json\/wp\/v2\/product_cat?post=48121"},{"taxonomy":"product_tag","embeddable":true,"href":"https:\/\/veganova.eu\/de\/wp-json\/wp\/v2\/product_tag?post=48121"}],"curies":[{"name":"wp","href":"https:\/\/api.w.org\/{rel}","templated":true}]}}