{"id":48139,"date":"2024-09-15T12:35:23","date_gmt":"2024-09-15T10:35:23","guid":{"rendered":"https:\/\/veganova.eu\/?post_type=product&#038;p=48139"},"modified":"2026-05-02T02:27:35","modified_gmt":"2026-05-02T00:27:35","slug":"trained-by-jp-sustain-berry-burst-1800g","status":"publish","type":"product","link":"https:\/\/veganova.eu\/de\/shop\/trained-by-jp-sustain-berry-burst-1800g\/","title":{"rendered":"Geschult von JP Sustain, Berry Burst - 1800g"},"content":{"rendered":"<h3>Geschult von JP Sustain, Berry Burst - 1800g<\/h3>\n<p>Sustain ist unser Kohlenhydratpulver f\u00fcr das Training und den Wettkampf, das speziell f\u00fcr Spitzensportler entwickelt wurde.<\/p>\n<p>Wir verwenden patentierte Raspeln f\u00fcr unsere feuchtigkeitsspendenden Aminos\u00e4uren im CocoMineral und f\u00fcgen Glycerin und rosa Salz f\u00fcr weitere feuchtigkeitsspendende Vorteile hinzu.<\/p>\n<p>Als Kohlenhydratquelle haben wir eine Tri-Carb-Mischung verwendet, die aus patentiertem Vitargo (Gerstenst\u00e4rke), patentiertem zyklischem Dextrin und Fruktosepulver besteht.<\/p>\n<p>Das Ziel besteht darin, die Effizienz der Kohlenhydrataufnahme zu erh\u00f6hen, was in gr\u00f6\u00dferem Ma\u00dfe erreicht wird, wenn man die Quellen so kombiniert, wie wir es bei Sustain getan haben.<\/p>\n<p>Wir empfehlen dringend, Sustain w\u00e4hrend einer Trainingseinheit zu trinken und separat zu MPS Max oder essentiellen Aminos\u00e4uren einzunehmen. Wir empfehlen au\u00dferdem, Sustain mit mindestens 750 ml Wasser pro Portion zu konsumieren, 1 Liter pro 2 Portionen.<\/p>","protected":false},"excerpt":{"rendered":"<p>Trained by JP Sustain ist voll von Kohlenhydraten, Mineralien, Elektrolyten und essentiellen Aminos\u00e4uren. Geschmack: Berry Burst. Inhalt: 1800g. Zertifizierung: vegan.<\/p>","protected":false},"featured_media":52208,"comment_status":"closed","ping_status":"closed","template":"","meta":{"advanced_seo_description":"","jetpack_seo_html_title":"","jetpack_seo_noindex":false},"pwb-brand":[2217],"product_brand":[4954],"product_cat":[225,203,132],"product_tag":[],"class_list":{"0":"post-48139","1":"product","2":"type-product","3":"status-publish","4":"has-post-thumbnail","6":"pwb-brand-trained-by-jp","7":"product_brand-trained-by-jp","8":"product_cat-carbohydrates","9":"product_cat-pre-workout","10":"product_cat-sports-nutrition","11":"brand_woo-trained-by-jp","13":"first","14":"instock","15":"taxable","16":"shipping-taxable","17":"purchasable","18":"product-type-simple"},"jetpack_sharing_enabled":true,"brands":[{"id":2217,"name":"Ausgebildet von JP","slug":"trained-by-jp"}],"_links":{"self":[{"href":"https:\/\/veganova.eu\/de\/wp-json\/wp\/v2\/product\/48139","targetHints":{"allow":["GET"]}}],"collection":[{"href":"https:\/\/veganova.eu\/de\/wp-json\/wp\/v2\/product"}],"about":[{"href":"https:\/\/veganova.eu\/de\/wp-json\/wp\/v2\/types\/product"}],"replies":[{"embeddable":true,"href":"https:\/\/veganova.eu\/de\/wp-json\/wp\/v2\/comments?post=48139"}],"version-history":[{"count":1,"href":"https:\/\/veganova.eu\/de\/wp-json\/wp\/v2\/product\/48139\/revisions"}],"predecessor-version":[{"id":59364,"href":"https:\/\/veganova.eu\/de\/wp-json\/wp\/v2\/product\/48139\/revisions\/59364"}],"wp:featuredmedia":[{"embeddable":true,"href":"https:\/\/veganova.eu\/de\/wp-json\/wp\/v2\/media\/52208"}],"wp:attachment":[{"href":"https:\/\/veganova.eu\/de\/wp-json\/wp\/v2\/media?parent=48139"}],"wp:term":[{"taxonomy":"pwb-brand","embeddable":true,"href":"https:\/\/veganova.eu\/de\/wp-json\/wp\/v2\/pwb-brand?post=48139"},{"taxonomy":"product_brand","embeddable":true,"href":"https:\/\/veganova.eu\/de\/wp-json\/wp\/v2\/product_brand?post=48139"},{"taxonomy":"product_cat","embeddable":true,"href":"https:\/\/veganova.eu\/de\/wp-json\/wp\/v2\/product_cat?post=48139"},{"taxonomy":"product_tag","embeddable":true,"href":"https:\/\/veganova.eu\/de\/wp-json\/wp\/v2\/product_tag?post=48139"}],"curies":[{"name":"wp","href":"https:\/\/api.w.org\/{rel}","templated":true}]}}