{"id":5094,"date":"2023-10-01T17:08:35","date_gmt":"2023-10-01T15:08:35","guid":{"rendered":"https:\/\/veganova.eu\/?post_type=product&#038;p=5094"},"modified":"2026-04-28T02:23:32","modified_gmt":"2026-04-28T00:23:32","slug":"doctors-best-d-ribose-powder-250g","status":"publish","type":"product","link":"https:\/\/veganova.eu\/de\/shop\/doctors-best-d-ribose-powder-250g\/","title":{"rendered":"Doctor's Best D-Ribose, Pulver (250g)"},"content":{"rendered":"<h3>Doctor's Best D-Ribose, Pulver (250g)<\/h3>\n<p>Wissenschaftlich fundierte Ern\u00e4hrung<br \/>\n850 mg<br \/>\nNahrungserg\u00e4nzungsmittel<br \/>\nHilft, die ATP-Energieproduktion zu verbessern<br \/>\nVegan<br \/>\nNicht-GMO \/ Glutenfrei \/ Sojafrei<br \/>\nDoctor's Best D-Ribose ist ein einzigartiges 5-Kohlenstoff-Kohlenhydrat, das ein grundlegender Baustein von ATP (Adenosintriphosphat) ist, der Quelle aller zellul\u00e4ren Energie. Ribose ist der Ausgangspunkt und die geschwindigkeitsbeschr\u00e4nkende Verbindung bei der Synthese dieser grundlegenden zellul\u00e4ren Verbindungen. Die Verf\u00fcgbarkeit von Ribose bestimmt die Geschwindigkeit, mit der sie von unseren Zellen und Geweben hergestellt werden k\u00f6nnen. Studien haben gezeigt, dass eine Nahrungserg\u00e4nzung mit Ribose das Energieniveau des Herzens erh\u00f6hen und den kardiovaskul\u00e4ren Stoffwechsel unterst\u00fctzen kann. Weitere Studien deuten darauf hin, dass Ribose eine Rolle bei der Wiederherstellung der Muskelenergie nach dem Training spielt. Sportliche Bet\u00e4tigung erh\u00f6ht die Produktion freier Radikale im Muskelgewebe. Ribose kann die wichtigen antioxidativen Abwehrkr\u00e4fte des K\u00f6rpers st\u00e4rken und unterst\u00fctzen.<\/p>\n<p>Hilft, die Energieproduktion in Herz und Muskeln zu unterst\u00fctzen<br \/>\nF\u00f6rdert die Erholung der Muskeln nach dem Sport<br \/>\nHilft, die Produktion freier Radikale w\u00e4hrend des Trainings zu verringern<\/p>","protected":false},"excerpt":{"rendered":"<p>Das vegane Nahrungserg\u00e4nzungsmittel Doctor's Best D-Ribose, Powder eignet sich zur Regeneration nach dem Training und unterst\u00fctzt gleichzeitig die Energieproduktion in Herz und Muskeln. Die Packung enth\u00e4lt: 250g (Pulver).<\/p>","protected":false},"featured_media":53023,"comment_status":"closed","ping_status":"closed","template":"","meta":{"advanced_seo_description":"","jetpack_seo_html_title":"","jetpack_seo_noindex":false},"pwb-brand":[147],"product_brand":[4565],"product_cat":[152],"product_tag":[860,856,1158,1208,1197],"class_list":{"0":"post-5094","1":"product","2":"type-product","3":"status-publish","4":"has-post-thumbnail","6":"pwb-brand-doctors-best","7":"product_brand-doctors-best","8":"product_cat-vitamins-and-minerals","9":"product_tag-energy","10":"product_tag-for-athletes","11":"product_tag-heart","12":"product_tag-muscles","13":"product_tag-regeneration","14":"brand_woo-doctors-best","16":"first","17":"instock","18":"taxable","19":"shipping-taxable","20":"purchasable","21":"product-type-simple"},"jetpack_sharing_enabled":true,"brands":[{"id":147,"name":"Doctor's Best","slug":"doctors-best"}],"_links":{"self":[{"href":"https:\/\/veganova.eu\/de\/wp-json\/wp\/v2\/product\/5094","targetHints":{"allow":["GET"]}}],"collection":[{"href":"https:\/\/veganova.eu\/de\/wp-json\/wp\/v2\/product"}],"about":[{"href":"https:\/\/veganova.eu\/de\/wp-json\/wp\/v2\/types\/product"}],"replies":[{"embeddable":true,"href":"https:\/\/veganova.eu\/de\/wp-json\/wp\/v2\/comments?post=5094"}],"version-history":[{"count":1,"href":"https:\/\/veganova.eu\/de\/wp-json\/wp\/v2\/product\/5094\/revisions"}],"predecessor-version":[{"id":58207,"href":"https:\/\/veganova.eu\/de\/wp-json\/wp\/v2\/product\/5094\/revisions\/58207"}],"wp:featuredmedia":[{"embeddable":true,"href":"https:\/\/veganova.eu\/de\/wp-json\/wp\/v2\/media\/53023"}],"wp:attachment":[{"href":"https:\/\/veganova.eu\/de\/wp-json\/wp\/v2\/media?parent=5094"}],"wp:term":[{"taxonomy":"pwb-brand","embeddable":true,"href":"https:\/\/veganova.eu\/de\/wp-json\/wp\/v2\/pwb-brand?post=5094"},{"taxonomy":"product_brand","embeddable":true,"href":"https:\/\/veganova.eu\/de\/wp-json\/wp\/v2\/product_brand?post=5094"},{"taxonomy":"product_cat","embeddable":true,"href":"https:\/\/veganova.eu\/de\/wp-json\/wp\/v2\/product_cat?post=5094"},{"taxonomy":"product_tag","embeddable":true,"href":"https:\/\/veganova.eu\/de\/wp-json\/wp\/v2\/product_tag?post=5094"}],"curies":[{"name":"wp","href":"https:\/\/api.w.org\/{rel}","templated":true}]}}