{"id":5096,"date":"2023-10-01T17:08:35","date_gmt":"2023-10-01T15:08:35","guid":{"rendered":"https:\/\/veganova.eu\/?post_type=product&#038;p=5096"},"modified":"2026-04-21T07:24:32","modified_gmt":"2026-04-21T05:24:32","slug":"doctors-best-epicor-500mg-60-kaps","status":"publish","type":"product","link":"https:\/\/veganova.eu\/de\/shop\/doctors-best-epicor-500mg-60-kaps\/","title":{"rendered":"Doctor's Best Epicor, 500mg (60 Kapseln)"},"content":{"rendered":"<h3>Epicor - der beste Arzt<\/h3>\n<ul>\n<li>Dadurch wird die Kultur gestresst, worauf sie adaptiv reagiert und sch\u00fctzende Anti-Stress-Stoffwechselprodukte produziert.<\/li>\n<li>Die Hefezellen und die Kulturfl\u00fcssigkeit werden dann gesammelt, getrocknet und nach strengen Bioassay- und anderen Qualit\u00e4tssicherungsprotokollen zu EpiCor standardisiert.<\/li>\n<li>EpiCor enth\u00e4lt Phospholipide, unges\u00e4ttigte Fetts\u00e4uren, Flavonoide und andere nat\u00fcrliche Polyphenole, Phytosterole, Beta-Glucane, Mannan, Oligosaccharide, Aminos\u00e4uren, Vitamine, Mineralien und andere N\u00e4hrstoffe.<\/li>\n<li>Au\u00dferdem besitzt es eine ausgezeichnete antioxidative Aktivit\u00e4t, die beim ORAC-Test (oxygen radical absorbance capacity) typischerweise 450-650 betr\u00e4gt (hydrophil).<\/li>\n<li>Nach vier RCTs (doppelblinde, placebokontrollierte klinische Studien) wurde best\u00e4tigt, dass EpiCor (500 mg, einmal t\u00e4glich eingenommen) konsistente, klinisch relevante Vorteile f\u00fcr das Immunsystem mit sich bringt. Die Personen, die EpiCor einnahmen, wiesen eine deutlich bessere Immunfunktion auf als diejenigen, die ein Placebo einnahmen.<\/li>\n<li>EpiCor ist ein rein nat\u00fcrliches Nahrungserg\u00e4nzungsmittel zur Stimulierung des Immunsystems. Diese neue Erg\u00e4nzung ist ein Immunogen mit hohem Metabolitengehalt, eine komplexe N\u00e4hrstoffmischung Epicor ist eine nat\u00fcrliche immunst\u00e4rkende Verbindung, die in die einzigartige Kategorie eines Immunogens mit hohem Metabolitengehalt passt.<\/li>\n<li>EpiCor ist ein N\u00e4hrhefeferment, das den Zellstoffwechsel unterst\u00fctzt und die Immunfunktion moduliert.<\/li>\n<li>Epicor ist wahrscheinlich auch ein Pr\u00e4biotikum und kann das probiotische Gleichgewicht verbessern, indem es das Gedeihen \"freundlicher\" Bakterien im Darm unterst\u00fctzt.<\/li>\n<li>Wenn EpiCor zu probiotischen Bakterien hinzugef\u00fcgt wurde, erh\u00f6hte EpiCor die Zahl der freundlichen Laktobazillen und Bifidobakterien im Vergleich zu Placebo erheblich.<\/li>\n<\/ul>\n<p>&nbsp;<\/p>","protected":false},"excerpt":{"rendered":"<p>Das vegane Nahrungserg\u00e4nzungsmittel Doctor's Best Epicor 500 mg eignet sich zur Unterst\u00fctzung der Immunit\u00e4t und zur Schaffung eines gesunden Milieus im Darm. Die Packung enth\u00e4lt: 60 Kapseln.<\/p>","protected":false},"featured_media":53402,"comment_status":"closed","ping_status":"closed","template":"","meta":{"advanced_seo_description":"","jetpack_seo_html_title":"","jetpack_seo_noindex":false},"pwb-brand":[147],"product_brand":[4565],"product_cat":[2597,149],"product_tag":[1164,1116,1117,1242,1166],"class_list":{"0":"post-5096","1":"product","2":"type-product","3":"status-publish","4":"has-post-thumbnail","6":"pwb-brand-doctors-best","7":"product_brand-doctors-best","8":"product_cat-mushrooms","9":"product_cat-superfoods","10":"product_tag-bacteria","11":"product_tag-healthy-gut","12":"product_tag-immunity","13":"product_tag-medicinal-fungi","14":"product_tag-viruses","15":"brand_woo-doctors-best","17":"first","18":"instock","19":"sale","20":"taxable","21":"shipping-taxable","22":"purchasable","23":"product-type-simple"},"jetpack_sharing_enabled":true,"brands":[{"id":147,"name":"Doctor's Best","slug":"doctors-best"}],"_links":{"self":[{"href":"https:\/\/veganova.eu\/de\/wp-json\/wp\/v2\/product\/5096","targetHints":{"allow":["GET"]}}],"collection":[{"href":"https:\/\/veganova.eu\/de\/wp-json\/wp\/v2\/product"}],"about":[{"href":"https:\/\/veganova.eu\/de\/wp-json\/wp\/v2\/types\/product"}],"replies":[{"embeddable":true,"href":"https:\/\/veganova.eu\/de\/wp-json\/wp\/v2\/comments?post=5096"}],"version-history":[{"count":1,"href":"https:\/\/veganova.eu\/de\/wp-json\/wp\/v2\/product\/5096\/revisions"}],"predecessor-version":[{"id":58209,"href":"https:\/\/veganova.eu\/de\/wp-json\/wp\/v2\/product\/5096\/revisions\/58209"}],"wp:featuredmedia":[{"embeddable":true,"href":"https:\/\/veganova.eu\/de\/wp-json\/wp\/v2\/media\/53402"}],"wp:attachment":[{"href":"https:\/\/veganova.eu\/de\/wp-json\/wp\/v2\/media?parent=5096"}],"wp:term":[{"taxonomy":"pwb-brand","embeddable":true,"href":"https:\/\/veganova.eu\/de\/wp-json\/wp\/v2\/pwb-brand?post=5096"},{"taxonomy":"product_brand","embeddable":true,"href":"https:\/\/veganova.eu\/de\/wp-json\/wp\/v2\/product_brand?post=5096"},{"taxonomy":"product_cat","embeddable":true,"href":"https:\/\/veganova.eu\/de\/wp-json\/wp\/v2\/product_cat?post=5096"},{"taxonomy":"product_tag","embeddable":true,"href":"https:\/\/veganova.eu\/de\/wp-json\/wp\/v2\/product_tag?post=5096"}],"curies":[{"name":"wp","href":"https:\/\/api.w.org\/{rel}","templated":true}]}}