{"id":5098,"date":"2023-10-01T17:08:38","date_gmt":"2023-10-01T15:08:38","guid":{"rendered":"https:\/\/veganova.eu\/?post_type=product&#038;p=5098"},"modified":"2026-04-21T07:24:32","modified_gmt":"2026-04-21T05:24:32","slug":"doctors-best-fast-acting-arginine-complex-with-nitrosigine-750mg-60-tab","status":"publish","type":"product","link":"https:\/\/veganova.eu\/de\/shop\/doctors-best-fast-acting-arginine-complex-with-nitrosigine-750mg-60-tab\/","title":{"rendered":"Doctor's Best Fast Acting Arginine Complex mit Nitrosigin, 750mg (60 tab)"},"content":{"rendered":"<h3>Doctor's Best Fast Acting Arginine Complex mit Nitrosigin, 750mg (60 tab)<\/h3>\n<p>Wissenschaftlich fundierte Ern\u00e4hrung<br \/>\nHilft, den Stickstoffmonoxid (NO)-Spiegel zu erh\u00f6hen, um die allgemeine kardiovaskul\u00e4re Gesundheit zu unterst\u00fctzen<br \/>\nNahrungserg\u00e4nzungsmittel<br \/>\nVegan<br \/>\nNicht-GMO\/Glutenfrei\/Sojafrei<br \/>\nDoctor's Best Fast Acting Arginine Complex with Nitrosigine verwendet eine patentierte gebundene Form von Argininsilikat, von der klinisch erwiesen ist, dass sie den Stickstoffoxidspiegel (NO) deutlich erh\u00f6ht. NO ist ein Schl\u00fcsselfaktor f\u00fcr die Erh\u00f6hung des Blutflusses zu den arbeitenden Muskeln. Es wurde so entwickelt, dass es innerhalb von 15 Minuten wirkt und w\u00e4hrend des gesamten Trainings bis zu 6 Stunden lang seine Wirkung entfaltet - mit einer einzigen Dosis! Bei fortgesetzter Einnahme steigt der NO-Spiegel, was die Durchblutung und die Flexibilit\u00e4t der Blutgef\u00e4\u00dfe verbessern kann.<\/p>\n<p>Hilft bei der Unterst\u00fctzung des Arginin- und Siliziumspiegels<br \/>\nHilft, den Stickstoffmonoxid (NO)-Spiegel zu erh\u00f6hen, um die allgemeine kardiovaskul\u00e4re Gesundheit zu unterst\u00fctzen<br \/>\nSchnell wirkender, fortschrittlicher Wirkstoff, der innerhalb von 15 Minuten wirkt und mit einer einzigen Dosis bis zu 6 Stunden anh\u00e4lt<\/p>","protected":false},"excerpt":{"rendered":"<p>Veganes Nahrungserg\u00e4nzungsmittel Doctor's Best Fast Acting Arginine Complex mit Nitrosigine, 750mg unterst\u00fctzt die Blutzirkulation und ein gesundes Herz. Die Wirkung setzt innerhalb von 30 Minuten ein und die Wirkung h\u00e4lt \u00fcber 3 Stunden an. Die Packung enth\u00e4lt: 60 Tabletten. Glutenfrei, GVO-frei.<\/p>","protected":false},"featured_media":53019,"comment_status":"closed","ping_status":"closed","template":"","meta":{"advanced_seo_description":"","jetpack_seo_html_title":"","jetpack_seo_noindex":false},"pwb-brand":[147],"product_brand":[4565],"product_cat":[174,152],"product_tag":[599,601,602,603],"class_list":{"0":"post-5098","1":"product","2":"type-product","3":"status-publish","4":"has-post-thumbnail","6":"pwb-brand-doctors-best","7":"product_brand-doctors-best","8":"product_cat-amino-acids","9":"product_cat-vitamins-and-minerals","10":"product_tag-gluten-free","11":"product_tag-non-gmo","12":"product_tag-vegan","13":"product_tag-vege","14":"brand_woo-doctors-best","16":"first","17":"instock","18":"taxable","19":"shipping-taxable","20":"purchasable","21":"product-type-simple"},"jetpack_sharing_enabled":true,"brands":[{"id":147,"name":"Doctor's Best","slug":"doctors-best"}],"_links":{"self":[{"href":"https:\/\/veganova.eu\/de\/wp-json\/wp\/v2\/product\/5098","targetHints":{"allow":["GET"]}}],"collection":[{"href":"https:\/\/veganova.eu\/de\/wp-json\/wp\/v2\/product"}],"about":[{"href":"https:\/\/veganova.eu\/de\/wp-json\/wp\/v2\/types\/product"}],"replies":[{"embeddable":true,"href":"https:\/\/veganova.eu\/de\/wp-json\/wp\/v2\/comments?post=5098"}],"version-history":[{"count":1,"href":"https:\/\/veganova.eu\/de\/wp-json\/wp\/v2\/product\/5098\/revisions"}],"predecessor-version":[{"id":58211,"href":"https:\/\/veganova.eu\/de\/wp-json\/wp\/v2\/product\/5098\/revisions\/58211"}],"wp:featuredmedia":[{"embeddable":true,"href":"https:\/\/veganova.eu\/de\/wp-json\/wp\/v2\/media\/53019"}],"wp:attachment":[{"href":"https:\/\/veganova.eu\/de\/wp-json\/wp\/v2\/media?parent=5098"}],"wp:term":[{"taxonomy":"pwb-brand","embeddable":true,"href":"https:\/\/veganova.eu\/de\/wp-json\/wp\/v2\/pwb-brand?post=5098"},{"taxonomy":"product_brand","embeddable":true,"href":"https:\/\/veganova.eu\/de\/wp-json\/wp\/v2\/product_brand?post=5098"},{"taxonomy":"product_cat","embeddable":true,"href":"https:\/\/veganova.eu\/de\/wp-json\/wp\/v2\/product_cat?post=5098"},{"taxonomy":"product_tag","embeddable":true,"href":"https:\/\/veganova.eu\/de\/wp-json\/wp\/v2\/product_tag?post=5098"}],"curies":[{"name":"wp","href":"https:\/\/api.w.org\/{rel}","templated":true}]}}