{"id":5109,"date":"2023-10-01T17:08:42","date_gmt":"2023-10-01T15:08:42","guid":{"rendered":"https:\/\/veganova.eu\/?post_type=product&#038;p=5109"},"modified":"2026-04-21T07:24:33","modified_gmt":"2026-04-21T05:24:33","slug":"doctors-best-high-absorption-curcumin-from-turmeric-root-with-c3-complex-bioperine-1000mg-120-tab","status":"publish","type":"product","link":"https:\/\/veganova.eu\/de\/shop\/doctors-best-high-absorption-curcumin-from-turmeric-root-with-c3-complex-bioperine-1000mg-120-tab\/","title":{"rendered":"Doctor's Best High Absorption Curcumin aus Kurkuma-Wurzel mit C3-Komplex &amp; BioPerine, 1000mg (120 tab)"},"content":{"rendered":"<h3>Doctor's Best High Absorption Curcumin aus Kurkuma-Wurzel mit C3-Komplex &amp; BioPerine, 1000mg (120 tab)<\/h3>\n<p>Was ist Doctor's Best Curcumin C3 Complex?<br \/>\nDoctor's Best Curcumin C3 Complex ist ein starkes Antioxidans, das Zellen und Gewebe sch\u00fctzt, indem es freie Radikale bek\u00e4mpft. Es unterst\u00fctzt au\u00dferdem nachweislich die gesunde Funktion der Gelenke. Curcumin C3 Complex enth\u00e4lt einen standardisierten Extrakt aus der Curcuma longa-Wurzel und liefert insgesamt 95% Curcuminoide, darunter Curcumin, Bisdemethoxy-Curcumin und Demethoxy-Curcumin. Da Curcumin nur schwer absorbiert werden kann, f\u00fcgen wir BioPerine, einen Extrakt aus der Frucht des Schwarzen Pfeffers, der 95-98% Piperin enth\u00e4lt, als nat\u00fcrlichen Bioenhancer hinzu.<\/p>\n<p>Wie funktioniert das?<br \/>\nUmfangreiche Forschungsarbeiten des letzten Vierteljahrhunderts deuten darauf hin, dass Curcumin dazu beitragen kann, Giftstoffe zu bek\u00e4mpfen und das \u00dcberleben der Zellen auf andere Weise zu beeinflussen. Aufgrund der starken Radikalf\u00e4ngeraktivit\u00e4t der Curcumine ging es kultivierten menschlichen Hautzellen, die von freien Radikalen angegriffen wurden, besser, wenn Curcumin oder eine Mischung der drei Hauptcurcumine verabreicht wurde. Dar\u00fcber hinaus hatten die drei Curcumine zusammen eine st\u00e4rkere Wirkung als eine gleiche Menge Curcumin, was einige Wissenschaftler dazu veranlasst hat, von einer synergistischen Wirkung der Kombination zu sprechen.<\/p>\n<p>Warum sollte ich Doctor's Best Curcumin C3 Complex einnehmen?<br \/>\nDie zahlreichen positiven Wirkungen, die der Kurkumawurzel zugeschrieben werden, h\u00e4ngen mit den antioxidativen Eigenschaften der in ihr enthaltenen Curcumine zusammen. Diese antioxidative Wirkung kann freie Radikale neutralisieren, die die Integrit\u00e4t der Zellstrukturen bedrohen. Freie Radikale k\u00f6nnen \"oxidativen Stress\" verursachen, einen Prozess, der Zellsch\u00e4den ausl\u00f6sen kann. Und es wird angenommen, dass oxidativer Stress bei einer Vielzahl von Krankheiten eine Rolle spielt. Die Wirksamkeit von Curcumin C3 Complex wurde in \u00fcber 50 wissenschaftlichen Studien best\u00e4tigt.<\/p>","protected":false},"excerpt":{"rendered":"<p>Veganes Nahrungserg\u00e4nzungsmittel Doctor's Best High Absorption Curcumin aus der Kurkumawurzel mit C3-Komplex &amp; BioPerin hat antioxidative Wirkung, st\u00e4rkt die Immunit\u00e4t und sch\u00fctzt die Zellen vor Sch\u00e4den. Die Packung enth\u00e4lt: 120 Tabletten. Glutenfrei, GVO-frei.<\/p>","protected":false},"featured_media":53007,"comment_status":"closed","ping_status":"closed","template":"","meta":{"advanced_seo_description":"","jetpack_seo_html_title":"","jetpack_seo_noindex":false},"pwb-brand":[147],"product_brand":[4565],"product_cat":[149],"product_tag":[1093,1117,1155,1154,1153],"class_list":{"0":"post-5109","1":"product","2":"type-product","3":"status-publish","4":"has-post-thumbnail","6":"pwb-brand-doctors-best","7":"product_brand-doctors-best","8":"product_cat-superfoods","9":"product_tag-antioxidant","10":"product_tag-immunity","11":"product_tag-inflammation","12":"product_tag-liver","13":"product_tag-vessels","14":"brand_woo-doctors-best","16":"first","17":"instock","18":"taxable","19":"shipping-taxable","20":"purchasable","21":"product-type-simple"},"jetpack_sharing_enabled":true,"brands":[{"id":147,"name":"Doctor's Best","slug":"doctors-best"}],"_links":{"self":[{"href":"https:\/\/veganova.eu\/de\/wp-json\/wp\/v2\/product\/5109","targetHints":{"allow":["GET"]}}],"collection":[{"href":"https:\/\/veganova.eu\/de\/wp-json\/wp\/v2\/product"}],"about":[{"href":"https:\/\/veganova.eu\/de\/wp-json\/wp\/v2\/types\/product"}],"replies":[{"embeddable":true,"href":"https:\/\/veganova.eu\/de\/wp-json\/wp\/v2\/comments?post=5109"}],"version-history":[{"count":1,"href":"https:\/\/veganova.eu\/de\/wp-json\/wp\/v2\/product\/5109\/revisions"}],"predecessor-version":[{"id":58222,"href":"https:\/\/veganova.eu\/de\/wp-json\/wp\/v2\/product\/5109\/revisions\/58222"}],"wp:featuredmedia":[{"embeddable":true,"href":"https:\/\/veganova.eu\/de\/wp-json\/wp\/v2\/media\/53007"}],"wp:attachment":[{"href":"https:\/\/veganova.eu\/de\/wp-json\/wp\/v2\/media?parent=5109"}],"wp:term":[{"taxonomy":"pwb-brand","embeddable":true,"href":"https:\/\/veganova.eu\/de\/wp-json\/wp\/v2\/pwb-brand?post=5109"},{"taxonomy":"product_brand","embeddable":true,"href":"https:\/\/veganova.eu\/de\/wp-json\/wp\/v2\/product_brand?post=5109"},{"taxonomy":"product_cat","embeddable":true,"href":"https:\/\/veganova.eu\/de\/wp-json\/wp\/v2\/product_cat?post=5109"},{"taxonomy":"product_tag","embeddable":true,"href":"https:\/\/veganova.eu\/de\/wp-json\/wp\/v2\/product_tag?post=5109"}],"curies":[{"name":"wp","href":"https:\/\/api.w.org\/{rel}","templated":true}]}}