{"id":5110,"date":"2023-10-01T17:08:43","date_gmt":"2023-10-01T15:08:43","guid":{"rendered":"https:\/\/veganova.eu\/?post_type=product&#038;p=5110"},"modified":"2026-04-21T07:24:33","modified_gmt":"2026-04-21T05:24:33","slug":"doctors-best-high-absorption-iron-27mg-120-tab","status":"publish","type":"product","link":"https:\/\/veganova.eu\/de\/shop\/doctors-best-high-absorption-iron-27mg-120-tab\/","title":{"rendered":"Doctor's Best Eisen mit hoher Absorption, 27mg (120 Tabletten)"},"content":{"rendered":"<h3>Doctor's Best Eisen mit hoher Absorption<\/h3>\n<ul>\n<li>Doctor's Best High Absorption Iron mit Ferrochel ist chelatiert, um die Bioverf\u00fcgbarkeit zu erh\u00f6hen und \u00dcbelkeit und Verdauungsst\u00f6rungen zu vermeiden, die h\u00e4ufig durch Eisenerg\u00e4nzung verursacht werden.<\/li>\n<li>Die Chelatbildung erm\u00f6glicht es dem Eisen, die Darmwand zu passieren, wo die Mineralien optimal aufgenommen werden.<\/li>\n<li>Eisen ist ein wesentlicher Mineralstoff, der zur Bildung normaler roter Blutk\u00f6rperchen beitr\u00e4gt. Es ist ein wichtiger Bestandteil des H\u00e4moglobins, das den Sauerstoff durch den K\u00f6rper transportiert.<\/li>\n<\/ul>","protected":false},"excerpt":{"rendered":"<p>Das vegane Nahrungserg\u00e4nzungsmittel Doctor's Best High Absorption Iron, 27mg ist ideal, wenn Sie Eisen zu sich nehmen m\u00fcssen, Ihnen aber bei der Einnahme \u00fcbel wird. Dieses Produkt sorgt f\u00fcr eine schnelle Aufnahme, ohne Ihren Magen zu belasten. Die Packung enth\u00e4lt: 120 Tabletten. Glutenfrei, GVO-frei.<\/p>","protected":false},"featured_media":53392,"comment_status":"closed","ping_status":"closed","template":"","meta":{"advanced_seo_description":"","jetpack_seo_html_title":"","jetpack_seo_noindex":false},"pwb-brand":[147],"product_brand":[4565],"product_cat":[172,152],"product_tag":[1206,860,1208,1207],"class_list":{"0":"post-5110","1":"product","2":"type-product","3":"status-publish","4":"has-post-thumbnail","6":"pwb-brand-doctors-best","7":"product_brand-doctors-best","8":"product_cat-minerals","9":"product_cat-vitamins-and-minerals","10":"product_tag-blood-production","11":"product_tag-energy","12":"product_tag-muscles","13":"product_tag-strength","14":"brand_woo-doctors-best","16":"first","17":"instock","18":"taxable","19":"shipping-taxable","20":"purchasable","21":"product-type-simple"},"jetpack_sharing_enabled":true,"brands":[{"id":147,"name":"Doctor's Best","slug":"doctors-best"}],"_links":{"self":[{"href":"https:\/\/veganova.eu\/de\/wp-json\/wp\/v2\/product\/5110","targetHints":{"allow":["GET"]}}],"collection":[{"href":"https:\/\/veganova.eu\/de\/wp-json\/wp\/v2\/product"}],"about":[{"href":"https:\/\/veganova.eu\/de\/wp-json\/wp\/v2\/types\/product"}],"replies":[{"embeddable":true,"href":"https:\/\/veganova.eu\/de\/wp-json\/wp\/v2\/comments?post=5110"}],"version-history":[{"count":1,"href":"https:\/\/veganova.eu\/de\/wp-json\/wp\/v2\/product\/5110\/revisions"}],"predecessor-version":[{"id":58223,"href":"https:\/\/veganova.eu\/de\/wp-json\/wp\/v2\/product\/5110\/revisions\/58223"}],"wp:featuredmedia":[{"embeddable":true,"href":"https:\/\/veganova.eu\/de\/wp-json\/wp\/v2\/media\/53392"}],"wp:attachment":[{"href":"https:\/\/veganova.eu\/de\/wp-json\/wp\/v2\/media?parent=5110"}],"wp:term":[{"taxonomy":"pwb-brand","embeddable":true,"href":"https:\/\/veganova.eu\/de\/wp-json\/wp\/v2\/pwb-brand?post=5110"},{"taxonomy":"product_brand","embeddable":true,"href":"https:\/\/veganova.eu\/de\/wp-json\/wp\/v2\/product_brand?post=5110"},{"taxonomy":"product_cat","embeddable":true,"href":"https:\/\/veganova.eu\/de\/wp-json\/wp\/v2\/product_cat?post=5110"},{"taxonomy":"product_tag","embeddable":true,"href":"https:\/\/veganova.eu\/de\/wp-json\/wp\/v2\/product_tag?post=5110"}],"curies":[{"name":"wp","href":"https:\/\/api.w.org\/{rel}","templated":true}]}}