{"id":5114,"date":"2023-10-01T17:08:44","date_gmt":"2023-10-01T15:08:44","guid":{"rendered":"https:\/\/veganova.eu\/?post_type=product&#038;p=5114"},"modified":"2026-04-21T07:24:33","modified_gmt":"2026-04-21T05:24:33","slug":"doctors-best-l-arginine-sustained-immediate-release-500mg-120-tab","status":"publish","type":"product","link":"https:\/\/veganova.eu\/de\/shop\/doctors-best-l-arginine-sustained-immediate-release-500mg-120-tab\/","title":{"rendered":"Doctor's Best L-Arginin Dauerhaft + Sofortige Freisetzung, 500mg (120 Tab)"},"content":{"rendered":"<h3>Doctor's Best L-Arginin Dauerhaft + Sofortige Freisetzung, 500mg (120 Tab)<\/h3>\n<p>Was ist Doctor's Best Sustained Plus Immediate Release Arginin?<br \/>\nDoctor's Best Sustained Plus Immediate Release Arginin f\u00f6rdert ein gesundes Herz-Kreislauf-System, unterst\u00fctzt einen gesunden Kreislauf und die Herzfunktion. Es hat sich gezeigt, dass L-Arginin das Herz-Kreislauf-System durch seine Umwandlung in Stickstoffoxid unterst\u00fctzt. Die Forschung legt nahe, dass eine L-Arginin-Supplementierung auch positive Auswirkungen auf die sportliche Leistung haben kann. Zwei Tabletten Doctor's Best Sustained Plus Immediate Release Arginine liefern 1000 mg L-Arginin in einer Doppelschichttablette, wobei zwei Tabletten 500 mg L-Arginin mit verz\u00f6gerter und 500 mg mit sofortiger Freisetzung liefern. Diese Technologie erm\u00f6glicht einen erh\u00f6hten Blutspiegel von L-Arginin \u00fcber einen kontinuierlichen Zeitraum von bis zu 8 Stunden.<\/p>\n<p>Wie funktioniert das?<br \/>\nKlinische Studien haben gezeigt, dass eine orale L-Arginin-Supplementierung verschiedene Aspekte der kardiovaskul\u00e4ren Gesundheit unterst\u00fctzt. Eine randomisierte, doppelblinde, placebokontrollierte Studie ergab, dass eine sechsw\u00f6chige L-Arginin-Supplementierung im Vergleich zu Placebo die Durchblutung verbesserte und eine gesunde Herzfunktion unterst\u00fctzte. Die Wirkung von L-Arginin war auf seine Rolle bei der NO-Produktion zur\u00fcckzuf\u00fchren. Andere klinische Studien haben gezeigt, dass eine orale L-Arginin-Supplementierung zu einer verbesserten Belastungstoleranz beitr\u00e4gt, da sie die Durchblutung des Herzens und die Vasodilatation der Blutgef\u00e4\u00dfe verbessert. Die Anreicherung der Ern\u00e4hrung mit L-Arginin bei gesunden Personen hat gezeigt, dass sie den Blutdruck bereits im Normalbereich unterst\u00fctzt. Die Gesamtergebnisse dieser und anderer klinischer Studien zeigen, dass die langfristige Verabreichung dieser Aminos\u00e4ure die Endothelfunktion deutlich verbessert.<\/p>\n<p>Warum sollte man Arginin mit verz\u00f6gerter und sofortiger Freisetzung einnehmen?<br \/>\nEs hat sich gezeigt, dass der normale Alterungsprozess beim Menschen mit fortschreitenden Ver\u00e4nderungen der Endothelfunktion (Zellen, die die inneren Oberfl\u00e4chen der Blutgef\u00e4\u00dfe auskleiden) einhergeht. Forschungsergebnisse deuten darauf hin, dass ein Hauptgrund f\u00fcr diese allgemeinen Ver\u00e4nderungen im Zusammenhang mit dem Alterungsprozess eine verminderte Produktion oder Bioverf\u00fcgbarkeit von Stickstoffmonoxid (NO) in Gef\u00e4\u00dfen und Geweben ist. L-Arginin ist ein Substrat f\u00fcr das Enzym Stickstoffmonoxid-Synthase, das f\u00fcr die Produktion von Stickstoffmonoxid im K\u00f6rper erforderlich ist. Stickstoffmonoxid ist eine Substanz, die f\u00fcr die Aufrechterhaltung einer normalen Gef\u00e4\u00dffunktion entscheidend ist. NO vermittelt eine Reihe von physiologischen Effekten auf das kardiovaskul\u00e4re System, einschlie\u00dflich der Unterst\u00fctzung einer gesunden Endothelfunktion, der F\u00f6rderung der kardiovaskul\u00e4ren Gesundheit und starker antioxidativer Eigenschaften gegen freie Radikale.<\/p>","protected":false},"excerpt":{"rendered":"<p>Veganes Nahrungserg\u00e4nzungsmittel Doctor's Best L-Arginine Sustained Immediate Release, 500mg unterst\u00fctzt den Blutkreislauf und ein gesundes Herz-Kreislauf-System. Die Packung enth\u00e4lt: 120 Tabletten. Glutenfrei, GVO-frei.<\/p>","protected":false},"featured_media":53004,"comment_status":"closed","ping_status":"closed","template":"","meta":{"advanced_seo_description":"","jetpack_seo_html_title":"","jetpack_seo_noindex":false},"pwb-brand":[147],"product_brand":[4565],"product_cat":[174,132],"product_tag":[1241,1157,860,1158,1181],"class_list":{"0":"post-5114","1":"product","2":"type-product","3":"status-publish","4":"has-post-thumbnail","6":"pwb-brand-doctors-best","7":"product_brand-doctors-best","8":"product_cat-amino-acids","9":"product_cat-sports-nutrition","10":"product_tag-cardiovascular-system","11":"product_tag-circulation","12":"product_tag-energy","13":"product_tag-heart","14":"product_tag-performance","15":"brand_woo-doctors-best","17":"first","18":"instock","19":"sale","20":"taxable","21":"shipping-taxable","22":"purchasable","23":"product-type-simple"},"jetpack_sharing_enabled":true,"brands":[{"id":147,"name":"Doctor's Best","slug":"doctors-best"}],"_links":{"self":[{"href":"https:\/\/veganova.eu\/de\/wp-json\/wp\/v2\/product\/5114","targetHints":{"allow":["GET"]}}],"collection":[{"href":"https:\/\/veganova.eu\/de\/wp-json\/wp\/v2\/product"}],"about":[{"href":"https:\/\/veganova.eu\/de\/wp-json\/wp\/v2\/types\/product"}],"replies":[{"embeddable":true,"href":"https:\/\/veganova.eu\/de\/wp-json\/wp\/v2\/comments?post=5114"}],"version-history":[{"count":1,"href":"https:\/\/veganova.eu\/de\/wp-json\/wp\/v2\/product\/5114\/revisions"}],"predecessor-version":[{"id":58227,"href":"https:\/\/veganova.eu\/de\/wp-json\/wp\/v2\/product\/5114\/revisions\/58227"}],"wp:featuredmedia":[{"embeddable":true,"href":"https:\/\/veganova.eu\/de\/wp-json\/wp\/v2\/media\/53004"}],"wp:attachment":[{"href":"https:\/\/veganova.eu\/de\/wp-json\/wp\/v2\/media?parent=5114"}],"wp:term":[{"taxonomy":"pwb-brand","embeddable":true,"href":"https:\/\/veganova.eu\/de\/wp-json\/wp\/v2\/pwb-brand?post=5114"},{"taxonomy":"product_brand","embeddable":true,"href":"https:\/\/veganova.eu\/de\/wp-json\/wp\/v2\/product_brand?post=5114"},{"taxonomy":"product_cat","embeddable":true,"href":"https:\/\/veganova.eu\/de\/wp-json\/wp\/v2\/product_cat?post=5114"},{"taxonomy":"product_tag","embeddable":true,"href":"https:\/\/veganova.eu\/de\/wp-json\/wp\/v2\/product_tag?post=5114"}],"curies":[{"name":"wp","href":"https:\/\/api.w.org\/{rel}","templated":true}]}}