{"id":5115,"date":"2023-10-01T17:08:44","date_gmt":"2023-10-01T15:08:44","guid":{"rendered":"https:\/\/veganova.eu\/?post_type=product&#038;p=5115"},"modified":"2026-04-21T07:24:33","modified_gmt":"2026-04-21T05:24:33","slug":"doctors-best-l-carnitine-fumarate-855mg-180-kaps","status":"publish","type":"product","link":"https:\/\/veganova.eu\/de\/shop\/doctors-best-l-carnitine-fumarate-855mg-180-kaps\/","title":{"rendered":"Doctor's Best L-Carnitine Fumarate, 855mg (180 Kapseln)"},"content":{"rendered":"<h3>Doctor's Best L-Carnitin Fumarat<\/h3>\n<ul>\n<li>Doctor's Best L-Carnitine Fumarate hilft dem K\u00f6rper, Fett zur Energiegewinnung zu verbrennen, und tr\u00e4gt zur Erhaltung eines gesunden Herzens und eines gesunden Herz-Kreislauf-Systems bei.<\/li>\n<li>L-Carnitin ist ein N\u00e4hrstoff, der die Energieproduktion in den Zellen unterst\u00fctzt, indem er Fetts\u00e4uren zu den Mitochondrien transportiert, einer intrazellul\u00e4ren Struktur, die metabolische Energie in Form von ATP erzeugt.<\/li>\n<li>In dieser Rolle hilft L-Carnitin dem K\u00f6rper, Fett effizient zu verstoffwechseln.<\/li>\n<li>Fumarat ist eine nat\u00fcrlich vorkommende Verbindung im K\u00f6rper. Fumarat dient als Zwischenprodukt im Krebs-Zyklus, einem wichtigen Prozess der Energiegewinnung, der in den Mitochondrien abl\u00e4uft.<\/li>\n<li>Doctor's Best Carnitin Fumarat wird aus L-Carnitin in pharmazeutischer Qualit\u00e4t gewonnen, das durch ein patentiertes, von der FDA genehmigtes Verfahren hergestellt wird.<\/li>\n<\/ul>\n<p>&nbsp;<\/p>","protected":false},"excerpt":{"rendered":"<p>Vegan nutritional supplement Doctor&#8217;s Best L-Carnitine Fumarate, 855mg supports metabolism, blood circulation and energy production. The package contains: 180 capsules. Gluten-free, GMO-free.<\/p>","protected":false},"featured_media":53383,"comment_status":"closed","ping_status":"closed","template":"","meta":{"advanced_seo_description":"","jetpack_seo_html_title":"","jetpack_seo_noindex":false},"pwb-brand":[147],"product_brand":[4565],"product_cat":[174,132],"product_tag":[1200,860,1097,1059],"class_list":{"0":"post-5115","1":"product","2":"type-product","3":"status-publish","4":"has-post-thumbnail","6":"pwb-brand-doctors-best","7":"product_brand-doctors-best","8":"product_cat-amino-acids","9":"product_cat-sports-nutrition","10":"product_tag-blood-circulation","11":"product_tag-energy","12":"product_tag-fat-metabolism","13":"product_tag-healthy-metabolism","14":"brand_woo-doctors-best","16":"first","17":"instock","18":"sale","19":"taxable","20":"shipping-taxable","21":"purchasable","22":"product-type-simple"},"jetpack_sharing_enabled":true,"brands":[{"id":147,"name":"Doctor's Best","slug":"doctors-best"}],"_links":{"self":[{"href":"https:\/\/veganova.eu\/de\/wp-json\/wp\/v2\/product\/5115","targetHints":{"allow":["GET"]}}],"collection":[{"href":"https:\/\/veganova.eu\/de\/wp-json\/wp\/v2\/product"}],"about":[{"href":"https:\/\/veganova.eu\/de\/wp-json\/wp\/v2\/types\/product"}],"replies":[{"embeddable":true,"href":"https:\/\/veganova.eu\/de\/wp-json\/wp\/v2\/comments?post=5115"}],"version-history":[{"count":1,"href":"https:\/\/veganova.eu\/de\/wp-json\/wp\/v2\/product\/5115\/revisions"}],"predecessor-version":[{"id":58228,"href":"https:\/\/veganova.eu\/de\/wp-json\/wp\/v2\/product\/5115\/revisions\/58228"}],"wp:featuredmedia":[{"embeddable":true,"href":"https:\/\/veganova.eu\/de\/wp-json\/wp\/v2\/media\/53383"}],"wp:attachment":[{"href":"https:\/\/veganova.eu\/de\/wp-json\/wp\/v2\/media?parent=5115"}],"wp:term":[{"taxonomy":"pwb-brand","embeddable":true,"href":"https:\/\/veganova.eu\/de\/wp-json\/wp\/v2\/pwb-brand?post=5115"},{"taxonomy":"product_brand","embeddable":true,"href":"https:\/\/veganova.eu\/de\/wp-json\/wp\/v2\/product_brand?post=5115"},{"taxonomy":"product_cat","embeddable":true,"href":"https:\/\/veganova.eu\/de\/wp-json\/wp\/v2\/product_cat?post=5115"},{"taxonomy":"product_tag","embeddable":true,"href":"https:\/\/veganova.eu\/de\/wp-json\/wp\/v2\/product_tag?post=5115"}],"curies":[{"name":"wp","href":"https:\/\/api.w.org\/{rel}","templated":true}]}}