{"id":5465,"date":"2023-10-01T17:11:27","date_gmt":"2023-10-01T15:11:27","guid":{"rendered":"https:\/\/veganova.eu\/?post_type=product&#038;p=5465"},"modified":"2026-04-21T07:24:55","modified_gmt":"2026-04-21T05:24:55","slug":"allnutrition-brain-focus-adapto-60-caps","status":"publish","type":"product","link":"https:\/\/veganova.eu\/de\/shop\/allnutrition-brain-focus-adapto-60-caps\/","title":{"rendered":"Allnutrition Brain Focus Adapto - 60 Kapseln"},"content":{"rendered":"<h3>Allnutrition Brain Focus Adapto - 60 Kapseln<\/h3>\n<p>Brain Focus ist ein Nahrungserg\u00e4nzungsmittel, das auf einer Reihe von Pflanzenextrakten wie Rhodiola Rosea oder japanischem Ginkgo basiert und f\u00fcr Menschen mit hoher geistiger Aktivit\u00e4t bestimmt ist.<\/p>","protected":false},"excerpt":{"rendered":"<p>Veganes Nahrungserg\u00e4nzungsmittel f\u00fcr ein gesundes Gehirn und seine Funktionen Allnutrition Brain Focus Adapto. Die Packung enth\u00e4lt: 60 Kapseln.<\/p>","protected":false},"featured_media":52886,"comment_status":"closed","ping_status":"closed","template":"","meta":{"advanced_seo_description":"","jetpack_seo_html_title":"","jetpack_seo_noindex":false},"pwb-brand":[475],"product_brand":[4774],"product_cat":[294,143],"product_tag":[1221],"class_list":{"0":"post-5465","1":"product","2":"type-product","3":"status-publish","4":"has-post-thumbnail","6":"pwb-brand-allnutrition","7":"product_brand-allnutrition","8":"product_cat-for-seniors","9":"product_cat-health-issues","10":"product_tag-brain","11":"brand_woo-allnutrition","13":"first","14":"instock","15":"taxable","16":"shipping-taxable","17":"purchasable","18":"product-type-simple"},"jetpack_sharing_enabled":true,"brands":[{"id":475,"name":"Allnutrition","slug":"allnutrition"}],"_links":{"self":[{"href":"https:\/\/veganova.eu\/de\/wp-json\/wp\/v2\/product\/5465","targetHints":{"allow":["GET"]}}],"collection":[{"href":"https:\/\/veganova.eu\/de\/wp-json\/wp\/v2\/product"}],"about":[{"href":"https:\/\/veganova.eu\/de\/wp-json\/wp\/v2\/types\/product"}],"replies":[{"embeddable":true,"href":"https:\/\/veganova.eu\/de\/wp-json\/wp\/v2\/comments?post=5465"}],"version-history":[{"count":1,"href":"https:\/\/veganova.eu\/de\/wp-json\/wp\/v2\/product\/5465\/revisions"}],"predecessor-version":[{"id":58526,"href":"https:\/\/veganova.eu\/de\/wp-json\/wp\/v2\/product\/5465\/revisions\/58526"}],"wp:featuredmedia":[{"embeddable":true,"href":"https:\/\/veganova.eu\/de\/wp-json\/wp\/v2\/media\/52886"}],"wp:attachment":[{"href":"https:\/\/veganova.eu\/de\/wp-json\/wp\/v2\/media?parent=5465"}],"wp:term":[{"taxonomy":"pwb-brand","embeddable":true,"href":"https:\/\/veganova.eu\/de\/wp-json\/wp\/v2\/pwb-brand?post=5465"},{"taxonomy":"product_brand","embeddable":true,"href":"https:\/\/veganova.eu\/de\/wp-json\/wp\/v2\/product_brand?post=5465"},{"taxonomy":"product_cat","embeddable":true,"href":"https:\/\/veganova.eu\/de\/wp-json\/wp\/v2\/product_cat?post=5465"},{"taxonomy":"product_tag","embeddable":true,"href":"https:\/\/veganova.eu\/de\/wp-json\/wp\/v2\/product_tag?post=5465"}],"curies":[{"name":"wp","href":"https:\/\/api.w.org\/{rel}","templated":true}]}}