{"id":5475,"date":"2023-10-01T17:11:29","date_gmt":"2023-10-01T15:11:29","guid":{"rendered":"https:\/\/veganova.eu\/?post_type=product&#038;p=5475"},"modified":"2026-04-21T07:24:55","modified_gmt":"2026-04-21T05:24:55","slug":"enzymedica-candidase-42-caps","status":"publish","type":"product","link":"https:\/\/veganova.eu\/de\/shop\/enzymedica-candidase-42-caps\/","title":{"rendered":"Enzymedica Candidase - 42 Kapseln"},"content":{"rendered":"<h3>Enzymedica Candidase - 42 Kapseln<\/h3>\n<p>Lebensstil und Umweltfaktoren k\u00f6nnen einen gro\u00dfen Einfluss auf die F\u00e4higkeit des K\u00f6rpers haben, ein ideales Niveau der Darmflora zu erhalten. Die Aufrechterhaltung einer gesunden Darmflora ist entscheidend f\u00fcr die allgemeine Gesundheit, da sie die Energie des K\u00f6rpers erneuert und daf\u00fcr sorgt, dass das Immun- und das Verdauungssystem optimal funktionieren.<\/p>\n<p>Wenn die Darmflora im Gleichgewicht ist, wird der Hefespiegel in Schach gehalten und gelegentliche Beschwerden wie Verdauungsprobleme, Hei\u00dfhunger auf Zucker, Reizbarkeit, M\u00fcdigkeit und Ged\u00e4chtnisschw\u00e4che k\u00f6nnen vermieden werden.<\/p>\n<p>Candidase enth\u00e4lt zwei Enzymmischungen, die die nat\u00fcrliche F\u00e4higkeit des K\u00f6rpers unterst\u00fctzen, ein gesundes Gleichgewicht der Darmflora zu erhalten. Cellulase spaltet die Hefezellwand auf, w\u00e4hrend Protease die inneren Proteine verdaut. Diese Kombination sorgt f\u00fcr eine sanfte, reinigende Wirkung ohne die bei der Reinigung \u00fcblichen Unannehmlichkeiten.<\/p>\n<p>Candidase enth\u00e4lt Thera-blend Enzyme. Thera-blend ist ein exklusives Verfahren, das mehrere Enzymst\u00e4mme kombiniert, die bei bestimmten pH-Werten wirken, was zu einer \u00fcberlegenen Leistung im K\u00f6rper f\u00fchrt.<\/p>","protected":false},"excerpt":{"rendered":"<p>Veganes Nahrungserg\u00e4nzungsmittel f\u00fcr eine gesunde Darmflora Enzymedica Candidase hilft bei Verdauungsst\u00f6rungen, Reizbarkeit, Hei\u00dfhunger auf S\u00fc\u00dfes, M\u00fcdigkeit und Ged\u00e4chtnisschw\u00e4che. GVO-frei. Die Packung enth\u00e4lt: 42 Kapseln.<\/p>","protected":false},"featured_media":12114,"comment_status":"closed","ping_status":"closed","template":"","meta":{"advanced_seo_description":"","jetpack_seo_html_title":"","jetpack_seo_noindex":false},"pwb-brand":[467],"product_brand":[4767],"product_cat":[596],"product_tag":[1314,1462],"class_list":{"0":"post-5475","1":"product","2":"type-product","3":"status-publish","4":"has-post-thumbnail","6":"pwb-brand-enzymedica","7":"product_brand-enzymedica","8":"product_cat-digestion","9":"product_tag-candida","10":"product_tag-yeast","11":"brand_woo-enzymedica","13":"first","14":"instock","15":"taxable","16":"shipping-taxable","17":"purchasable","18":"product-type-simple"},"jetpack_sharing_enabled":true,"brands":[{"id":467,"name":"Enzymedica","slug":"enzymedica"}],"_links":{"self":[{"href":"https:\/\/veganova.eu\/de\/wp-json\/wp\/v2\/product\/5475","targetHints":{"allow":["GET"]}}],"collection":[{"href":"https:\/\/veganova.eu\/de\/wp-json\/wp\/v2\/product"}],"about":[{"href":"https:\/\/veganova.eu\/de\/wp-json\/wp\/v2\/types\/product"}],"replies":[{"embeddable":true,"href":"https:\/\/veganova.eu\/de\/wp-json\/wp\/v2\/comments?post=5475"}],"version-history":[{"count":1,"href":"https:\/\/veganova.eu\/de\/wp-json\/wp\/v2\/product\/5475\/revisions"}],"predecessor-version":[{"id":58530,"href":"https:\/\/veganova.eu\/de\/wp-json\/wp\/v2\/product\/5475\/revisions\/58530"}],"wp:featuredmedia":[{"embeddable":true,"href":"https:\/\/veganova.eu\/de\/wp-json\/wp\/v2\/media\/12114"}],"wp:attachment":[{"href":"https:\/\/veganova.eu\/de\/wp-json\/wp\/v2\/media?parent=5475"}],"wp:term":[{"taxonomy":"pwb-brand","embeddable":true,"href":"https:\/\/veganova.eu\/de\/wp-json\/wp\/v2\/pwb-brand?post=5475"},{"taxonomy":"product_brand","embeddable":true,"href":"https:\/\/veganova.eu\/de\/wp-json\/wp\/v2\/product_brand?post=5475"},{"taxonomy":"product_cat","embeddable":true,"href":"https:\/\/veganova.eu\/de\/wp-json\/wp\/v2\/product_cat?post=5475"},{"taxonomy":"product_tag","embeddable":true,"href":"https:\/\/veganova.eu\/de\/wp-json\/wp\/v2\/product_tag?post=5475"}],"curies":[{"name":"wp","href":"https:\/\/api.w.org\/{rel}","templated":true}]}}