{"id":55321,"date":"2025-05-17T16:01:53","date_gmt":"2025-05-17T14:01:53","guid":{"rendered":"https:\/\/veganova.eu\/?post_type=product&#038;p=55321"},"modified":"2026-04-21T07:26:54","modified_gmt":"2026-04-21T05:26:54","slug":"trained-by-jp-vegan-protein-chocolate-pistachio-2000g","status":"publish","type":"product","link":"https:\/\/veganova.eu\/de\/shop\/trained-by-jp-vegan-protein-chocolate-pistachio-2000g\/","title":{"rendered":"Trained by JP Vegan Protein, Chocolate Pistachio &#8211; 2000g"},"content":{"rendered":"<h3>Trained by JP Vegan Protein, Chocolate Pistachio &#8211; 2000g<\/h3>\n<p>Unser pflanzliches Eiwei\u00df ist f\u00fcr 3 Szenarien geeignet:<\/p>\n<p>Diejenigen, die Veganer sind<br \/>\nPersonen mit Unvertr\u00e4glichkeiten gegen\u00fcber Laktose<br \/>\nDiejenigen, die h\u00e4ufig ihr Proteinpulver wechseln m\u00fcssen, um ihrem K\u00f6rper eine Pause vom Konsum von zu viel Molke zu g\u00f6nnen.<br \/>\nEin \u00fcberm\u00e4\u00dfiger Verzehr einer bestimmten Lebensmittelart oder Proteinquelle kann oft zu Unvertr\u00e4glichkeiten f\u00fchren, daher ist unser pflanzliches Protein die perfekte Wahl, um dieses Vorkommen zu begrenzen.<\/p>\n<p>Wir haben dem Protein eine vegane Multivitaminmischung beigef\u00fcgt, die das Produkt zu einer perfekten, eigenst\u00e4ndigen Erg\u00e4nzung macht, um einen Mangel an Vitaminen und Mineralien zu vermeiden.<\/p>","protected":false},"excerpt":{"rendered":"<p>Trained by JP Vegan Protein, Chocolate Pistachio &#8211; 2000g. Our plant based protein is perfect for 3 scenarios:  Those who are Vegan Those with intolerances to lactose Those who often need to rotate their protein powder choice, giving their body a break from consuming too much whey. Over consumption of any one food type, or protein source, often can result in intolerances, therefore our plant based protein , is a perfect choice to limit that occurrence.<\/p>","protected":false},"featured_media":55544,"comment_status":"closed","ping_status":"closed","template":"","meta":{"advanced_seo_description":"","jetpack_seo_html_title":"","jetpack_seo_noindex":false},"pwb-brand":[2217],"product_brand":[4954],"product_cat":[132,133],"product_tag":[],"class_list":{"0":"post-55321","1":"product","2":"type-product","3":"status-publish","4":"has-post-thumbnail","6":"pwb-brand-trained-by-jp","7":"product_brand-trained-by-jp","8":"product_cat-sports-nutrition","9":"product_cat-vegan-proteins","10":"brand_woo-trained-by-jp","12":"first","13":"outofstock","14":"taxable","15":"shipping-taxable","16":"purchasable","17":"product-type-simple"},"jetpack_sharing_enabled":true,"brands":[{"id":2217,"name":"Ausgebildet von JP","slug":"trained-by-jp"}],"_links":{"self":[{"href":"https:\/\/veganova.eu\/de\/wp-json\/wp\/v2\/product\/55321","targetHints":{"allow":["GET"]}}],"collection":[{"href":"https:\/\/veganova.eu\/de\/wp-json\/wp\/v2\/product"}],"about":[{"href":"https:\/\/veganova.eu\/de\/wp-json\/wp\/v2\/types\/product"}],"replies":[{"embeddable":true,"href":"https:\/\/veganova.eu\/de\/wp-json\/wp\/v2\/comments?post=55321"}],"version-history":[{"count":4,"href":"https:\/\/veganova.eu\/de\/wp-json\/wp\/v2\/product\/55321\/revisions"}],"predecessor-version":[{"id":59894,"href":"https:\/\/veganova.eu\/de\/wp-json\/wp\/v2\/product\/55321\/revisions\/59894"}],"wp:featuredmedia":[{"embeddable":true,"href":"https:\/\/veganova.eu\/de\/wp-json\/wp\/v2\/media\/55544"}],"wp:attachment":[{"href":"https:\/\/veganova.eu\/de\/wp-json\/wp\/v2\/media?parent=55321"}],"wp:term":[{"taxonomy":"pwb-brand","embeddable":true,"href":"https:\/\/veganova.eu\/de\/wp-json\/wp\/v2\/pwb-brand?post=55321"},{"taxonomy":"product_brand","embeddable":true,"href":"https:\/\/veganova.eu\/de\/wp-json\/wp\/v2\/product_brand?post=55321"},{"taxonomy":"product_cat","embeddable":true,"href":"https:\/\/veganova.eu\/de\/wp-json\/wp\/v2\/product_cat?post=55321"},{"taxonomy":"product_tag","embeddable":true,"href":"https:\/\/veganova.eu\/de\/wp-json\/wp\/v2\/product_tag?post=55321"}],"curies":[{"name":"wp","href":"https:\/\/api.w.org\/{rel}","templated":true}]}}