{"id":8702,"date":"2023-10-01T17:12:15","date_gmt":"2023-10-01T15:12:15","guid":{"rendered":"https:\/\/veganova.eu\/?post_type=product&#038;p=8702"},"modified":"2026-04-21T07:25:03","modified_gmt":"2026-04-21T05:25:03","slug":"now-foods-beet-root-capsules-180-vcaps","status":"publish","type":"product","link":"https:\/\/veganova.eu\/de\/shop\/now-foods-beet-root-capsules-180-vcaps\/","title":{"rendered":"JETZT Lebensmittel R\u00fcbenwurzel Kapseln - 180 vcaps"},"content":{"rendered":"<h3>JETZT Lebensmittel R\u00fcbenwurzel Kapseln - 180 vcaps<\/h3>\n<p>Unterst\u00fctzung des Immunsystems<br \/>\n550 mg<br \/>\nNat\u00fcrlich vorkommende Nitrate<\/p>\n<p>Die R\u00fcbenwurzel in diesem Produkt wird aus getrockneten, gentechnikfreien R\u00fcben gewonnen und ist kein Extrakt. R\u00fcben sind reich an einer Vielzahl von nat\u00fcrlich vorkommenden Verbindungen wie Nitraten, Phenolen und anderen Phyton\u00e4hrstoffen, die zu ihren immununterst\u00fctzenden und freie Radikale neutralisierenden Eigenschaften beitragen.<\/p>","protected":false},"excerpt":{"rendered":"<p>Veganes Nahrungserg\u00e4nzungsmittel mit Rote-Bete-Extrakt NOW Foods Beet Root Capsules versorgt den K\u00f6rper mit Antioxidantien und st\u00e4rkt die Immunit\u00e4t. Inhalt der Packung: 180 vegane Kapseln.<\/p>","protected":false},"featured_media":52801,"comment_status":"closed","ping_status":"closed","template":"","meta":{"advanced_seo_description":"","jetpack_seo_html_title":"","jetpack_seo_noindex":false},"pwb-brand":[173],"product_brand":[4580],"product_cat":[149],"product_tag":[1414,1037,1158,1304,1380,1153],"class_list":{"0":"post-8702","1":"product","2":"type-product","3":"status-publish","4":"has-post-thumbnail","6":"pwb-brand-now-foods","7":"product_brand-now-foods","8":"product_cat-superfoods","9":"product_tag-antioxidants","10":"product_tag-detox","11":"product_tag-heart","12":"product_tag-hematopoiesis","13":"product_tag-oxidative-stress","14":"product_tag-vessels","15":"brand_woo-now-foods","17":"first","18":"instock","19":"taxable","20":"shipping-taxable","21":"purchasable","22":"product-type-simple"},"jetpack_sharing_enabled":true,"brands":[{"id":173,"name":"JETZT Lebensmittel","slug":"now-foods"}],"_links":{"self":[{"href":"https:\/\/veganova.eu\/de\/wp-json\/wp\/v2\/product\/8702","targetHints":{"allow":["GET"]}}],"collection":[{"href":"https:\/\/veganova.eu\/de\/wp-json\/wp\/v2\/product"}],"about":[{"href":"https:\/\/veganova.eu\/de\/wp-json\/wp\/v2\/types\/product"}],"replies":[{"embeddable":true,"href":"https:\/\/veganova.eu\/de\/wp-json\/wp\/v2\/comments?post=8702"}],"version-history":[{"count":1,"href":"https:\/\/veganova.eu\/de\/wp-json\/wp\/v2\/product\/8702\/revisions"}],"predecessor-version":[{"id":58627,"href":"https:\/\/veganova.eu\/de\/wp-json\/wp\/v2\/product\/8702\/revisions\/58627"}],"wp:featuredmedia":[{"embeddable":true,"href":"https:\/\/veganova.eu\/de\/wp-json\/wp\/v2\/media\/52801"}],"wp:attachment":[{"href":"https:\/\/veganova.eu\/de\/wp-json\/wp\/v2\/media?parent=8702"}],"wp:term":[{"taxonomy":"pwb-brand","embeddable":true,"href":"https:\/\/veganova.eu\/de\/wp-json\/wp\/v2\/pwb-brand?post=8702"},{"taxonomy":"product_brand","embeddable":true,"href":"https:\/\/veganova.eu\/de\/wp-json\/wp\/v2\/product_brand?post=8702"},{"taxonomy":"product_cat","embeddable":true,"href":"https:\/\/veganova.eu\/de\/wp-json\/wp\/v2\/product_cat?post=8702"},{"taxonomy":"product_tag","embeddable":true,"href":"https:\/\/veganova.eu\/de\/wp-json\/wp\/v2\/product_tag?post=8702"}],"curies":[{"name":"wp","href":"https:\/\/api.w.org\/{rel}","templated":true}]}}