{"id":8716,"date":"2023-10-01T17:12:19","date_gmt":"2023-10-01T15:12:19","guid":{"rendered":"https:\/\/veganova.eu\/?post_type=product&#038;p=8716"},"modified":"2026-04-21T07:25:04","modified_gmt":"2026-04-21T05:25:04","slug":"natural-vitality-calm-gummies-orange-120-gummies","status":"publish","type":"product","link":"https:\/\/veganova.eu\/de\/shop\/natural-vitality-calm-gummies-orange-120-gummies\/","title":{"rendered":"Natural Vitality Beruhigungsgummis, Orange - 120 Gummis"},"content":{"rendered":"<h3>Natural Vitality Beruhigungsgummis, Orange - 120 Gummis<\/h3>\n<p>Wir LIEBEN Magnesium wegen seiner positiven Wirkung auf die Stimmung - und das schon seit der ersten CALM-Markteinf\u00fchrung im Jahr 1982. Tatsache ist jedoch, dass Magnesium f\u00fcr mehr als 300 Prozesse im K\u00f6rper unerl\u00e4sslich ist, und dennoch bekommen die meisten von uns nicht genug davon. Selbst wenn Sie also Ihr Magnesium f\u00fcr mehr Gelassenheit einnehmen, tun Sie damit auch viel mehr f\u00fcr Ihre Gesundheit und Ihr Wohlbefinden.<\/p>\n<p>BALANCED MOOD<br \/>\nUnser Lieblingsnutzen von Magnesium ist nat\u00fcrlich, wie gut es eine ausgeglichene Stimmung und eine gesunde Reaktion auf Stress unterst\u00fctzt. Es mildert auch Spannungen und hilft Ihnen, sich zu entspannen.*<\/p>\n<p>SCHLAFEN<br \/>\nMagnesium kann dazu beitragen, dass sich Ihr Geist und K\u00f6rper auf den Schlaf vorbereiten.<\/p>\n<p>MUSKELFUNKTION<br \/>\nWenn wir sagen, dass Magnesium ein essenzielles Mineral ist, dann meinen wir das auch so. Ihre Muskeln brauchen es, um sich zusammenziehen und entspannen zu k\u00f6nnen. Das hei\u00dft, je aktiver Sie sind, desto mehr ben\u00f6tigen Sie es, um eine gesunde Muskelfunktion zu regulieren.<\/p>\n<p>FUNKTION VON GEHIRN UND NERVENSYSTEM<br \/>\nMagnesium sch\u00fctzt die Auskleidung der Nerven und hilft den Nerven, miteinander zu kommunizieren. Letztlich unterst\u00fctzt all dies die allgemeine Funktion von Nerven und Gehirn.<\/p>\n<p>KARDIOVASKUL\u00c4RE GESUNDHEIT<br \/>\nEin weiterer Grund, Magnesium zu lieben? Ihr Herz. Es tr\u00e4gt nicht nur zur Aufrechterhaltung eines gesunden Blutdrucks bei, sondern ist auch f\u00fcr eine normale Herzkontraktion erforderlich.*<\/p>\n<p>KNOCHENDICHTE<br \/>\nDie t\u00e4gliche Zufuhr von Magnesium hilft Ihnen, gesunde Knochen zu erhalten. Wenn Sie nicht gen\u00fcgend Magnesium zu sich nehmen, kann die F\u00e4higkeit Ihres K\u00f6rpers, Kalzium und Vitamin D zu absorbieren, beeintr\u00e4chtigt werden.*<\/p>","protected":false},"excerpt":{"rendered":"<p>Veganes Nahrungserg\u00e4nzungsmittel Natural Vitality Calm Gummies mit Magnesium ist ideal f\u00fcr einen gesunden Schlaf, gute Laune, die richtige Funktion von Muskeln, Gehirn, Nervensystem, ein gesundes Herz und starke Knochen. Nahrungserg\u00e4nzungsmittel in Form von Gelatine. Geschmack: Orange. Inhalt der Packung: 120 Gelatinen.<\/p>","protected":false},"featured_media":53746,"comment_status":"closed","ping_status":"closed","template":"","meta":{"advanced_seo_description":"","jetpack_seo_html_title":"","jetpack_seo_noindex":false},"pwb-brand":[422],"product_brand":[4732],"product_cat":[286,143],"product_tag":[1221,1146,1389,1208,1150],"class_list":{"0":"post-8716","1":"product","2":"type-product","3":"status-publish","4":"has-post-thumbnail","6":"pwb-brand-natural-vitality","7":"product_brand-natural-vitality","8":"product_cat-for-a-better-mood","9":"product_cat-health-issues","10":"product_tag-brain","11":"product_tag-good-mood","12":"product_tag-good-sleep","13":"product_tag-muscles","14":"product_tag-nervous-system","15":"brand_woo-natural-vitality","17":"first","18":"outofstock","19":"sale","20":"taxable","21":"shipping-taxable","22":"purchasable","23":"product-type-simple"},"jetpack_sharing_enabled":true,"brands":[{"id":422,"name":"Nat\u00fcrliche Vitalit\u00e4t","slug":"natural-vitality"}],"_links":{"self":[{"href":"https:\/\/veganova.eu\/de\/wp-json\/wp\/v2\/product\/8716","targetHints":{"allow":["GET"]}}],"collection":[{"href":"https:\/\/veganova.eu\/de\/wp-json\/wp\/v2\/product"}],"about":[{"href":"https:\/\/veganova.eu\/de\/wp-json\/wp\/v2\/types\/product"}],"replies":[{"embeddable":true,"href":"https:\/\/veganova.eu\/de\/wp-json\/wp\/v2\/comments?post=8716"}],"version-history":[{"count":1,"href":"https:\/\/veganova.eu\/de\/wp-json\/wp\/v2\/product\/8716\/revisions"}],"predecessor-version":[{"id":58634,"href":"https:\/\/veganova.eu\/de\/wp-json\/wp\/v2\/product\/8716\/revisions\/58634"}],"wp:featuredmedia":[{"embeddable":true,"href":"https:\/\/veganova.eu\/de\/wp-json\/wp\/v2\/media\/53746"}],"wp:attachment":[{"href":"https:\/\/veganova.eu\/de\/wp-json\/wp\/v2\/media?parent=8716"}],"wp:term":[{"taxonomy":"pwb-brand","embeddable":true,"href":"https:\/\/veganova.eu\/de\/wp-json\/wp\/v2\/pwb-brand?post=8716"},{"taxonomy":"product_brand","embeddable":true,"href":"https:\/\/veganova.eu\/de\/wp-json\/wp\/v2\/product_brand?post=8716"},{"taxonomy":"product_cat","embeddable":true,"href":"https:\/\/veganova.eu\/de\/wp-json\/wp\/v2\/product_cat?post=8716"},{"taxonomy":"product_tag","embeddable":true,"href":"https:\/\/veganova.eu\/de\/wp-json\/wp\/v2\/product_tag?post=8716"}],"curies":[{"name":"wp","href":"https:\/\/api.w.org\/{rel}","templated":true}]}}