{"id":8774,"date":"2023-10-01T17:12:34","date_gmt":"2023-10-01T15:12:34","guid":{"rendered":"https:\/\/veganova.eu\/?post_type=product&#038;p=8774"},"modified":"2026-04-21T07:25:06","modified_gmt":"2026-04-21T05:25:06","slug":"enzymedica-digest-90-caps","status":"publish","type":"product","link":"https:\/\/veganova.eu\/de\/shop\/enzymedica-digest-90-caps\/","title":{"rendered":"Enzymedica Verdauung - 90 Kapseln"},"content":{"rendered":"<h3>Enzymedica Verdauung - 90 Kapseln<\/h3>\n<p>Vollwertige Enzyme zum Abbau der t\u00e4glichen Mahlzeiten!<br \/>\nDigest Complete enth\u00e4lt Enzyme zum Abbau von 2x mehr als Digest Basic.<br \/>\nDiese Formel spaltet effektiv Kohlenhydrate, Fette, Ballaststoffe und Proteine auf - alles, was typischerweise in Ihren t\u00e4glichen Mahlzeiten enthalten ist. Au\u00dferdem beschleunigt sie die Verdauung und f\u00f6rdert die Aufnahme von N\u00e4hrstoffen. Diese Enzyme helfen, die t\u00e4glichen Mahlzeiten in Energie f\u00fcr den ganzen Tag umzuwandeln. Unsere firmeneigenen Thera-Enzyme sind wissenschaftlich formuliert und sorgen f\u00fcr Ergebnisse im gesamten K\u00f6rper.<\/p>","protected":false},"excerpt":{"rendered":"<p>Enzymedica Digest Vegane Verdauungsenzyme versorgen den K\u00f6rper mit allen Enzymen, um Ihre gest\u00f6rte Verdauung nach einer schlechten Ern\u00e4hrung, einem schlechten Lebensstil oder altersbedingten Verdauungsst\u00f6rungen zu reparieren. Die spezielle Formel der Enzyme hilft dem K\u00f6rper, Kohlenhydrate, Fette, Ballaststoffe und Proteine richtig zu verarbeiten. Inhalt der Packung: 90 Kapseln.<\/p>","protected":false},"featured_media":12113,"comment_status":"closed","ping_status":"closed","template":"","meta":{"advanced_seo_description":"","jetpack_seo_html_title":"","jetpack_seo_noindex":false},"pwb-brand":[467],"product_brand":[4767],"product_cat":[596],"product_tag":[1190,1191],"class_list":{"0":"post-8774","1":"product","2":"type-product","3":"status-publish","4":"has-post-thumbnail","6":"pwb-brand-enzymedica","7":"product_brand-enzymedica","8":"product_cat-digestion","9":"product_tag-digestive-enzymes","10":"product_tag-digestive-problems","11":"brand_woo-enzymedica","13":"first","14":"outofstock","15":"sale","16":"taxable","17":"shipping-taxable","18":"purchasable","19":"product-type-simple"},"jetpack_sharing_enabled":true,"brands":[{"id":467,"name":"Enzymedica","slug":"enzymedica"}],"_links":{"self":[{"href":"https:\/\/veganova.eu\/de\/wp-json\/wp\/v2\/product\/8774","targetHints":{"allow":["GET"]}}],"collection":[{"href":"https:\/\/veganova.eu\/de\/wp-json\/wp\/v2\/product"}],"about":[{"href":"https:\/\/veganova.eu\/de\/wp-json\/wp\/v2\/types\/product"}],"replies":[{"embeddable":true,"href":"https:\/\/veganova.eu\/de\/wp-json\/wp\/v2\/comments?post=8774"}],"version-history":[{"count":1,"href":"https:\/\/veganova.eu\/de\/wp-json\/wp\/v2\/product\/8774\/revisions"}],"predecessor-version":[{"id":58661,"href":"https:\/\/veganova.eu\/de\/wp-json\/wp\/v2\/product\/8774\/revisions\/58661"}],"wp:featuredmedia":[{"embeddable":true,"href":"https:\/\/veganova.eu\/de\/wp-json\/wp\/v2\/media\/12113"}],"wp:attachment":[{"href":"https:\/\/veganova.eu\/de\/wp-json\/wp\/v2\/media?parent=8774"}],"wp:term":[{"taxonomy":"pwb-brand","embeddable":true,"href":"https:\/\/veganova.eu\/de\/wp-json\/wp\/v2\/pwb-brand?post=8774"},{"taxonomy":"product_brand","embeddable":true,"href":"https:\/\/veganova.eu\/de\/wp-json\/wp\/v2\/product_brand?post=8774"},{"taxonomy":"product_cat","embeddable":true,"href":"https:\/\/veganova.eu\/de\/wp-json\/wp\/v2\/product_cat?post=8774"},{"taxonomy":"product_tag","embeddable":true,"href":"https:\/\/veganova.eu\/de\/wp-json\/wp\/v2\/product_tag?post=8774"}],"curies":[{"name":"wp","href":"https:\/\/api.w.org\/{rel}","templated":true}]}}