{"id":8830,"date":"2023-10-01T17:12:51","date_gmt":"2023-10-01T15:12:51","guid":{"rendered":"https:\/\/veganova.eu\/?post_type=product&#038;p=8830"},"modified":"2026-04-26T02:21:35","modified_gmt":"2026-04-26T00:21:35","slug":"revive-fiber-unflavored-252g","status":"publish","type":"product","link":"https:\/\/veganova.eu\/de\/shop\/revive-fiber-unflavored-252g\/","title":{"rendered":"Revive Fiber, geschmacksneutral - 252g"},"content":{"rendered":"<h3>Revive Fiber, geschmacksneutral - 252g<\/h3>\n<p>Fasern von Revive<\/p>\n<p>Revive Supplements Fiber ist ein nat\u00fcrliches Nahrungserg\u00e4nzungsmittel, das die Gesundheit der Verdauung durch eine hohe Dosis an Ballaststoffen unterst\u00fctzt. Diese Formel enth\u00e4lt eine Mischung aus l\u00f6slichen und unl\u00f6slichen Ballaststoffen, die zusammenarbeiten, um eine gesunde Verdauung, Regelm\u00e4\u00dfigkeit und allgemeine Darmgesundheit zu f\u00f6rdern.<\/p>\n<p>Jede Portion Revive Supplements Fiber enth\u00e4lt 5 g Ballaststoffe, die f\u00fcr die Aufrechterhaltung eines gesunden Verdauungssystems unerl\u00e4sslich sind. Dieses Nahrungserg\u00e4nzungsmittel besteht aus einer Mischung aus l\u00f6slichen und unl\u00f6slichen Ballaststoffen, einschlie\u00dflich Psylliumschalen, Inulin und Leinsamen, die helfen k\u00f6nnen, die Regelm\u00e4\u00dfigkeit des Stuhlgangs zu verbessern, die S\u00e4ttigung zu f\u00f6rdern und einen gesunden Blutzuckerspiegel zu unterst\u00fctzen.<\/p>\n<p>Dieses Nahrungserg\u00e4nzungsmittel ist vegan, gluten- und sojafrei und damit eine gute Wahl f\u00fcr alle, die ihre Verdauungsgesundheit auf nat\u00fcrliche Weise unterst\u00fctzen m\u00f6chten.<\/p>","protected":false},"excerpt":{"rendered":"<p>Das vegane Nahrungserg\u00e4nzungsmittel Revive Fiber ist mit Inulin, Psyllium und Leinsamen angereichert. Geeignet f\u00fcr Smoothies, Joghurts oder Flocken. Geschmack: ohne Geschmack. Inhalt: 252g.<\/p>","protected":false},"featured_media":12192,"comment_status":"closed","ping_status":"closed","template":"","meta":{"advanced_seo_description":"","jetpack_seo_html_title":"","jetpack_seo_noindex":false},"pwb-brand":[406],"product_brand":[4719],"product_cat":[596],"product_tag":[1037,1275,1277],"class_list":{"0":"post-8830","1":"product","2":"type-product","3":"status-publish","4":"has-post-thumbnail","6":"pwb-brand-revive","7":"product_brand-revive","8":"product_cat-digestion","9":"product_tag-detox","10":"product_tag-intestinal-microflora","11":"product_tag-intestinal-problems","12":"brand_woo-revive","14":"first","15":"instock","16":"taxable","17":"shipping-taxable","18":"purchasable","19":"product-type-simple"},"jetpack_sharing_enabled":true,"brands":[{"id":406,"name":"Wiederbeleben","slug":"revive"}],"_links":{"self":[{"href":"https:\/\/veganova.eu\/de\/wp-json\/wp\/v2\/product\/8830","targetHints":{"allow":["GET"]}}],"collection":[{"href":"https:\/\/veganova.eu\/de\/wp-json\/wp\/v2\/product"}],"about":[{"href":"https:\/\/veganova.eu\/de\/wp-json\/wp\/v2\/types\/product"}],"replies":[{"embeddable":true,"href":"https:\/\/veganova.eu\/de\/wp-json\/wp\/v2\/comments?post=8830"}],"version-history":[{"count":1,"href":"https:\/\/veganova.eu\/de\/wp-json\/wp\/v2\/product\/8830\/revisions"}],"predecessor-version":[{"id":58686,"href":"https:\/\/veganova.eu\/de\/wp-json\/wp\/v2\/product\/8830\/revisions\/58686"}],"wp:featuredmedia":[{"embeddable":true,"href":"https:\/\/veganova.eu\/de\/wp-json\/wp\/v2\/media\/12192"}],"wp:attachment":[{"href":"https:\/\/veganova.eu\/de\/wp-json\/wp\/v2\/media?parent=8830"}],"wp:term":[{"taxonomy":"pwb-brand","embeddable":true,"href":"https:\/\/veganova.eu\/de\/wp-json\/wp\/v2\/pwb-brand?post=8830"},{"taxonomy":"product_brand","embeddable":true,"href":"https:\/\/veganova.eu\/de\/wp-json\/wp\/v2\/product_brand?post=8830"},{"taxonomy":"product_cat","embeddable":true,"href":"https:\/\/veganova.eu\/de\/wp-json\/wp\/v2\/product_cat?post=8830"},{"taxonomy":"product_tag","embeddable":true,"href":"https:\/\/veganova.eu\/de\/wp-json\/wp\/v2\/product_tag?post=8830"}],"curies":[{"name":"wp","href":"https:\/\/api.w.org\/{rel}","templated":true}]}}