{"id":9150,"date":"2023-10-01T17:14:14","date_gmt":"2023-10-01T15:14:14","guid":{"rendered":"https:\/\/veganova.eu\/?post_type=product&#038;p=9150"},"modified":"2026-04-21T07:25:19","modified_gmt":"2026-04-21T05:25:19","slug":"swanson-pure-brainpower-60-vcaps","status":"publish","type":"product","link":"https:\/\/veganova.eu\/de\/shop\/swanson-pure-brainpower-60-vcaps\/","title":{"rendered":"Swanson Pure Brainpower - 60 Kapseln"},"content":{"rendered":"<h3>Swanson Pure Brainpower - 60 Kapseln<\/h3>\n<ul>\n<li>Klinisch untersuchte Kr\u00e4uter, die nachweislich das Ged\u00e4chtnis und die allgemeine Gesundheit des Gehirns f\u00f6rdern<\/li>\n<li>Mit Ginkgo biloba, BaCognize Bacopa monnieri und NeuroFactor Kaffeefrucht-Extrakt<\/li>\n<li>Die adaptogene Formel liefert wissenschaftlich untersuchte Dosen f\u00fcr kognitive Funktion und Konzentration<\/li>\n<\/ul>\n<p>Wenn wir an gesundes Altern denken, ist es einfach, sich haupts\u00e4chlich auf die k\u00f6rperliche Gesundheit zu konzentrieren - auf Dinge wie Mobilit\u00e4t, Flexibilit\u00e4t und Ausdauer. Wir neigen dazu, die anderen entscheidenden Komponenten des gesunden Alterns zu \u00fcbersehen - unsere geistige, emotionale und psychologische Gesundheit. Kurz gesagt, wir vergessen, an die Gesundheit des Gehirns zu denken. Die kognitive Funktion und Leistung kann mit zunehmendem Alter abnehmen, zumal Studien gezeigt haben, dass die gesunde Produktion des neurotrophen Faktors des Gehirns (BDNF) - der mit einer gesunden kognitiven Funktion in Verbindung gebracht wird - im Alter abnehmen kann.<\/p>\n<p>Swanson Pure Science Herbals bietet Ihnen mit Pure Brainpower eine einfache M\u00f6glichkeit, Ihr Gehirn mit klinisch erforschten Inhaltsstoffen zu versorgen, die die lebenswichtigen Neurotransmitter unterst\u00fctzen, die die kognitive Funktion, die Konzentration und das Erinnerungsverm\u00f6gen f\u00f6rdern. Pure Brainpower ist eine Mischung aus traditionellen adaptogenen Kr\u00e4utern und hochmodernen Kr\u00e4uterextrakten in wissenschaftlich untersuchten Dosierungen, die nachweislich die allgemeine geistige Konzentration, die kognitive Funktion sowie die gesunde Durchblutung des Gehirns f\u00f6rdern. Swanson Pure Science Herbals bietet Ihnen diese saubere, leistungsstarke Formel f\u00fcr die Gesundheit des Gehirns zu einem Bruchteil des Preises im Vergleich zum f\u00fchrenden nationalen brands.<\/p>","protected":false},"excerpt":{"rendered":"<p>Veganes Nahrungserg\u00e4nzungsmittel zur Unterst\u00fctzung eines gesunden Gehirns und Ged\u00e4chtnisses Swanson Pure Brainpower enth\u00e4lt Ginkgo Biloba, Bacognize Bacopa monnieri und Kaffeebeerenextrakt. Vegane Zertifizierung. Inhalt: 60 vegane Kapseln.<\/p>","protected":false},"featured_media":53897,"comment_status":"closed","ping_status":"closed","template":"","meta":{"advanced_seo_description":"","jetpack_seo_html_title":"","jetpack_seo_noindex":false},"pwb-brand":[450],"product_brand":[4753],"product_cat":[2599,294,143],"product_tag":[1221,855,1223],"class_list":{"0":"post-9150","1":"product","2":"type-product","3":"status-publish","4":"has-post-thumbnail","6":"pwb-brand-swanson","7":"product_brand-swanson","8":"product_cat-brain-and-memory","9":"product_cat-for-seniors","10":"product_cat-health-issues","11":"product_tag-brain","12":"product_tag-for-seniors","13":"product_tag-memory","14":"brand_woo-swanson","16":"first","17":"outofstock","18":"taxable","19":"shipping-taxable","20":"purchasable","21":"product-type-simple"},"jetpack_sharing_enabled":true,"brands":[{"id":450,"name":"Swanson","slug":"swanson"}],"_links":{"self":[{"href":"https:\/\/veganova.eu\/de\/wp-json\/wp\/v2\/product\/9150","targetHints":{"allow":["GET"]}}],"collection":[{"href":"https:\/\/veganova.eu\/de\/wp-json\/wp\/v2\/product"}],"about":[{"href":"https:\/\/veganova.eu\/de\/wp-json\/wp\/v2\/types\/product"}],"replies":[{"embeddable":true,"href":"https:\/\/veganova.eu\/de\/wp-json\/wp\/v2\/comments?post=9150"}],"version-history":[{"count":1,"href":"https:\/\/veganova.eu\/de\/wp-json\/wp\/v2\/product\/9150\/revisions"}],"predecessor-version":[{"id":58834,"href":"https:\/\/veganova.eu\/de\/wp-json\/wp\/v2\/product\/9150\/revisions\/58834"}],"wp:featuredmedia":[{"embeddable":true,"href":"https:\/\/veganova.eu\/de\/wp-json\/wp\/v2\/media\/53897"}],"wp:attachment":[{"href":"https:\/\/veganova.eu\/de\/wp-json\/wp\/v2\/media?parent=9150"}],"wp:term":[{"taxonomy":"pwb-brand","embeddable":true,"href":"https:\/\/veganova.eu\/de\/wp-json\/wp\/v2\/pwb-brand?post=9150"},{"taxonomy":"product_brand","embeddable":true,"href":"https:\/\/veganova.eu\/de\/wp-json\/wp\/v2\/product_brand?post=9150"},{"taxonomy":"product_cat","embeddable":true,"href":"https:\/\/veganova.eu\/de\/wp-json\/wp\/v2\/product_cat?post=9150"},{"taxonomy":"product_tag","embeddable":true,"href":"https:\/\/veganova.eu\/de\/wp-json\/wp\/v2\/product_tag?post=9150"}],"curies":[{"name":"wp","href":"https:\/\/api.w.org\/{rel}","templated":true}]}}