{"id":9246,"date":"2023-10-01T17:14:41","date_gmt":"2023-10-01T15:14:41","guid":{"rendered":"https:\/\/veganova.eu\/?post_type=product&#038;p=9246"},"modified":"2026-04-28T02:23:33","modified_gmt":"2026-04-28T00:23:33","slug":"revive-vitamin-c-200-vcaps","status":"publish","type":"product","link":"https:\/\/veganova.eu\/de\/shop\/revive-vitamin-c-200-vcaps\/","title":{"rendered":"Vitamin C wiederbeleben - 200 Kapseln"},"content":{"rendered":"<h3>Vitamin C wiederbeleben - 200 Kapseln<\/h3>\n<p>Vitamin C ist ein hochwirksames Antioxidans, das das K\u00f6rpergewebe vor zellul\u00e4rem Stress sch\u00fctzt. Dazu f\u00e4ngt es freie Radikale ab, die im K\u00f6rper durch den normalen Stoffwechsel und die Belastung durch Umweltstressoren entstehen.<\/p>\n<p>Vitamin C wird als Kofaktor f\u00fcr die Bildung von neuem Kollagen im K\u00f6rper ben\u00f6tigt. Es unterst\u00fctzt auch die Aufnahme und Verwertung anderer N\u00e4hrstoffe wie Eisen und Fols\u00e4ure.<\/p>","protected":false},"excerpt":{"rendered":"<p>Das Vitamin-C-haltige Nahrungserg\u00e4nzungsmittel Revive Vitamin C eignet sich zur Unterst\u00fctzung der Kollagenproduktion und zur F\u00f6rderung der Aufnahme von Eisen und Fols\u00e4ure. Bietet Schutz vor freien Radikalen. Gehalt an Vitamin C: 1000mg. Vegane Zertifizierung. Inhalt der Packung: 200 vegane Kapseln.<\/p>","protected":false},"featured_media":52535,"comment_status":"closed","ping_status":"closed","template":"","meta":{"advanced_seo_description":"","jetpack_seo_html_title":"","jetpack_seo_noindex":false},"pwb-brand":[406],"product_brand":[4719],"product_cat":[153,152],"product_tag":[860,1058,1117,1155,1338],"class_list":{"0":"post-9246","1":"product","2":"type-product","3":"status-publish","4":"has-post-thumbnail","6":"pwb-brand-revive","7":"product_brand-revive","8":"product_cat-vitamins","9":"product_cat-vitamins-and-minerals","10":"product_tag-energy","11":"product_tag-healthy-skin","12":"product_tag-immunity","13":"product_tag-inflammation","14":"product_tag-wound-healing","15":"brand_woo-revive","17":"first","18":"outofstock","19":"taxable","20":"shipping-taxable","21":"purchasable","22":"product-type-simple"},"jetpack_sharing_enabled":true,"brands":[{"id":406,"name":"Wiederbeleben","slug":"revive"}],"_links":{"self":[{"href":"https:\/\/veganova.eu\/de\/wp-json\/wp\/v2\/product\/9246","targetHints":{"allow":["GET"]}}],"collection":[{"href":"https:\/\/veganova.eu\/de\/wp-json\/wp\/v2\/product"}],"about":[{"href":"https:\/\/veganova.eu\/de\/wp-json\/wp\/v2\/types\/product"}],"replies":[{"embeddable":true,"href":"https:\/\/veganova.eu\/de\/wp-json\/wp\/v2\/comments?post=9246"}],"version-history":[{"count":1,"href":"https:\/\/veganova.eu\/de\/wp-json\/wp\/v2\/product\/9246\/revisions"}],"predecessor-version":[{"id":58875,"href":"https:\/\/veganova.eu\/de\/wp-json\/wp\/v2\/product\/9246\/revisions\/58875"}],"wp:featuredmedia":[{"embeddable":true,"href":"https:\/\/veganova.eu\/de\/wp-json\/wp\/v2\/media\/52535"}],"wp:attachment":[{"href":"https:\/\/veganova.eu\/de\/wp-json\/wp\/v2\/media?parent=9246"}],"wp:term":[{"taxonomy":"pwb-brand","embeddable":true,"href":"https:\/\/veganova.eu\/de\/wp-json\/wp\/v2\/pwb-brand?post=9246"},{"taxonomy":"product_brand","embeddable":true,"href":"https:\/\/veganova.eu\/de\/wp-json\/wp\/v2\/product_brand?post=9246"},{"taxonomy":"product_cat","embeddable":true,"href":"https:\/\/veganova.eu\/de\/wp-json\/wp\/v2\/product_cat?post=9246"},{"taxonomy":"product_tag","embeddable":true,"href":"https:\/\/veganova.eu\/de\/wp-json\/wp\/v2\/product_tag?post=9246"}],"curies":[{"name":"wp","href":"https:\/\/api.w.org\/{rel}","templated":true}]}}