{"id":14665,"date":"2023-11-13T19:30:04","date_gmt":"2023-11-13T18:30:04","guid":{"rendered":"https:\/\/veganova.eu\/?post_type=product&#038;p=14665"},"modified":"2026-04-21T07:25:28","modified_gmt":"2026-04-21T05:25:28","slug":"allnutrition-flex-all-complete-cherry-400g","status":"publish","type":"product","link":"https:\/\/veganova.eu\/es\/shop\/allnutrition-flex-all-complete-cherry-400g\/","title":{"rendered":"Allnutrition Flex All Complete, Cereza - 400g"},"content":{"rendered":"<h3>Allnutrition Flex All Complete, Cereza - 400g<\/h3>\n<p>El cart\u00edlago articular se denomina tejido cartilaginoso y evita la abrasi\u00f3n de los huesos que est\u00e1n en contacto entre s\u00ed. A una edad avanzada, el cart\u00edlago articular no tiene capacidad para regenerarse, lo que se traduce en la posibilidad de su p\u00e9rdida.<\/p>\n<p>Gracias a FLEX ALL COMPLETE podr\u00e1 acelerar la regeneraci\u00f3n y favorecer la reconstrucci\u00f3n de la estructura da\u00f1ada del cart\u00edlago, lo que estimula la producci\u00f3n de col\u00e1geno y restaura la elasticidad de las articulaciones. Los ingredientes de f\u00e1cil digesti\u00f3n, disponibles en forma de polvo, son los m\u00e1s eficaces en este proceso de regeneraci\u00f3n.<\/p>\n<p>FLEX ALL COMPLETE es un producto basado principalmente en el col\u00e1geno. El col\u00e1geno es una prote\u00edna que ayuda a mantener los huesos sanos. Adem\u00e1s, tiene una serie de ingredientes de apoyo. Entre ellos se encuentra la vitamina C, que contribuye a la correcta producci\u00f3n de col\u00e1geno para garantizar el buen funcionamiento de los cart\u00edlagos y la piel.<\/p>","protected":false},"excerpt":{"rendered":"<p>Beauty and health supplement Allnutrition Flex All Complete Content hydrolysed beef collagen, L-Proline, Glucosamine, MSM, Vitamin C, Magnesium and B6. Flavor: Cherry. Content: 400g.<\/p>","protected":false},"featured_media":53753,"comment_status":"closed","ping_status":"closed","template":"","meta":{"advanced_seo_description":"","jetpack_seo_html_title":"","jetpack_seo_noindex":false},"pwb-brand":[475],"product_brand":[4774],"product_cat":[688,684],"product_tag":[],"class_list":{"0":"post-14665","1":"product","2":"type-product","3":"status-publish","4":"has-post-thumbnail","6":"pwb-brand-allnutrition","7":"product_brand-allnutrition","8":"product_cat-beauty-supplements","9":"product_cat-clean-beauty","10":"brand_woo-allnutrition","12":"first","13":"outofstock","14":"taxable","15":"shipping-taxable","16":"purchasable","17":"product-type-simple"},"jetpack_sharing_enabled":true,"brands":[{"id":475,"name":"Allnutrition","slug":"allnutrition"}],"_links":{"self":[{"href":"https:\/\/veganova.eu\/es\/wp-json\/wp\/v2\/product\/14665","targetHints":{"allow":["GET"]}}],"collection":[{"href":"https:\/\/veganova.eu\/es\/wp-json\/wp\/v2\/product"}],"about":[{"href":"https:\/\/veganova.eu\/es\/wp-json\/wp\/v2\/types\/product"}],"replies":[{"embeddable":true,"href":"https:\/\/veganova.eu\/es\/wp-json\/wp\/v2\/comments?post=14665"}],"version-history":[{"count":1,"href":"https:\/\/veganova.eu\/es\/wp-json\/wp\/v2\/product\/14665\/revisions"}],"predecessor-version":[{"id":58918,"href":"https:\/\/veganova.eu\/es\/wp-json\/wp\/v2\/product\/14665\/revisions\/58918"}],"wp:featuredmedia":[{"embeddable":true,"href":"https:\/\/veganova.eu\/es\/wp-json\/wp\/v2\/media\/53753"}],"wp:attachment":[{"href":"https:\/\/veganova.eu\/es\/wp-json\/wp\/v2\/media?parent=14665"}],"wp:term":[{"taxonomy":"pwb-brand","embeddable":true,"href":"https:\/\/veganova.eu\/es\/wp-json\/wp\/v2\/pwb-brand?post=14665"},{"taxonomy":"product_brand","embeddable":true,"href":"https:\/\/veganova.eu\/es\/wp-json\/wp\/v2\/product_brand?post=14665"},{"taxonomy":"product_cat","embeddable":true,"href":"https:\/\/veganova.eu\/es\/wp-json\/wp\/v2\/product_cat?post=14665"},{"taxonomy":"product_tag","embeddable":true,"href":"https:\/\/veganova.eu\/es\/wp-json\/wp\/v2\/product_tag?post=14665"}],"curies":[{"name":"wp","href":"https:\/\/api.w.org\/{rel}","templated":true}]}}