{"id":15441,"date":"2023-12-20T17:29:20","date_gmt":"2023-12-20T16:29:20","guid":{"rendered":"https:\/\/veganova.eu\/?post_type=product&#038;p=15441"},"modified":"2026-04-21T07:25:40","modified_gmt":"2026-04-21T05:25:40","slug":"garden-of-life-dr-formulated-magnesium-with-pre-probiotics-gummies-orange-creme-60-gummies","status":"publish","type":"product","link":"https:\/\/veganova.eu\/es\/shop\/garden-of-life-dr-formulated-magnesium-with-pre-probiotics-gummies-orange-creme-60-gummies\/","title":{"rendered":"Garden of Life Dr. Formulated Magnesio con Pre &amp; Probi\u00f3ticos Gummies, Crema de Naranja - 60 gummies"},"content":{"rendered":"<h3>Garden of Life Dr. Formulated Magnesio con Pre &amp; Probi\u00f3ticos Gummies<\/h3>\n<p><strong>\u00bfQu\u00e9 son las gominolas de magnesio?<\/strong><\/p>\n<p>Las Gominolas de Magnesio Garden of Life Dr Formulated han sido dise\u00f1adas para aumentar los niveles de magnesio y contribuir a la reducci\u00f3n del cansancio y la fatiga, as\u00ed como a la funci\u00f3n muscular normal.<\/p>\n<p><strong>\u00bfQu\u00e9 contienen las Gominolas de Magnesio Dr Formulated?<\/strong><\/p>\n<p>Nuestras gominolas de magnesio aportan 400 mg de magnesio biodisponible por cada 4 gominolas y est\u00e1n disponibles en un delicioso sabor a frambuesa.<\/p>\n<p>Formuladas con pectina de c\u00edtricos y sin az\u00facares a\u00f1adidos, nuestras Gominolas de Magnesio aportan 1.000 millones de UFC de bacterias vivas beneficiosas cl\u00ednicamente estudiadas por raci\u00f3n.<\/p>\n<p>Estas Gominolas de Magnesio han sido dise\u00f1adas para contribuir a las funciones psicol\u00f3gicas normales, como el alivio del estr\u00e9s, el sue\u00f1o, la salud del coraz\u00f3n, la funci\u00f3n muscular normal y los huesos. Tambi\u00e9n son no-GMO verificado, NSF certificado sin gluten, vegano y kosher amigable.<\/p>\n<p><span style=\"text-decoration: underline;\"><strong>Los beneficios de las gominolas de magnesio:<\/strong><\/span><\/p>\n<ul>\n<li>Aumenta los niveles de magnesio, aportando 400 mg de magnesio (por 4 gominolas)<\/li>\n<li>Proporciona 1.000 millones de UFC microbianas por porci\u00f3n: Bacillus subtilis DE111<\/li>\n<li>Favorece las funciones psicol\u00f3gicas normales<\/li>\n<li>Sin OMG, vegano y kosher<\/li>\n<li>Sin gluten<\/li>\n<\/ul>","protected":false},"excerpt":{"rendered":"<p>Suplemento nutricional vegano en forma de caramelos de \"gelatina\" Garden of Life Dr. Formulated Magnesium with Pre 'n'Probiotics contiene magnesio de alta biodisponibilidad, suplementado con pre y probi\u00f3ticos. Ideal durante periodos de mayor esfuerzo f\u00edsico y mental. Sin gluten, sin OGM. Sabor: Crema de naranja. Contenido del envase: 60 gelatinas.<\/p>","protected":false},"featured_media":51349,"comment_status":"closed","ping_status":"closed","template":"","meta":{"advanced_seo_description":"","jetpack_seo_html_title":"","jetpack_seo_noindex":false},"pwb-brand":[303],"product_brand":[4625],"product_cat":[596,597,2598],"product_tag":[],"class_list":{"0":"post-15441","1":"product","2":"type-product","3":"status-publish","4":"has-post-thumbnail","6":"pwb-brand-garden-of-life","7":"product_brand-garden-of-life","8":"product_cat-digestion","9":"product_cat-body-immunity","10":"product_cat-recovery","11":"brand_woo-garden-of-life","13":"first","14":"instock","15":"taxable","16":"shipping-taxable","17":"purchasable","18":"product-type-simple"},"jetpack_sharing_enabled":true,"brands":[{"id":303,"name":"Jard\u00edn de la vida","slug":"garden-of-life"}],"_links":{"self":[{"href":"https:\/\/veganova.eu\/es\/wp-json\/wp\/v2\/product\/15441","targetHints":{"allow":["GET"]}}],"collection":[{"href":"https:\/\/veganova.eu\/es\/wp-json\/wp\/v2\/product"}],"about":[{"href":"https:\/\/veganova.eu\/es\/wp-json\/wp\/v2\/types\/product"}],"replies":[{"embeddable":true,"href":"https:\/\/veganova.eu\/es\/wp-json\/wp\/v2\/comments?post=15441"}],"version-history":[{"count":1,"href":"https:\/\/veganova.eu\/es\/wp-json\/wp\/v2\/product\/15441\/revisions"}],"predecessor-version":[{"id":59056,"href":"https:\/\/veganova.eu\/es\/wp-json\/wp\/v2\/product\/15441\/revisions\/59056"}],"wp:featuredmedia":[{"embeddable":true,"href":"https:\/\/veganova.eu\/es\/wp-json\/wp\/v2\/media\/51349"}],"wp:attachment":[{"href":"https:\/\/veganova.eu\/es\/wp-json\/wp\/v2\/media?parent=15441"}],"wp:term":[{"taxonomy":"pwb-brand","embeddable":true,"href":"https:\/\/veganova.eu\/es\/wp-json\/wp\/v2\/pwb-brand?post=15441"},{"taxonomy":"product_brand","embeddable":true,"href":"https:\/\/veganova.eu\/es\/wp-json\/wp\/v2\/product_brand?post=15441"},{"taxonomy":"product_cat","embeddable":true,"href":"https:\/\/veganova.eu\/es\/wp-json\/wp\/v2\/product_cat?post=15441"},{"taxonomy":"product_tag","embeddable":true,"href":"https:\/\/veganova.eu\/es\/wp-json\/wp\/v2\/product_tag?post=15441"}],"curies":[{"name":"wp","href":"https:\/\/api.w.org\/{rel}","templated":true}]}}