{"id":15475,"date":"2023-12-20T17:29:48","date_gmt":"2023-12-20T16:29:48","guid":{"rendered":"https:\/\/veganova.eu\/?post_type=product&#038;p=15475"},"modified":"2026-04-21T07:25:41","modified_gmt":"2026-04-21T05:25:41","slug":"kiki-health-liquid-iron-50-ml","status":"publish","type":"product","link":"https:\/\/veganova.eu\/es\/shop\/kiki-health-liquid-iron-50-ml\/","title":{"rendered":"KIKI Health Hierro L\u00edquido - 50 ml."},"content":{"rendered":"<h3>KIKI Health Hierro L\u00edquido - 50 ml.<\/h3>\n<ul>\n<li>5 mg de hierro por porci\u00f3n (ingesta recomendada 36%)<\/li>\n<li>Hecho de 100% minerales naturales de la tierra<\/li>\n<li>Simplemente mezclado con agua desionizada<\/li>\n<li>De r\u00e1pida absorci\u00f3n y 100% biodisponible<\/li>\n<li>Favorece un equilibrio mineral \u00f3ptimo<\/li>\n<li>No requieren digesti\u00f3n, debido a su forma l\u00edquida<\/li>\n<li>F\u00e1cil de usar, basta con a\u00f1adir unas gotas al agua<\/li>\n<\/ul>\n<p>El hierro contribuye a la funci\u00f3n cognitiva normal, al metabolismo energ\u00e9tico, a la formaci\u00f3n de gl\u00f3bulos rojos y hemoglobina y al transporte de ox\u00edgeno en el organismo. Alivia el cansancio y la fatiga, favorece el funcionamiento normal del sistema inmunitario y contribuye a la divisi\u00f3n celular.<\/p>\n<p>Nuestros minerales i\u00f3nicos naturales est\u00e1n dise\u00f1ados para restaurar los minerales a nivel celular.<\/p>\n<p>Cuando se a\u00f1aden al agua desionizada, estos concentrados l\u00edquidos i\u00f3nicos elaborados a partir de 100% minerales naturales de la tierra, ayudan a alcanzar un estado de \"mineralibrio\" o equilibrio mineral \u00f3ptimo de los tejidos.<\/p>\n<p>Su forma l\u00edquida los hace f\u00e1cilmente digeribles y totalmente biodisponibles para el organismo, ya que pueden absorberse r\u00e1pidamente sin ser digeridos, permiti\u00e9ndole cosechar sus beneficios sin demora.<\/p>\n<p>Utilizarlos es tan sencillo como a\u00f1adir unas gotas a un vaso de agua.<\/p>","protected":false},"excerpt":{"rendered":"<p>Suplemento nutricional vegano con hierro en forma l\u00edquida KIKI Health Hierro L\u00edquido contiene 5mg de hierro por cacito (30 gotas\/2ml). Biodisponibilidad 100%, forma natural de hierro, f\u00e1cilmente digerible. Sin gluten. Contenido del envase: 50ml.<\/p>","protected":false},"featured_media":51351,"comment_status":"closed","ping_status":"closed","template":"","meta":{"advanced_seo_description":"","jetpack_seo_html_title":"","jetpack_seo_noindex":false},"pwb-brand":[166],"product_brand":[4573],"product_cat":[172],"product_tag":[],"class_list":{"0":"post-15475","1":"product","2":"type-product","3":"status-publish","4":"has-post-thumbnail","6":"pwb-brand-kiki-health","7":"product_brand-kiki-health","8":"product_cat-minerals","9":"brand_woo-kiki-health","11":"first","12":"outofstock","13":"taxable","14":"shipping-taxable","15":"purchasable","16":"product-type-simple"},"jetpack_sharing_enabled":true,"brands":[{"id":166,"name":"KIKI Salud","slug":"kiki-health"}],"_links":{"self":[{"href":"https:\/\/veganova.eu\/es\/wp-json\/wp\/v2\/product\/15475","targetHints":{"allow":["GET"]}}],"collection":[{"href":"https:\/\/veganova.eu\/es\/wp-json\/wp\/v2\/product"}],"about":[{"href":"https:\/\/veganova.eu\/es\/wp-json\/wp\/v2\/types\/product"}],"replies":[{"embeddable":true,"href":"https:\/\/veganova.eu\/es\/wp-json\/wp\/v2\/comments?post=15475"}],"version-history":[{"count":1,"href":"https:\/\/veganova.eu\/es\/wp-json\/wp\/v2\/product\/15475\/revisions"}],"predecessor-version":[{"id":59073,"href":"https:\/\/veganova.eu\/es\/wp-json\/wp\/v2\/product\/15475\/revisions\/59073"}],"wp:featuredmedia":[{"embeddable":true,"href":"https:\/\/veganova.eu\/es\/wp-json\/wp\/v2\/media\/51351"}],"wp:attachment":[{"href":"https:\/\/veganova.eu\/es\/wp-json\/wp\/v2\/media?parent=15475"}],"wp:term":[{"taxonomy":"pwb-brand","embeddable":true,"href":"https:\/\/veganova.eu\/es\/wp-json\/wp\/v2\/pwb-brand?post=15475"},{"taxonomy":"product_brand","embeddable":true,"href":"https:\/\/veganova.eu\/es\/wp-json\/wp\/v2\/product_brand?post=15475"},{"taxonomy":"product_cat","embeddable":true,"href":"https:\/\/veganova.eu\/es\/wp-json\/wp\/v2\/product_cat?post=15475"},{"taxonomy":"product_tag","embeddable":true,"href":"https:\/\/veganova.eu\/es\/wp-json\/wp\/v2\/product_tag?post=15475"}],"curies":[{"name":"wp","href":"https:\/\/api.w.org\/{rel}","templated":true}]}}