{"id":15529,"date":"2023-12-20T17:30:07","date_gmt":"2023-12-20T16:30:07","guid":{"rendered":"https:\/\/veganova.eu\/?post_type=product&#038;p=15529"},"modified":"2026-04-21T07:25:43","modified_gmt":"2026-04-21T05:25:43","slug":"allnutrition-vegan-pea-protein-chocolate-500g","status":"publish","type":"product","link":"https:\/\/veganova.eu\/es\/shop\/allnutrition-vegan-pea-protein-chocolate-500g\/","title":{"rendered":"Allnutrition Prote\u00edna Vegana de Guisante, Chocolate - 500g"},"content":{"rendered":"<h3>Prote\u00edna de guisante vegana Allnutrition<\/h3>\n<p>ALLNUTRITION - Vegan Pea Protein es un suplemento rico en prote\u00ednas a base de concentrado de prote\u00edna de guisante, que se caracteriza por un bajo contenido en hidratos de carbono y grasas. Tambi\u00e9n se utiliza prote\u00edna de arroz, prote\u00edna de almendra y prote\u00edna de c\u00e1\u00f1amo para enriquecer su composici\u00f3n. Hasta hace poco, se pensaba que s\u00f3lo la prote\u00edna animal era una prote\u00edna completa. Pero hoy sabemos que las prote\u00ednas vegetales pueden ser igual de valiosas.<\/p>\n<p>ALLNUTRITION Vegan Pea Protein contiene prote\u00ednas que contribuyen al crecimiento de la masa muscular y ayudan a mantenerla. Se recomienda como complemento de la dieta diaria de personas f\u00edsicamente activas y deportistas.<\/p>","protected":false},"excerpt":{"rendered":"<p>Allnutrition Vegan Protein contiene prote\u00edna de soja, prote\u00edna de guisante, prote\u00edna de arroz, prote\u00edna de konpe, prote\u00edna de ar\u00e1ndano, prote\u00edna de almendra y prote\u00edna de girasol. Contenido en prote\u00ednas: 21g\/porci\u00f3n. Sabor: chocolate. Contenido del paquete: 500g.<\/p>","protected":false},"featured_media":51201,"comment_status":"closed","ping_status":"closed","template":"","meta":{"advanced_seo_description":"","jetpack_seo_html_title":"","jetpack_seo_noindex":false},"pwb-brand":[475],"product_brand":[4774],"product_cat":[133],"product_tag":[],"class_list":{"0":"post-15529","1":"product","2":"type-product","3":"status-publish","4":"has-post-thumbnail","6":"pwb-brand-allnutrition","7":"product_brand-allnutrition","8":"product_cat-vegan-proteins","9":"brand_woo-allnutrition","11":"first","12":"instock","13":"taxable","14":"shipping-taxable","15":"purchasable","16":"product-type-simple"},"jetpack_sharing_enabled":true,"brands":[{"id":475,"name":"Allnutrition","slug":"allnutrition"}],"_links":{"self":[{"href":"https:\/\/veganova.eu\/es\/wp-json\/wp\/v2\/product\/15529","targetHints":{"allow":["GET"]}}],"collection":[{"href":"https:\/\/veganova.eu\/es\/wp-json\/wp\/v2\/product"}],"about":[{"href":"https:\/\/veganova.eu\/es\/wp-json\/wp\/v2\/types\/product"}],"replies":[{"embeddable":true,"href":"https:\/\/veganova.eu\/es\/wp-json\/wp\/v2\/comments?post=15529"}],"version-history":[{"count":1,"href":"https:\/\/veganova.eu\/es\/wp-json\/wp\/v2\/product\/15529\/revisions"}],"predecessor-version":[{"id":59096,"href":"https:\/\/veganova.eu\/es\/wp-json\/wp\/v2\/product\/15529\/revisions\/59096"}],"wp:featuredmedia":[{"embeddable":true,"href":"https:\/\/veganova.eu\/es\/wp-json\/wp\/v2\/media\/51201"}],"wp:attachment":[{"href":"https:\/\/veganova.eu\/es\/wp-json\/wp\/v2\/media?parent=15529"}],"wp:term":[{"taxonomy":"pwb-brand","embeddable":true,"href":"https:\/\/veganova.eu\/es\/wp-json\/wp\/v2\/pwb-brand?post=15529"},{"taxonomy":"product_brand","embeddable":true,"href":"https:\/\/veganova.eu\/es\/wp-json\/wp\/v2\/product_brand?post=15529"},{"taxonomy":"product_cat","embeddable":true,"href":"https:\/\/veganova.eu\/es\/wp-json\/wp\/v2\/product_cat?post=15529"},{"taxonomy":"product_tag","embeddable":true,"href":"https:\/\/veganova.eu\/es\/wp-json\/wp\/v2\/product_tag?post=15529"}],"curies":[{"name":"wp","href":"https:\/\/api.w.org\/{rel}","templated":true}]}}