{"id":15679,"date":"2023-12-20T17:31:51","date_gmt":"2023-12-20T16:31:51","guid":{"rendered":"https:\/\/veganova.eu\/?post_type=product&#038;p=15679"},"modified":"2026-04-21T07:25:48","modified_gmt":"2026-04-21T05:25:48","slug":"holland-barrett-gentle-iron-20mg-90-caps","status":"publish","type":"product","link":"https:\/\/veganova.eu\/es\/shop\/holland-barrett-gentle-iron-20mg-90-caps\/","title":{"rendered":"Holland &amp; Barrett Hierro Suave - 20mg\/90 C\u00e1psulas"},"content":{"rendered":"<h3>Holland &amp; Barrett Gentle Iron hierro f\u00e1cil de digerir<\/h3>\n<p><span class=\"HwtZe\" lang=\"en\"><span class=\"jCAhz ChMk0b\"><span class=\"ryNqvb\">Las c\u00e1psulas Holland &amp; Barrett Gentle Iron aportan los beneficios del hierro sin da\u00f1ar el est\u00f3mago.<\/span><\/span> <span class=\"jCAhz ChMk0b\"><span class=\"ryNqvb\">Las c\u00e1psulas de hierro suave ayudan a reducir el cansancio y la fatiga y favorecen la producci\u00f3n normal de gl\u00f3bulos rojos y hemoglobina.<\/span><\/span> <\/span><\/p>\n<ul>\n<li><span class=\"HwtZe\" lang=\"sk\"><span class=\"jCAhz ChMk0b\"><span class=\"ryNqvb\">Estas c\u00e1psulas son ideales para sistemas digestivos sensibles.<\/span><\/span> <\/span><\/li>\n<li><span class=\"HwtZe\" lang=\"en\"><span class=\"jCAhz ChMk0b\"><span class=\"ryNqvb\">El hierro contribuye a reducir el cansancio y la fatiga<\/span><\/span> <\/span><\/li>\n<li><span class=\"HwtZe\" lang=\"en\"><span class=\"jCAhz ChMk0b\"><span class=\"ryNqvb\">El hierro tambi\u00e9n contribuye a la producci\u00f3n normal de gl\u00f3bulos rojos y hemoglobina<\/span><\/span> <\/span><\/li>\n<li><span class=\"HwtZe\" lang=\"en\"><span class=\"jCAhz ChMk0b\"><span class=\"ryNqvb\">Apto para vegetarianos y veganos<\/span><\/span><br \/>\n<\/span><\/li>\n<\/ul>\n<p><strong><span class=\"HwtZe\" lang=\"en\"><span class=\"jCAhz ChMk0b\"><span class=\"ryNqvb\">\u00bfCu\u00e1les son las ventajas de este plugin? <\/span><\/span> <\/span><\/strong><\/p>\n<p><span class=\"HwtZe\" lang=\"en\"><span class=\"jCAhz ChMk0b\"><span class=\"ryNqvb\">El hierro es el mineral m\u00e1s extendido en la sangre.<\/span><\/span> <span class=\"jCAhz ChMk0b\"><span class=\"ryNqvb\">Adem\u00e1s de que el hierro interviene en el proceso de divisi\u00f3n celular, contribuye a la formaci\u00f3n normal de gl\u00f3bulos rojos y hemoglobina , a reducir el cansancio y la fatiga y al metabolismo energ\u00e9tico normal.<\/span><\/span> <span class=\"jCAhz ChMk0b\"><span class=\"ryNqvb\">El hierro tambi\u00e9n contribuye al transporte normal de ox\u00edgeno en el organismo, a la funci\u00f3n cognitiva normal y al funcionamiento normal del sistema inmunitario.<\/span><\/span><\/span><\/p>","protected":false},"excerpt":{"rendered":"<p>Hierro Digestivo Ligero Holland &amp; Barrett Hierro Suave 20mg es un suplemento nutricional ideal para personas con digestiones sensibles. El hierro es adecuado para la producci\u00f3n de energ\u00eda, la formaci\u00f3n de la sangre, en caso de fatiga y agotamiento. Certificaci\u00f3n: Vegano, Vegetariano. Contenido del envase: 90 c\u00e1psulas.<\/p>","protected":false},"featured_media":51819,"comment_status":"closed","ping_status":"closed","template":"","meta":{"advanced_seo_description":"","jetpack_seo_html_title":"","jetpack_seo_noindex":false},"pwb-brand":[1087],"product_brand":[4936],"product_cat":[172,152],"product_tag":[1108,1107,1109,1106],"class_list":{"0":"post-15679","1":"product","2":"type-product","3":"status-publish","4":"has-post-thumbnail","6":"pwb-brand-holland-barrett","7":"product_brand-holland-barrett","8":"product_cat-minerals","9":"product_cat-vitamins-and-minerals","10":"product_tag-exhaustion","11":"product_tag-fatigue","12":"product_tag-iron-easy-to-digest","13":"product_tag-red-blood-cells","14":"brand_woo-holland-barrett","16":"first","17":"instock","18":"taxable","19":"shipping-taxable","20":"purchasable","21":"product-type-simple"},"jetpack_sharing_enabled":true,"brands":[{"id":1087,"name":"Holland &amp; Barrett","slug":"holland-barrett"}],"_links":{"self":[{"href":"https:\/\/veganova.eu\/es\/wp-json\/wp\/v2\/product\/15679","targetHints":{"allow":["GET"]}}],"collection":[{"href":"https:\/\/veganova.eu\/es\/wp-json\/wp\/v2\/product"}],"about":[{"href":"https:\/\/veganova.eu\/es\/wp-json\/wp\/v2\/types\/product"}],"replies":[{"embeddable":true,"href":"https:\/\/veganova.eu\/es\/wp-json\/wp\/v2\/comments?post=15679"}],"version-history":[{"count":1,"href":"https:\/\/veganova.eu\/es\/wp-json\/wp\/v2\/product\/15679\/revisions"}],"predecessor-version":[{"id":59157,"href":"https:\/\/veganova.eu\/es\/wp-json\/wp\/v2\/product\/15679\/revisions\/59157"}],"wp:featuredmedia":[{"embeddable":true,"href":"https:\/\/veganova.eu\/es\/wp-json\/wp\/v2\/media\/51819"}],"wp:attachment":[{"href":"https:\/\/veganova.eu\/es\/wp-json\/wp\/v2\/media?parent=15679"}],"wp:term":[{"taxonomy":"pwb-brand","embeddable":true,"href":"https:\/\/veganova.eu\/es\/wp-json\/wp\/v2\/pwb-brand?post=15679"},{"taxonomy":"product_brand","embeddable":true,"href":"https:\/\/veganova.eu\/es\/wp-json\/wp\/v2\/product_brand?post=15679"},{"taxonomy":"product_cat","embeddable":true,"href":"https:\/\/veganova.eu\/es\/wp-json\/wp\/v2\/product_cat?post=15679"},{"taxonomy":"product_tag","embeddable":true,"href":"https:\/\/veganova.eu\/es\/wp-json\/wp\/v2\/product_tag?post=15679"}],"curies":[{"name":"wp","href":"https:\/\/api.w.org\/{rel}","templated":true}]}}