{"id":2745,"date":"2023-10-01T17:01:17","date_gmt":"2023-10-01T15:01:17","guid":{"rendered":"https:\/\/veganova.eu\/?post_type=product&#038;p=2745"},"modified":"2026-04-26T02:21:33","modified_gmt":"2026-04-26T00:21:33","slug":"doctors-best-fully-active-b-complex-with-quatrefolic-30-kaps","status":"publish","type":"product","link":"https:\/\/veganova.eu\/es\/shop\/doctors-best-fully-active-b-complex-with-quatrefolic-30-kaps\/","title":{"rendered":"Doctor's Best Complejo B Completamente Activo con Quatrefolic (30 c\u00e1ps.)"},"content":{"rendered":"<h3>Doctor's Best Complejo B Completamente Activo con Quatrefolic<\/h3>\n<ul>\n<li>Doctor's Best Fully Active B Complex proporciona energ\u00eda y ayuda a hacer frente al estr\u00e9s.<\/li>\n<li>Las vitaminas del grupo B son necesarias para producir energ\u00eda a partir de los alimentos y para crear y mantener sanos el ADN, los genes, las c\u00e9lulas, los tejidos, los \u00f3rganos y las funciones enzim\u00e1ticas.<\/li>\n<li>Las vitaminas del grupo B son la base de la vida; los seres humanos no podemos fabricarlas, por lo que debemos obtenerlas a trav\u00e9s de la dieta.<\/li>\n<li>Doctor's Best Fully Active B Complex proporciona s\u00f3lo las mejores formas utilizables de vitamina B. Esto incluye folato totalmente activo, el folato m\u00e1s activo en el cuerpo, y MTHF (metil- tetra-hidro-folato). Proporciona vitamina B12 totalmente activa en forma de metilcobalamina (metil-B12), que ayuda a garantizar una excelente absorci\u00f3n oral.<\/li>\n<li>Best Fully Active B Complex es un suplemento de vitamina B de espectro completo, cuidadosamente dise\u00f1ado para una absorci\u00f3n y utilizaci\u00f3n \u00f3ptimas.<\/li>\n<li>Esta formulaci\u00f3n proporciona vitaminas B en su forma m\u00e1s segura, mejor tolerada y bioqu\u00edmicamente m\u00e1s activa.<\/li>\n<\/ul>","protected":false},"excerpt":{"rendered":"<p>Suplemento nutricional vegano Doctor's Best Fully Active B-Complex with Quatrefolic presenta un complejo de vitaminas del grupo B en su forma m\u00e1s activa. No contiene gluten y no contiene OMG. El envase contiene: 30 c\u00e1psulas.<\/p>","protected":false},"featured_media":51677,"comment_status":"closed","ping_status":"closed","template":"","meta":{"advanced_seo_description":"","jetpack_seo_html_title":"","jetpack_seo_noindex":false},"pwb-brand":[147],"product_brand":[4565],"product_cat":[153,152],"product_tag":[860,1094,1150],"class_list":{"0":"post-2745","1":"product","2":"type-product","3":"status-publish","4":"has-post-thumbnail","6":"pwb-brand-doctors-best","7":"product_brand-doctors-best","8":"product_cat-vitamins","9":"product_cat-vitamins-and-minerals","10":"product_tag-energy","11":"product_tag-metabolism","12":"product_tag-nervous-system","13":"brand_woo-doctors-best","15":"first","16":"instock","17":"taxable","18":"shipping-taxable","19":"purchasable","20":"product-type-simple"},"jetpack_sharing_enabled":true,"brands":[{"id":147,"name":"Doctor's Best","slug":"doctors-best"}],"_links":{"self":[{"href":"https:\/\/veganova.eu\/es\/wp-json\/wp\/v2\/product\/2745","targetHints":{"allow":["GET"]}}],"collection":[{"href":"https:\/\/veganova.eu\/es\/wp-json\/wp\/v2\/product"}],"about":[{"href":"https:\/\/veganova.eu\/es\/wp-json\/wp\/v2\/types\/product"}],"replies":[{"embeddable":true,"href":"https:\/\/veganova.eu\/es\/wp-json\/wp\/v2\/comments?post=2745"}],"version-history":[{"count":1,"href":"https:\/\/veganova.eu\/es\/wp-json\/wp\/v2\/product\/2745\/revisions"}],"predecessor-version":[{"id":57309,"href":"https:\/\/veganova.eu\/es\/wp-json\/wp\/v2\/product\/2745\/revisions\/57309"}],"wp:featuredmedia":[{"embeddable":true,"href":"https:\/\/veganova.eu\/es\/wp-json\/wp\/v2\/media\/51677"}],"wp:attachment":[{"href":"https:\/\/veganova.eu\/es\/wp-json\/wp\/v2\/media?parent=2745"}],"wp:term":[{"taxonomy":"pwb-brand","embeddable":true,"href":"https:\/\/veganova.eu\/es\/wp-json\/wp\/v2\/pwb-brand?post=2745"},{"taxonomy":"product_brand","embeddable":true,"href":"https:\/\/veganova.eu\/es\/wp-json\/wp\/v2\/product_brand?post=2745"},{"taxonomy":"product_cat","embeddable":true,"href":"https:\/\/veganova.eu\/es\/wp-json\/wp\/v2\/product_cat?post=2745"},{"taxonomy":"product_tag","embeddable":true,"href":"https:\/\/veganova.eu\/es\/wp-json\/wp\/v2\/product_tag?post=2745"}],"curies":[{"name":"wp","href":"https:\/\/api.w.org\/{rel}","templated":true}]}}