{"id":2969,"date":"2023-10-01T17:02:40","date_gmt":"2023-10-01T15:02:40","guid":{"rendered":"https:\/\/veganova.eu\/?post_type=product&#038;p=2969"},"modified":"2026-04-21T07:23:36","modified_gmt":"2026-04-21T05:23:36","slug":"doctors-best-quercetin-bromelain-180-kaps","status":"publish","type":"product","link":"https:\/\/veganova.eu\/es\/shop\/doctors-best-quercetin-bromelain-180-kaps\/","title":{"rendered":"Doctor's Best Quercetin Bromelain (180 c\u00e1ps.)"},"content":{"rendered":"<h3>Doctor's Best Quercetin Bromelain (180 c\u00e1ps.)<\/h3>\n<p>Nutrici\u00f3n basada en la ciencia<br \/>\nSuplemento diet\u00e9tico<br \/>\nVegano<br \/>\nAyuda a mantener una inmunidad sana<br \/>\nSin OGM\/Sin gluten\/Sin soja<\/p>\n<p>Los flavonoides son nutrientes que se encuentran en frutas y plantas de colores beneficiosos para la salud humana. La quercetina contribuye al brillante y rico color dorado de la planta Dimorphandra mollis, que suministra flavonoides extra\u00eddos de las vainas de las semillas. Las propiedades proteol\u00edticas de la bromelina ayudan a descomponer las prote\u00ednas, lo que favorece la digesti\u00f3n. La bromelina es una enzima natural de los tallos de la pi\u00f1a que ayuda a aumentar la biodisponibilidad y los beneficios positivos del flavonoide quercetina, favoreciendo una respuesta inmunitaria sostenida.<\/p>\n<p>Ayuda a mantener la respuesta inmunitaria<br \/>\nContribuye a la salud circulatoria y articular<br \/>\nLa enzima bromelina favorece la salud digestiva<\/p>","protected":false},"excerpt":{"rendered":"<p>El suplemento nutricional vegano Doctor's Best Quercetin Bromelain es adecuado para un sistema cardiovascular sano, as\u00ed como para reforzar la inmunidad. El paquete contiene: 180 c\u00e1psulas. Sin gluten y sin OGM.<\/p>","protected":false},"featured_media":53226,"comment_status":"closed","ping_status":"closed","template":"","meta":{"advanced_seo_description":"","jetpack_seo_html_title":"","jetpack_seo_noindex":false},"pwb-brand":[147],"product_brand":[4565],"product_cat":[596,289,597,152],"product_tag":[1067,1239,1117,1153],"class_list":{"0":"post-2969","1":"product","2":"type-product","3":"status-publish","4":"has-post-thumbnail","6":"pwb-brand-doctors-best","7":"product_brand-doctors-best","8":"product_cat-digestion","9":"product_cat-heart-and-blood-vessels","10":"product_cat-body-immunity","11":"product_cat-vitamins-and-minerals","12":"product_tag-digestion","13":"product_tag-enzymes","14":"product_tag-immunity","15":"product_tag-vessels","16":"brand_woo-doctors-best","18":"first","19":"instock","20":"sale","21":"taxable","22":"shipping-taxable","23":"purchasable","24":"product-type-simple"},"jetpack_sharing_enabled":true,"brands":[{"id":147,"name":"Doctor's Best","slug":"doctors-best"}],"_links":{"self":[{"href":"https:\/\/veganova.eu\/es\/wp-json\/wp\/v2\/product\/2969","targetHints":{"allow":["GET"]}}],"collection":[{"href":"https:\/\/veganova.eu\/es\/wp-json\/wp\/v2\/product"}],"about":[{"href":"https:\/\/veganova.eu\/es\/wp-json\/wp\/v2\/types\/product"}],"replies":[{"embeddable":true,"href":"https:\/\/veganova.eu\/es\/wp-json\/wp\/v2\/comments?post=2969"}],"version-history":[{"count":1,"href":"https:\/\/veganova.eu\/es\/wp-json\/wp\/v2\/product\/2969\/revisions"}],"predecessor-version":[{"id":57481,"href":"https:\/\/veganova.eu\/es\/wp-json\/wp\/v2\/product\/2969\/revisions\/57481"}],"wp:featuredmedia":[{"embeddable":true,"href":"https:\/\/veganova.eu\/es\/wp-json\/wp\/v2\/media\/53226"}],"wp:attachment":[{"href":"https:\/\/veganova.eu\/es\/wp-json\/wp\/v2\/media?parent=2969"}],"wp:term":[{"taxonomy":"pwb-brand","embeddable":true,"href":"https:\/\/veganova.eu\/es\/wp-json\/wp\/v2\/pwb-brand?post=2969"},{"taxonomy":"product_brand","embeddable":true,"href":"https:\/\/veganova.eu\/es\/wp-json\/wp\/v2\/product_brand?post=2969"},{"taxonomy":"product_cat","embeddable":true,"href":"https:\/\/veganova.eu\/es\/wp-json\/wp\/v2\/product_cat?post=2969"},{"taxonomy":"product_tag","embeddable":true,"href":"https:\/\/veganova.eu\/es\/wp-json\/wp\/v2\/product_tag?post=2969"}],"curies":[{"name":"wp","href":"https:\/\/api.w.org\/{rel}","templated":true}]}}