{"id":3149,"date":"2023-10-01T17:03:47","date_gmt":"2023-10-01T15:03:47","guid":{"rendered":"https:\/\/veganova.eu\/?post_type=product&#038;p=3149"},"modified":"2026-04-21T07:23:46","modified_gmt":"2026-04-21T05:23:46","slug":"jarrow-formulas-b-right-100-kaps","status":"publish","type":"product","link":"https:\/\/veganova.eu\/es\/shop\/jarrow-formulas-b-right-100-kaps\/","title":{"rendered":"Jarrow Formulas B-Right (100 c\u00e1psulas)"},"content":{"rendered":"<h3>Jarrow Formulas B-Right<\/h3>\n<ul>\n<li>B-Right es un complejo vitam\u00ednico B cuidadosamente equilibrado<\/li>\n<li>El metilfolato ((6S)-5-metiltetrahidrofolato o (6S)-5 -MTHF) es la forma biol\u00f3gicamente m\u00e1s activa del folato.<\/li>\n<li>Quatrefolic es un desarrollo de 4\u00aa generaci\u00f3n en la administraci\u00f3n de folato.<\/li>\n<li>La metilcobalamina se absorbe, retiene y utiliza mejor que otras formas de B12.<\/li>\n<li>La metilcobalamina y la niacina favorecen el tejido cerebral y nervioso.<\/li>\n<li>La pantetina es un derivado de la vitamina B5 y es un precursor de la coenzima A (CoA), que interviene en el metabolismo oxidativo.<\/li>\n<li>El piridoxal 5-fosfato (P-5-P) es la forma coenzim\u00e1tica de la vitamina B6 y es necesaria para el metabolismo de las prote\u00ednas y los amino\u00e1cidos.<\/li>\n<\/ul>","protected":false},"excerpt":{"rendered":"<p>Suplemento nutricional vegano que contiene vitaminas del grupo B Jarrow Formulas B-Right es adecuado para el fortalecimiento de la inmunidad, durante el aumento de estr\u00e9s mental y f\u00edsico, cuando le dar\u00e1 energ\u00eda. El paquete contiene: 100 c\u00e1psulas. Sin gluten, sin OGM.<\/p>","protected":false},"featured_media":51592,"comment_status":"closed","ping_status":"closed","template":"","meta":{"advanced_seo_description":"","jetpack_seo_html_title":"","jetpack_seo_noindex":false},"pwb-brand":[165],"product_brand":[4572],"product_cat":[153,152],"product_tag":[860,1117,1227,1094,1226],"class_list":{"0":"post-3149","1":"product","2":"type-product","3":"status-publish","4":"has-post-thumbnail","6":"pwb-brand-jarrow-formulas","7":"product_brand-jarrow-formulas","8":"product_cat-vitamins","9":"product_cat-vitamins-and-minerals","10":"product_tag-energy","11":"product_tag-immunity","12":"product_tag-mental-load","13":"product_tag-metabolism","14":"product_tag-physical-load","15":"brand_woo-jarrow-formulas","17":"first","18":"instock","19":"taxable","20":"shipping-taxable","21":"purchasable","22":"product-type-simple"},"jetpack_sharing_enabled":true,"brands":[{"id":165,"name":"Jarrow Formulas","slug":"jarrow-formulas"}],"_links":{"self":[{"href":"https:\/\/veganova.eu\/es\/wp-json\/wp\/v2\/product\/3149","targetHints":{"allow":["GET"]}}],"collection":[{"href":"https:\/\/veganova.eu\/es\/wp-json\/wp\/v2\/product"}],"about":[{"href":"https:\/\/veganova.eu\/es\/wp-json\/wp\/v2\/types\/product"}],"replies":[{"embeddable":true,"href":"https:\/\/veganova.eu\/es\/wp-json\/wp\/v2\/comments?post=3149"}],"version-history":[{"count":1,"href":"https:\/\/veganova.eu\/es\/wp-json\/wp\/v2\/product\/3149\/revisions"}],"predecessor-version":[{"id":57636,"href":"https:\/\/veganova.eu\/es\/wp-json\/wp\/v2\/product\/3149\/revisions\/57636"}],"wp:featuredmedia":[{"embeddable":true,"href":"https:\/\/veganova.eu\/es\/wp-json\/wp\/v2\/media\/51592"}],"wp:attachment":[{"href":"https:\/\/veganova.eu\/es\/wp-json\/wp\/v2\/media?parent=3149"}],"wp:term":[{"taxonomy":"pwb-brand","embeddable":true,"href":"https:\/\/veganova.eu\/es\/wp-json\/wp\/v2\/pwb-brand?post=3149"},{"taxonomy":"product_brand","embeddable":true,"href":"https:\/\/veganova.eu\/es\/wp-json\/wp\/v2\/product_brand?post=3149"},{"taxonomy":"product_cat","embeddable":true,"href":"https:\/\/veganova.eu\/es\/wp-json\/wp\/v2\/product_cat?post=3149"},{"taxonomy":"product_tag","embeddable":true,"href":"https:\/\/veganova.eu\/es\/wp-json\/wp\/v2\/product_tag?post=3149"}],"curies":[{"name":"wp","href":"https:\/\/api.w.org\/{rel}","templated":true}]}}