{"id":3159,"date":"2023-10-01T17:03:51","date_gmt":"2023-10-01T15:03:51","guid":{"rendered":"https:\/\/veganova.eu\/?post_type=product&#038;p=3159"},"modified":"2026-04-21T07:23:47","modified_gmt":"2026-04-21T05:23:47","slug":"jarrow-formulas-dim-cdg-30-kaps","status":"publish","type":"product","link":"https:\/\/veganova.eu\/es\/shop\/jarrow-formulas-dim-cdg-30-kaps\/","title":{"rendered":"Jarrow Formulas DIM + CDG (30 c\u00e1ps.)"},"content":{"rendered":"<h3>Jarrow Formulas DIM + CDG (30 c\u00e1ps.)<\/h3>\n<p>\u00bfQu\u00e9 hace DIM + CDG?<br \/>\nDIM + CDG apoya m\u00faltiples v\u00edas de desintoxicaci\u00f3n implicadas en la regulaci\u00f3n hormonal saludable. El D-glucarato de calcio (CDG) favorece la glucuronidaci\u00f3n, que es una v\u00eda importante en la desintoxicaci\u00f3n. BioResponse DIM proporciona el indol cruc\u00edfero Diindolilmetano (DIM), que tambi\u00e9n participa en el proceso de desintoxicaci\u00f3n natural del h\u00edgado. DIM + CDG favorece el equilibrio saludable de estr\u00f3genos y testosterona tanto en mujeres como en hombres.<\/p>","protected":false},"excerpt":{"rendered":"<p>El suplemento nutricional vegetariano Jarrow Formulas DIM CDG es adecuado para equilibrar el nivel de hormonas en el organismo. Favorece un nivel saludable de estr\u00f3geno y testosterona en el cuerpo de hombres y mujeres. El envase contiene: 30 c\u00e1psulas vegetales.<\/p>","protected":false},"featured_media":53200,"comment_status":"closed","ping_status":"closed","template":"","meta":{"advanced_seo_description":"","jetpack_seo_html_title":"","jetpack_seo_noindex":false},"pwb-brand":[165],"product_brand":[4572],"product_cat":[267,143],"product_tag":[929,1260,1056],"class_list":{"0":"post-3159","1":"product","2":"type-product","3":"status-publish","4":"has-post-thumbnail","6":"pwb-brand-jarrow-formulas","7":"product_brand-jarrow-formulas","8":"product_cat-for-women","9":"product_cat-health-issues","10":"product_tag-for-women","11":"product_tag-hormonal-imbalance","12":"product_tag-hormonal-system","13":"brand_woo-jarrow-formulas","15":"first","16":"instock","17":"taxable","18":"shipping-taxable","19":"purchasable","20":"product-type-simple"},"jetpack_sharing_enabled":true,"brands":[{"id":165,"name":"Jarrow Formulas","slug":"jarrow-formulas"}],"_links":{"self":[{"href":"https:\/\/veganova.eu\/es\/wp-json\/wp\/v2\/product\/3159","targetHints":{"allow":["GET"]}}],"collection":[{"href":"https:\/\/veganova.eu\/es\/wp-json\/wp\/v2\/product"}],"about":[{"href":"https:\/\/veganova.eu\/es\/wp-json\/wp\/v2\/types\/product"}],"replies":[{"embeddable":true,"href":"https:\/\/veganova.eu\/es\/wp-json\/wp\/v2\/comments?post=3159"}],"version-history":[{"count":1,"href":"https:\/\/veganova.eu\/es\/wp-json\/wp\/v2\/product\/3159\/revisions"}],"predecessor-version":[{"id":57646,"href":"https:\/\/veganova.eu\/es\/wp-json\/wp\/v2\/product\/3159\/revisions\/57646"}],"wp:featuredmedia":[{"embeddable":true,"href":"https:\/\/veganova.eu\/es\/wp-json\/wp\/v2\/media\/53200"}],"wp:attachment":[{"href":"https:\/\/veganova.eu\/es\/wp-json\/wp\/v2\/media?parent=3159"}],"wp:term":[{"taxonomy":"pwb-brand","embeddable":true,"href":"https:\/\/veganova.eu\/es\/wp-json\/wp\/v2\/pwb-brand?post=3159"},{"taxonomy":"product_brand","embeddable":true,"href":"https:\/\/veganova.eu\/es\/wp-json\/wp\/v2\/product_brand?post=3159"},{"taxonomy":"product_cat","embeddable":true,"href":"https:\/\/veganova.eu\/es\/wp-json\/wp\/v2\/product_cat?post=3159"},{"taxonomy":"product_tag","embeddable":true,"href":"https:\/\/veganova.eu\/es\/wp-json\/wp\/v2\/product_tag?post=3159"}],"curies":[{"name":"wp","href":"https:\/\/api.w.org\/{rel}","templated":true}]}}