{"id":3196,"date":"2023-10-01T17:04:07","date_gmt":"2023-10-01T15:04:07","guid":{"rendered":"https:\/\/veganova.eu\/?post_type=product&#038;p=3196"},"modified":"2026-04-21T07:23:49","modified_gmt":"2026-04-21T05:23:49","slug":"jarrow-formulas-shilajit-fulvic-acid-complex-60-kaps","status":"publish","type":"product","link":"https:\/\/veganova.eu\/es\/shop\/jarrow-formulas-shilajit-fulvic-acid-complex-60-kaps\/","title":{"rendered":"Jarrow Formulas Shilajit Fulvic Acid Complex (60 c\u00e1ps.)"},"content":{"rendered":"<h3>Jarrow Formulas Shilajit Fulvic Acid Complex (60 c\u00e1ps.)<\/h3>\n<p>\u00bfQu\u00e9 hace el complejo de \u00e1cido f\u00falvico Shilajit?<br \/>\nJarrow Formulas Shilajit Fulvic Acid Complex es un extracto purificado y estandarizado que contiene nada menos que 60% complejo de \u00e1cido f\u00falvico con altos niveles de dibenzo-\u03b1-pironas combinadas y dibenzo-\u03b1-pironas cromoprote\u00ednas. Estos compuestos especiales son activos en la cadena de transporte de electrones mitocondrial. El complejo de \u00e1cido f\u00falvico Shilajit trabaja con Co-Q10 en las mitocondrias y aumenta la producci\u00f3n de energ\u00eda en los tejidos cerebrales y musculares durante el ejercicio.<\/p>","protected":false},"excerpt":{"rendered":"<p>El suplemento nutricional vegano Jarrow Formulas Shilajit Fulvic Acid Complex proporciona energ\u00eda para los m\u00fasculos y el cerebro durante el ejercicio. El envase contiene: 60 c\u00e1psulas vegetales. Sin gluten, sin OGM.<\/p>","protected":false},"featured_media":53162,"comment_status":"closed","ping_status":"closed","template":"","meta":{"advanced_seo_description":"","jetpack_seo_html_title":"","jetpack_seo_noindex":false},"pwb-brand":[165],"product_brand":[4572],"product_cat":[2597,149],"product_tag":[1221,860,1208],"class_list":{"0":"post-3196","1":"product","2":"type-product","3":"status-publish","4":"has-post-thumbnail","6":"pwb-brand-jarrow-formulas","7":"product_brand-jarrow-formulas","8":"product_cat-mushrooms","9":"product_cat-superfoods","10":"product_tag-brain","11":"product_tag-energy","12":"product_tag-muscles","13":"brand_woo-jarrow-formulas","15":"first","16":"instock","17":"taxable","18":"shipping-taxable","19":"purchasable","20":"product-type-simple"},"jetpack_sharing_enabled":true,"brands":[{"id":165,"name":"Jarrow Formulas","slug":"jarrow-formulas"}],"_links":{"self":[{"href":"https:\/\/veganova.eu\/es\/wp-json\/wp\/v2\/product\/3196","targetHints":{"allow":["GET"]}}],"collection":[{"href":"https:\/\/veganova.eu\/es\/wp-json\/wp\/v2\/product"}],"about":[{"href":"https:\/\/veganova.eu\/es\/wp-json\/wp\/v2\/types\/product"}],"replies":[{"embeddable":true,"href":"https:\/\/veganova.eu\/es\/wp-json\/wp\/v2\/comments?post=3196"}],"version-history":[{"count":1,"href":"https:\/\/veganova.eu\/es\/wp-json\/wp\/v2\/product\/3196\/revisions"}],"predecessor-version":[{"id":57682,"href":"https:\/\/veganova.eu\/es\/wp-json\/wp\/v2\/product\/3196\/revisions\/57682"}],"wp:featuredmedia":[{"embeddable":true,"href":"https:\/\/veganova.eu\/es\/wp-json\/wp\/v2\/media\/53162"}],"wp:attachment":[{"href":"https:\/\/veganova.eu\/es\/wp-json\/wp\/v2\/media?parent=3196"}],"wp:term":[{"taxonomy":"pwb-brand","embeddable":true,"href":"https:\/\/veganova.eu\/es\/wp-json\/wp\/v2\/pwb-brand?post=3196"},{"taxonomy":"product_brand","embeddable":true,"href":"https:\/\/veganova.eu\/es\/wp-json\/wp\/v2\/product_brand?post=3196"},{"taxonomy":"product_cat","embeddable":true,"href":"https:\/\/veganova.eu\/es\/wp-json\/wp\/v2\/product_cat?post=3196"},{"taxonomy":"product_tag","embeddable":true,"href":"https:\/\/veganova.eu\/es\/wp-json\/wp\/v2\/product_tag?post=3196"}],"curies":[{"name":"wp","href":"https:\/\/api.w.org\/{rel}","templated":true}]}}