{"id":3396,"date":"2023-10-01T17:05:19","date_gmt":"2023-10-01T15:05:19","guid":{"rendered":"https:\/\/veganova.eu\/?post_type=product&#038;p=3396"},"modified":"2026-04-25T02:20:31","modified_gmt":"2026-04-25T00:20:31","slug":"now-foods-coq10-with-hawthorn-berry-100mg-90-kaps","status":"publish","type":"product","link":"https:\/\/veganova.eu\/es\/shop\/now-foods-coq10-with-hawthorn-berry-100mg-90-kaps\/","title":{"rendered":"NOW Foods CoQ10 con Baya de Espino, 100mg (90 c\u00e1ps.)"},"content":{"rendered":"<h3>NOW Foods CoQ10 with Hawthorn Berry<\/h3>\n<ul>\n<li>Cellular Energy Production: With Hawthorn Berry<\/li>\n<li>La coenzima Q10 (CoQ10) es un compuesto similar a las vitaminas que desempe\u00f1a un papel fundamental en la producci\u00f3n de energ\u00eda celular.<\/li>\n<li>La CoQ10 se encuentra en todo el organismo, pero est\u00e1 especialmente concentrada en el coraz\u00f3n, el h\u00edgado y los ri\u00f1ones, y se ha descubierto que su producci\u00f3n disminuye con la edad.<\/li>\n<li>La CoQ10 act\u00faa como un potente eliminador de radicales libres en las membranas celulares y en los vasos sangu\u00edneos.<\/li>\n<li>A\u00f1os de investigaci\u00f3n cient\u00edfica han demostrado que la CoQ10 ayuda a mantener sanos el coraz\u00f3n y el sistema vascular.<\/li>\n<\/ul>","protected":false},"excerpt":{"rendered":"<p>Vegan nutritional supplement NOW Foods CoQ10 with Hawthorn Berry, 100mg is suitable for a healthy heart and vascular system. The package contains: 90 capsules. Gluten-free, sugar-free, GMO-free.<\/p>","protected":false},"featured_media":53569,"comment_status":"closed","ping_status":"closed","template":"","meta":{"advanced_seo_description":"","jetpack_seo_html_title":"","jetpack_seo_noindex":false},"pwb-brand":[173],"product_brand":[4580],"product_cat":[289,2591,152],"product_tag":[1159,1167,1235,1158,1133],"class_list":{"0":"post-3396","1":"product","2":"type-product","3":"status-publish","4":"has-post-thumbnail","6":"pwb-brand-now-foods","7":"product_brand-now-foods","8":"product_cat-heart-and-blood-vessels","9":"product_cat-liver","10":"product_cat-vitamins-and-minerals","11":"product_tag-aging","12":"product_tag-blood-vessels","13":"product_tag-free-radical-scavenger","14":"product_tag-heart","15":"product_tag-wrinkles","16":"brand_woo-now-foods","18":"first","19":"instock","20":"taxable","21":"shipping-taxable","22":"purchasable","23":"product-type-simple"},"jetpack_sharing_enabled":true,"brands":[{"id":173,"name":"Alimentos NOW","slug":"now-foods"}],"_links":{"self":[{"href":"https:\/\/veganova.eu\/es\/wp-json\/wp\/v2\/product\/3396","targetHints":{"allow":["GET"]}}],"collection":[{"href":"https:\/\/veganova.eu\/es\/wp-json\/wp\/v2\/product"}],"about":[{"href":"https:\/\/veganova.eu\/es\/wp-json\/wp\/v2\/types\/product"}],"replies":[{"embeddable":true,"href":"https:\/\/veganova.eu\/es\/wp-json\/wp\/v2\/comments?post=3396"}],"version-history":[{"count":1,"href":"https:\/\/veganova.eu\/es\/wp-json\/wp\/v2\/product\/3396\/revisions"}],"predecessor-version":[{"id":57828,"href":"https:\/\/veganova.eu\/es\/wp-json\/wp\/v2\/product\/3396\/revisions\/57828"}],"wp:featuredmedia":[{"embeddable":true,"href":"https:\/\/veganova.eu\/es\/wp-json\/wp\/v2\/media\/53569"}],"wp:attachment":[{"href":"https:\/\/veganova.eu\/es\/wp-json\/wp\/v2\/media?parent=3396"}],"wp:term":[{"taxonomy":"pwb-brand","embeddable":true,"href":"https:\/\/veganova.eu\/es\/wp-json\/wp\/v2\/pwb-brand?post=3396"},{"taxonomy":"product_brand","embeddable":true,"href":"https:\/\/veganova.eu\/es\/wp-json\/wp\/v2\/product_brand?post=3396"},{"taxonomy":"product_cat","embeddable":true,"href":"https:\/\/veganova.eu\/es\/wp-json\/wp\/v2\/product_cat?post=3396"},{"taxonomy":"product_tag","embeddable":true,"href":"https:\/\/veganova.eu\/es\/wp-json\/wp\/v2\/product_tag?post=3396"}],"curies":[{"name":"wp","href":"https:\/\/api.w.org\/{rel}","templated":true}]}}