{"id":3586,"date":"2023-10-01T17:06:45","date_gmt":"2023-10-01T15:06:45","guid":{"rendered":"https:\/\/veganova.eu\/?post_type=product&#038;p=3586"},"modified":"2026-04-21T07:24:15","modified_gmt":"2026-04-21T05:24:15","slug":"now-foods-melatonin-1mg-100-tab","status":"publish","type":"product","link":"https:\/\/veganova.eu\/es\/shop\/now-foods-melatonin-1mg-100-tab\/","title":{"rendered":"NOW Foods Melatonina, 1mg (100 comp.)"},"content":{"rendered":"<h3>NOW Foods Melatonina, 1mg (100 comp.)<\/h3>\n<p>Depurador de radicales libres<br \/>\nApoyo gastrointestinal<br \/>\nLa melatonina es un potente eliminador de radicales libres producido de forma natural en la gl\u00e1ndula pineal y presente en grandes cantidades en el tracto gastrointestinal. Interviene en muchas funciones biol\u00f3gicas del organismo, el cerebro y las gl\u00e1ndulas, como la regulaci\u00f3n de los ciclos normales de sue\u00f1o y vigilia, la regulaci\u00f3n del sistema inmunitario y el mantenimiento de un revestimiento gastrointestinal sano.<\/p>","protected":false},"excerpt":{"rendered":"<p>El suplemento nutricional vegano NOW Foods Melatonin, 1mg, es ideal para combatir los radicales libres, apoyar una digesti\u00f3n sana y un ritmo de sue\u00f1o saludable. El paquete contiene: 100 comprimidos. Sin gluten, sin OGM.<\/p>","protected":false},"featured_media":53088,"comment_status":"closed","ping_status":"closed","template":"","meta":{"advanced_seo_description":"","jetpack_seo_html_title":"","jetpack_seo_noindex":false},"pwb-brand":[173],"product_brand":[4580],"product_cat":[148,143,284,152],"product_tag":[1067,1235,1364],"class_list":{"0":"post-3586","1":"product","2":"type-product","3":"status-publish","4":"has-post-thumbnail","6":"pwb-brand-now-foods","7":"product_brand-now-foods","8":"product_cat-for-sleep","9":"product_cat-health-issues","10":"product_cat-trace-elements","11":"product_cat-vitamins-and-minerals","12":"product_tag-digestion","13":"product_tag-free-radical-scavenger","14":"product_tag-sleep-health","15":"brand_woo-now-foods","17":"first","18":"instock","19":"taxable","20":"shipping-taxable","21":"purchasable","22":"product-type-simple"},"jetpack_sharing_enabled":true,"brands":[{"id":173,"name":"Alimentos NOW","slug":"now-foods"}],"_links":{"self":[{"href":"https:\/\/veganova.eu\/es\/wp-json\/wp\/v2\/product\/3586","targetHints":{"allow":["GET"]}}],"collection":[{"href":"https:\/\/veganova.eu\/es\/wp-json\/wp\/v2\/product"}],"about":[{"href":"https:\/\/veganova.eu\/es\/wp-json\/wp\/v2\/types\/product"}],"replies":[{"embeddable":true,"href":"https:\/\/veganova.eu\/es\/wp-json\/wp\/v2\/comments?post=3586"}],"version-history":[{"count":1,"href":"https:\/\/veganova.eu\/es\/wp-json\/wp\/v2\/product\/3586\/revisions"}],"predecessor-version":[{"id":57995,"href":"https:\/\/veganova.eu\/es\/wp-json\/wp\/v2\/product\/3586\/revisions\/57995"}],"wp:featuredmedia":[{"embeddable":true,"href":"https:\/\/veganova.eu\/es\/wp-json\/wp\/v2\/media\/53088"}],"wp:attachment":[{"href":"https:\/\/veganova.eu\/es\/wp-json\/wp\/v2\/media?parent=3586"}],"wp:term":[{"taxonomy":"pwb-brand","embeddable":true,"href":"https:\/\/veganova.eu\/es\/wp-json\/wp\/v2\/pwb-brand?post=3586"},{"taxonomy":"product_brand","embeddable":true,"href":"https:\/\/veganova.eu\/es\/wp-json\/wp\/v2\/product_brand?post=3586"},{"taxonomy":"product_cat","embeddable":true,"href":"https:\/\/veganova.eu\/es\/wp-json\/wp\/v2\/product_cat?post=3586"},{"taxonomy":"product_tag","embeddable":true,"href":"https:\/\/veganova.eu\/es\/wp-json\/wp\/v2\/product_tag?post=3586"}],"curies":[{"name":"wp","href":"https:\/\/api.w.org\/{rel}","templated":true}]}}