{"id":3709,"date":"2023-10-01T17:07:36","date_gmt":"2023-10-01T15:07:36","guid":{"rendered":"https:\/\/veganova.eu\/?post_type=product&#038;p=3709"},"modified":"2026-04-26T02:21:34","modified_gmt":"2026-04-26T00:21:34","slug":"now-foods-spirulina-organic-500mg-200-tab","status":"publish","type":"product","link":"https:\/\/veganova.eu\/es\/shop\/now-foods-spirulina-organic-500mg-200-tab\/","title":{"rendered":"NOW Foods Espirulina Org\u00e1nica, 500mg (200 comp.)"},"content":{"rendered":"<h3>NOW Foods Espirulina Org\u00e1nica<\/h3>\n<ul>\n<li>org\u00e1nico certificado<\/li>\n<li>sin OMG<\/li>\n<li>rico en betacaroteno (Vit. A) y B-12<\/li>\n<li>GLA y clorofila de origen natural.<\/li>\n<li>La espirulina tiene los niveles m\u00e1s altos de prote\u00ednas y betacaroteno de todos los superalimentos verdes, y tambi\u00e9n contiene GLA (\u00e1cido gamma linol\u00e9nico), un popular \u00e1cido graso con muchos beneficios para la salud.<\/li>\n<li>Adem\u00e1s, es la mayor fuente vegetal conocida de vitamina B-12 y contiene vitaminas, minerales, oligoelementos, sales celulares, amino\u00e1cidos y enzimas naturales.<\/li>\n<\/ul>","protected":false},"excerpt":{"rendered":"<p>Vegan nutritional supplement NOW Foods Spirulina Organic, 500mg, package contains: 200 tablets. Gluten-free, sugar-free, GMO-free. From the ecological economy.<\/p>","protected":false},"featured_media":51725,"comment_status":"closed","ping_status":"closed","template":"","meta":{"advanced_seo_description":"","jetpack_seo_html_title":"","jetpack_seo_noindex":false},"pwb-brand":[173],"product_brand":[4580],"product_cat":[2592,149],"product_tag":[1037,1067,860,1320,1394,1117],"class_list":{"0":"post-3709","1":"product","2":"type-product","3":"status-publish","4":"has-post-thumbnail","6":"pwb-brand-now-foods","7":"product_brand-now-foods","8":"product_cat-detox","9":"product_cat-superfoods","10":"product_tag-detox","11":"product_tag-digestion","12":"product_tag-energy","13":"product_tag-green-foods","14":"product_tag-healthy-blood","15":"product_tag-immunity","16":"brand_woo-now-foods","18":"first","19":"instock","20":"taxable","21":"shipping-taxable","22":"purchasable","23":"product-type-simple"},"jetpack_sharing_enabled":true,"brands":[{"id":173,"name":"Alimentos NOW","slug":"now-foods"}],"_links":{"self":[{"href":"https:\/\/veganova.eu\/es\/wp-json\/wp\/v2\/product\/3709","targetHints":{"allow":["GET"]}}],"collection":[{"href":"https:\/\/veganova.eu\/es\/wp-json\/wp\/v2\/product"}],"about":[{"href":"https:\/\/veganova.eu\/es\/wp-json\/wp\/v2\/types\/product"}],"replies":[{"embeddable":true,"href":"https:\/\/veganova.eu\/es\/wp-json\/wp\/v2\/comments?post=3709"}],"version-history":[{"count":1,"href":"https:\/\/veganova.eu\/es\/wp-json\/wp\/v2\/product\/3709\/revisions"}],"predecessor-version":[{"id":58098,"href":"https:\/\/veganova.eu\/es\/wp-json\/wp\/v2\/product\/3709\/revisions\/58098"}],"wp:featuredmedia":[{"embeddable":true,"href":"https:\/\/veganova.eu\/es\/wp-json\/wp\/v2\/media\/51725"}],"wp:attachment":[{"href":"https:\/\/veganova.eu\/es\/wp-json\/wp\/v2\/media?parent=3709"}],"wp:term":[{"taxonomy":"pwb-brand","embeddable":true,"href":"https:\/\/veganova.eu\/es\/wp-json\/wp\/v2\/pwb-brand?post=3709"},{"taxonomy":"product_brand","embeddable":true,"href":"https:\/\/veganova.eu\/es\/wp-json\/wp\/v2\/product_brand?post=3709"},{"taxonomy":"product_cat","embeddable":true,"href":"https:\/\/veganova.eu\/es\/wp-json\/wp\/v2\/product_cat?post=3709"},{"taxonomy":"product_tag","embeddable":true,"href":"https:\/\/veganova.eu\/es\/wp-json\/wp\/v2\/product_tag?post=3709"}],"curies":[{"name":"wp","href":"https:\/\/api.w.org\/{rel}","templated":true}]}}