{"id":3812,"date":"2023-10-01T17:08:25","date_gmt":"2023-10-01T15:08:25","guid":{"rendered":"https:\/\/veganova.eu\/?post_type=product&#038;p=3812"},"modified":"2026-04-21T07:24:30","modified_gmt":"2026-04-21T05:24:30","slug":"revive-daily-greens-180-kaps","status":"publish","type":"product","link":"https:\/\/veganova.eu\/es\/shop\/revive-daily-greens-180-kaps\/","title":{"rendered":"Revive Daily Greens (180 c\u00e1ps.)"},"content":{"rendered":"<h3>Revive Daily Greens<\/h3>\n<ul>\n<li>La f\u00f3rmula Daily Greens aporta una serie de nutrientes beneficiosos procedentes de bayas, frutas y verduras para contribuir a una dieta sana y equilibrada.<\/li>\n<li>Cada c\u00e1psula contiene una mezcla de \"superalimentos\" ricos en antioxidantes y potentes nutrientes vegetales que ayudan a reducir la inflamaci\u00f3n y aumentar los niveles de energ\u00eda.<\/li>\n<li>Esta f\u00f3rmula completa contribuye a la actividad antioxidante y puede ayudar a proteger el organismo del estr\u00e9s celular.<\/li>\n<li>Daily Greens fue creado para personas con una dieta baja en frutas y verduras. En otras palabras, si su ingesta diaria de frutas y verduras es inferior a la cantidad recomendada, entonces este suplemento es para usted.<\/li>\n<li>El uso diario de esta composici\u00f3n natural puede ayudar a mejorar la actividad antioxidante, apoyar los procesos naturales de desintoxicaci\u00f3n y tambi\u00e9n sirve como una mezcla de alta ORAC (capacidad de absorci\u00f3n de radicales de ox\u00edgeno).<\/li>\n<li>Las c\u00e1psulas de Daily Greens no contienen gluten ni productos l\u00e1cteos.<\/li>\n<\/ul>","protected":false},"excerpt":{"rendered":"<p>Vegan nutritional supplement Revive Daily Greens is suitable for maximum use and absorption of healthy substances from fruits and vegetables. It has antioxidant and anti-inflammatory effects. The package contains: 180 capsules. Gluten-free.<\/p>","protected":false},"featured_media":53419,"comment_status":"closed","ping_status":"closed","template":"","meta":{"advanced_seo_description":"","jetpack_seo_html_title":"","jetpack_seo_noindex":false},"pwb-brand":[406],"product_brand":[4719],"product_cat":[149],"product_tag":[1414,1037,1067,1117,1380,1153],"class_list":{"0":"post-3812","1":"product","2":"type-product","3":"status-publish","4":"has-post-thumbnail","6":"pwb-brand-revive","7":"product_brand-revive","8":"product_cat-superfoods","9":"product_tag-antioxidants","10":"product_tag-detox","11":"product_tag-digestion","12":"product_tag-immunity","13":"product_tag-oxidative-stress","14":"product_tag-vessels","15":"brand_woo-revive","17":"first","18":"instock","19":"sale","20":"taxable","21":"shipping-taxable","22":"purchasable","23":"product-type-simple"},"jetpack_sharing_enabled":true,"brands":[{"id":406,"name":"Reviva","slug":"revive"}],"_links":{"self":[{"href":"https:\/\/veganova.eu\/es\/wp-json\/wp\/v2\/product\/3812","targetHints":{"allow":["GET"]}}],"collection":[{"href":"https:\/\/veganova.eu\/es\/wp-json\/wp\/v2\/product"}],"about":[{"href":"https:\/\/veganova.eu\/es\/wp-json\/wp\/v2\/types\/product"}],"replies":[{"embeddable":true,"href":"https:\/\/veganova.eu\/es\/wp-json\/wp\/v2\/comments?post=3812"}],"version-history":[{"count":1,"href":"https:\/\/veganova.eu\/es\/wp-json\/wp\/v2\/product\/3812\/revisions"}],"predecessor-version":[{"id":58185,"href":"https:\/\/veganova.eu\/es\/wp-json\/wp\/v2\/product\/3812\/revisions\/58185"}],"wp:featuredmedia":[{"embeddable":true,"href":"https:\/\/veganova.eu\/es\/wp-json\/wp\/v2\/media\/53419"}],"wp:attachment":[{"href":"https:\/\/veganova.eu\/es\/wp-json\/wp\/v2\/media?parent=3812"}],"wp:term":[{"taxonomy":"pwb-brand","embeddable":true,"href":"https:\/\/veganova.eu\/es\/wp-json\/wp\/v2\/pwb-brand?post=3812"},{"taxonomy":"product_brand","embeddable":true,"href":"https:\/\/veganova.eu\/es\/wp-json\/wp\/v2\/product_brand?post=3812"},{"taxonomy":"product_cat","embeddable":true,"href":"https:\/\/veganova.eu\/es\/wp-json\/wp\/v2\/product_cat?post=3812"},{"taxonomy":"product_tag","embeddable":true,"href":"https:\/\/veganova.eu\/es\/wp-json\/wp\/v2\/product_tag?post=3812"}],"curies":[{"name":"wp","href":"https:\/\/api.w.org\/{rel}","templated":true}]}}