{"id":47773,"date":"2024-09-15T12:28:44","date_gmt":"2024-09-15T10:28:44","guid":{"rendered":"https:\/\/veganova.eu\/?post_type=product&#038;p=47773"},"modified":"2026-04-21T07:25:55","modified_gmt":"2026-04-21T05:25:55","slug":"trained-by-jp-cream-of-rice-cherry-bakewell-2000g","status":"publish","type":"product","link":"https:\/\/veganova.eu\/es\/shop\/trained-by-jp-cream-of-rice-cherry-bakewell-2000g\/","title":{"rendered":"Trained by JP Crema de Arroz, Cereza Bakewell - 2000g"},"content":{"rendered":"<h3>Trained by JP Crema de Arroz, Cereza Bakewell - 2000g<\/h3>\n<p>\u00bfPor qu\u00e9 crema de arroz?<\/p>\n<p>Durante la preparaci\u00f3n, la temporada baja o cualquier fase de entrenamiento, comer cosas sabrosas con sabor, en lugar de arroz m\u00e1s aburrido, puede ayudarte a mantener el rumbo de tu dieta, ya que a menudo te parecer\u00e1 un capricho, pero es perfectamente f\u00e1cil de encajar dentro de tus necesidades de carbohidratos para el d\u00eda.<\/p>\n<p>Durante una temporada baja, cuando la comida puede ser m\u00e1s alta, la digesti\u00f3n a menudo puede ser un poco m\u00e1s dif\u00edcil, y en esta fase, tener una variedad de sabores que siempre se digieren perfectamente , le permitir\u00e1 mantener su apetito y el progreso hacia adelante<\/p>\n<p>JP se centra mucho en la digesti\u00f3n, ya que alcanza pesos corporales e ingestas de calor\u00edas enormes, por lo que todo lo que hacemos es probado y comprobado por \u00e9l, para garantizar que no haya demasiado edulcorante, que los aromas no sean demasiado fuertes... todas las cosas que son importantes cuando se vive y se respira realmente el culturismo.<\/p>\n<p>El COR de 2 kg est\u00e1 disponible en 13 deliciosos sabores para que sus papilas gustativas queden satisfechas.<\/p>\n<p>Hidratos de carbono de acci\u00f3n r\u00e1pida<\/p>\n<pre><code>Incredible Taste\nEasy to Mix\nPerfectly Digested\n2KG is 80x 25g servings \n<\/code><\/pre>","protected":false},"excerpt":{"rendered":"<p>Power fitness breakfast Trained by JP Cream of Rice, flavor: Cherry Bakewell. Content: 2000g. Certification: vegan, vegetarian, gluten free.<\/p>","protected":false},"featured_media":47367,"comment_status":"closed","ping_status":"closed","template":"","meta":{"advanced_seo_description":"","jetpack_seo_html_title":"","jetpack_seo_noindex":false},"pwb-brand":[2217],"product_brand":[4954],"product_cat":[225,132],"product_tag":[],"class_list":{"0":"post-47773","1":"product","2":"type-product","3":"status-publish","4":"has-post-thumbnail","6":"pwb-brand-trained-by-jp","7":"product_brand-trained-by-jp","8":"product_cat-carbohydrates","9":"product_cat-sports-nutrition","10":"brand_woo-trained-by-jp","12":"first","13":"instock","14":"taxable","15":"shipping-taxable","16":"purchasable","17":"product-type-simple"},"jetpack_sharing_enabled":true,"brands":[{"id":2217,"name":"Formado por JP","slug":"trained-by-jp"}],"_links":{"self":[{"href":"https:\/\/veganova.eu\/es\/wp-json\/wp\/v2\/product\/47773","targetHints":{"allow":["GET"]}}],"collection":[{"href":"https:\/\/veganova.eu\/es\/wp-json\/wp\/v2\/product"}],"about":[{"href":"https:\/\/veganova.eu\/es\/wp-json\/wp\/v2\/types\/product"}],"replies":[{"embeddable":true,"href":"https:\/\/veganova.eu\/es\/wp-json\/wp\/v2\/comments?post=47773"}],"version-history":[{"count":1,"href":"https:\/\/veganova.eu\/es\/wp-json\/wp\/v2\/product\/47773\/revisions"}],"predecessor-version":[{"id":59223,"href":"https:\/\/veganova.eu\/es\/wp-json\/wp\/v2\/product\/47773\/revisions\/59223"}],"wp:featuredmedia":[{"embeddable":true,"href":"https:\/\/veganova.eu\/es\/wp-json\/wp\/v2\/media\/47367"}],"wp:attachment":[{"href":"https:\/\/veganova.eu\/es\/wp-json\/wp\/v2\/media?parent=47773"}],"wp:term":[{"taxonomy":"pwb-brand","embeddable":true,"href":"https:\/\/veganova.eu\/es\/wp-json\/wp\/v2\/pwb-brand?post=47773"},{"taxonomy":"product_brand","embeddable":true,"href":"https:\/\/veganova.eu\/es\/wp-json\/wp\/v2\/product_brand?post=47773"},{"taxonomy":"product_cat","embeddable":true,"href":"https:\/\/veganova.eu\/es\/wp-json\/wp\/v2\/product_cat?post=47773"},{"taxonomy":"product_tag","embeddable":true,"href":"https:\/\/veganova.eu\/es\/wp-json\/wp\/v2\/product_tag?post=47773"}],"curies":[{"name":"wp","href":"https:\/\/api.w.org\/{rel}","templated":true}]}}