{"id":47861,"date":"2024-09-15T12:30:12","date_gmt":"2024-09-15T10:30:12","guid":{"rendered":"https:\/\/veganova.eu\/?post_type=product&#038;p=47861"},"modified":"2026-04-21T07:25:58","modified_gmt":"2026-04-21T05:25:58","slug":"trained-by-jp-digest-pharma-pro-60-caps","status":"publish","type":"product","link":"https:\/\/veganova.eu\/es\/shop\/trained-by-jp-digest-pharma-pro-60-caps\/","title":{"rendered":"Entrenado por JP Digest Pharma Pro - 60 c\u00e1ps."},"content":{"rendered":"<h3>Entrenado por JP Digest Pharma Pro - 60 c\u00e1ps.<\/h3>\n<p>Digest Pharma Pro es nuestra enzima digestiva de grado farmac\u00e9utico.<\/p>\n<p>Hemos incluido enzimas para ayudar a descomponer las prote\u00ednas, los carbohidratos y las grasas. Incluir las tres es esencial. Hemos optado espec\u00edficamente por utilizar las enzimas de mayor calidad disponibles en forma del complejo Biocore.<\/p>\n<p>Nos tomamos muy en serio la salud intestinal, ya que la recuperaci\u00f3n tras un duro entrenamiento depende de nuestra capacidad para aprovechar los alimentos y los suplementos que consumimos.<\/p>\n<p>Para optimizar la salud intestinal, puede tomar Digest Pharma Pro junto con 2 \u00f3 3 comidas al d\u00eda. \u00c9stas suelen ser la primera comida, la comida posterior al entrenamiento y la \u00faltima comida del d\u00eda.<\/p>","protected":false},"excerpt":{"rendered":"<p>Formado por JP Digest Pharma Pro favorece una digesti\u00f3n saludable. Contenido: 60 c\u00e1psulas vegetarianas. Certificaci\u00f3n: vegano, vegetariano.<\/p>","protected":false},"featured_media":52087,"comment_status":"closed","ping_status":"closed","template":"","meta":{"advanced_seo_description":"","jetpack_seo_html_title":"","jetpack_seo_noindex":false},"pwb-brand":[2217],"product_brand":[4954],"product_cat":[596,143],"product_tag":[],"class_list":{"0":"post-47861","1":"product","2":"type-product","3":"status-publish","4":"has-post-thumbnail","6":"pwb-brand-trained-by-jp","7":"product_brand-trained-by-jp","8":"product_cat-digestion","9":"product_cat-health-issues","10":"brand_woo-trained-by-jp","12":"first","13":"outofstock","14":"taxable","15":"shipping-taxable","16":"purchasable","17":"product-type-simple"},"jetpack_sharing_enabled":true,"brands":[{"id":2217,"name":"Formado por JP","slug":"trained-by-jp"}],"_links":{"self":[{"href":"https:\/\/veganova.eu\/es\/wp-json\/wp\/v2\/product\/47861","targetHints":{"allow":["GET"]}}],"collection":[{"href":"https:\/\/veganova.eu\/es\/wp-json\/wp\/v2\/product"}],"about":[{"href":"https:\/\/veganova.eu\/es\/wp-json\/wp\/v2\/types\/product"}],"replies":[{"embeddable":true,"href":"https:\/\/veganova.eu\/es\/wp-json\/wp\/v2\/comments?post=47861"}],"version-history":[{"count":1,"href":"https:\/\/veganova.eu\/es\/wp-json\/wp\/v2\/product\/47861\/revisions"}],"predecessor-version":[{"id":59264,"href":"https:\/\/veganova.eu\/es\/wp-json\/wp\/v2\/product\/47861\/revisions\/59264"}],"wp:featuredmedia":[{"embeddable":true,"href":"https:\/\/veganova.eu\/es\/wp-json\/wp\/v2\/media\/52087"}],"wp:attachment":[{"href":"https:\/\/veganova.eu\/es\/wp-json\/wp\/v2\/media?parent=47861"}],"wp:term":[{"taxonomy":"pwb-brand","embeddable":true,"href":"https:\/\/veganova.eu\/es\/wp-json\/wp\/v2\/pwb-brand?post=47861"},{"taxonomy":"product_brand","embeddable":true,"href":"https:\/\/veganova.eu\/es\/wp-json\/wp\/v2\/product_brand?post=47861"},{"taxonomy":"product_cat","embeddable":true,"href":"https:\/\/veganova.eu\/es\/wp-json\/wp\/v2\/product_cat?post=47861"},{"taxonomy":"product_tag","embeddable":true,"href":"https:\/\/veganova.eu\/es\/wp-json\/wp\/v2\/product_tag?post=47861"}],"curies":[{"name":"wp","href":"https:\/\/api.w.org\/{rel}","templated":true}]}}